{"id":2551,"date":"2023-06-09T16:09:51","date_gmt":"2023-06-09T16:09:51","guid":{"rendered":"https:\/\/play-book-slots.com\/terms-conditions\/"},"modified":"2024-11-14T10:38:50","modified_gmt":"2024-11-14T10:38:50","slug":"terminos-y-condiciones","status":"publish","type":"page","link":"https:\/\/www.play-book-slots.com\/es\/terminos-y-condiciones\/","title":{"rendered":"T\u00e9rminos y condiciones"},"content":{"rendered":"\t\t<div data-elementor-type=\"wp-page\" data-elementor-id=\"2551\" class=\"elementor elementor-2551 elementor-134\" data-elementor-post-type=\"page\">\n\t\t\t\t\t\t<section class=\"elementor-section elementor-top-section elementor-element elementor-element-da635c5 elementor-section-boxed elementor-section-height-default elementor-section-height-default\" data-id=\"da635c5\" data-element_type=\"section\" data-e-type=\"section\">\n\t\t\t\t\t\t<div class=\"elementor-container elementor-column-gap-default\">\n\t\t\t\t\t<div class=\"elementor-column elementor-col-100 elementor-top-column elementor-element elementor-element-48c267e\" data-id=\"48c267e\" data-element_type=\"column\" data-e-type=\"column\">\n\t\t\t<div class=\"elementor-widget-wrap elementor-element-populated\">\n\t\t\t\t\t\t<div class=\"elementor-element elementor-element-27c588b elementor-widget elementor-widget-text-editor\" data-id=\"27c588b\" data-element_type=\"widget\" data-e-type=\"widget\" data-widget_type=\"text-editor.default\">\n\t\t\t\t<div class=\"elementor-widget-container\">\n\t\t\t\t\t\t\t\t\t<p>\u00a0<\/p><h1>T\u00c9RMINOS Y CONDICIONES<\/h1><p style=\"font-style: italic;\">\u00daltima actualizaci\u00f3n: 17 de marzo de 2023<\/p><p>Lea atentamente estas condiciones antes de utilizar nuestro Servicio.<\/p><h2>INTERPRETACI\u00d3N Y DEFINICIONES<\/h2><h3>INTERPRETACI\u00d3N<\/h3><p>Las palabras cuya inicial aparece en may\u00fascula tienen los significados que se definen a continuaci\u00f3n. Las siguientes definiciones tendr\u00e1n el mismo significado independientemente de que aparezcan en singular o en plural.<\/p><h3>DEFINICIONES<\/h3><p>A efectos de las presentes Condiciones Generales:<\/p><ul><li><strong>Afiliado<\/strong> significa una entidad que controla, es controlada por o est\u00e1 bajo control com\u00fan con una parte, donde \u00abcontrol\u00bb significa la propiedad del 50% o m\u00e1s de las acciones, participaciones u otros valores con derecho a voto para la elecci\u00f3n de directores u otra autoridad de gesti\u00f3n.<\/li><li><strong>Pa\u00eds<\/strong> se refiere a: Espa\u00f1a<\/li><li><strong>Empresa<\/strong> (denominado \u00abla Empresa\u00bb, \u00abNosotros\u00bb, \u00abNos\u00bb o \u00abNuestro\u00bb en el presente Acuerdo) se refiere a Play-book-slots.com.<\/li><li><strong>Dispositivo<\/strong> significa cualquier aparato que pueda acceder al Servicio, como un ordenador, un tel\u00e9fono m\u00f3vil o una tableta digital.<\/li><li><strong>Servicio<\/strong> se refiere al sitio web.<\/li><li><strong>T\u00e9rminos y condiciones<\/strong> (tambi\u00e9n denominadas \u00abCondiciones\u00bb) se refieren a estos T\u00e9rminos y Condiciones que constituyen el acuerdo completo entre Usted y la Empresa en relaci\u00f3n con el uso del Servicio. Este acuerdo de T\u00e9rminos y Condiciones ha sido creado con la ayuda del <a href=\"https:\/\/www.termsfeed.com\/terms-conditions-generator\/\" target=\"_blank\" rel=\"external nofollow noopener\">Generador de t\u00e9rminos y condiciones de TermsFeed<\/a>.<\/li><li><strong>Servicio de redes sociales de terceros<\/strong> significa cualquier servicio o contenido (incluidos datos, informaci\u00f3n, productos o servicios) proporcionado por un tercero que pueda mostrarse, incluirse o ponerse a disposici\u00f3n a trav\u00e9s del Servicio.<\/li><li><strong>Sitio web<\/strong> se refiere a Play-book-slots.com, accesible desde <a href=\"https:\/\/www.play-book-slots.com\/\" target=\"_blank\" rel=\"noopener\">https:\/\/www.play-book-slots.com\/<\/a><\/li><li><strong>Usted<\/strong> es la persona f\u00edsica que accede o utiliza el Servicio, o la empresa u otra entidad jur\u00eddica en nombre de la cual dicha persona f\u00edsica accede o utiliza el Servicio, seg\u00fan proceda.<\/li><\/ul><h2>CONFORMIDAD<\/h2><p>Su acceso y uso del Servicio est\u00e1n condicionados a su aceptaci\u00f3n y cumplimiento de estos T\u00e9rminos y Condiciones. Estos T\u00e9rminos y Condiciones se aplican a todos los visitantes, usuarios y otras personas que accedan o utilicen el Servicio.<\/p><p>Al acceder o utilizar el Servicio, Usted acepta quedar vinculado por estos T\u00e9rminos y Condiciones. Si no est\u00e1 de acuerdo con alguna parte de estas Condiciones, no podr\u00e1 acceder al Servicio.<\/p><p>Usted declara que es mayor de 18 a\u00f1os. La Empresa no permite que los menores de 18 a\u00f1os utilicen el Servicio.<\/p><p>Su acceso y uso del Servicio tambi\u00e9n est\u00e1n condicionados a su aceptaci\u00f3n y cumplimiento de la Pol\u00edtica de Privacidad de la Empresa. Nuestra Pol\u00edtica de Privacidad describe Nuestras pol\u00edticas y procedimientos sobre la recopilaci\u00f3n, uso y divulgaci\u00f3n de Su informaci\u00f3n personal cuando Usted utiliza la Aplicaci\u00f3n o el Sitio Web y le informa sobre Sus derechos de privacidad y c\u00f3mo le protege la ley. Lea atentamente nuestra Pol\u00edtica de Privacidad antes de utilizar nuestro Servicio.<\/p><h3>ENLACES A OTROS SITIOS WEB<\/h3><p>Nuestro Servicio puede contener enlaces a sitios web o servicios de terceros que no son propiedad ni est\u00e1n controlados por la Empresa.<\/p><p>\u00a0<\/p><p>La Empresa no tiene control alguno sobre el contenido, las pol\u00edticas de privacidad o las pr\u00e1cticas de los sitios web o servicios de terceros, ni asume responsabilidad alguna por los mismos.<\/p><p>Adem\u00e1s, usted reconoce y acepta que la Empresa no ser\u00e1 responsable, directa o indirectamente, de ning\u00fan da\u00f1o o p\u00e9rdida causado o supuestamente causado por o en conexi\u00f3n con el uso o la confianza en cualquier contenido, bienes o servicios disponibles en o a trav\u00e9s de cualquiera de dichos sitios web o servicios.<\/p><p>Le recomendamos encarecidamente que lea los t\u00e9rminos y condiciones y las pol\u00edticas de privacidad de los sitios web o servicios de terceros que visite.<\/p><h3>TERMINACI\u00d3N<\/h3><p>Podemos terminar o suspender su acceso inmediatamente, sin previo aviso ni responsabilidad, por cualquier motivo, incluyendo, sin limitaci\u00f3n, si Usted incumple estos T\u00e9rminos y Condiciones.<\/p><p>En caso de terminaci\u00f3n, Su derecho a utilizar el Servicio cesar\u00e1 inmediatamente.<\/p><h2>LIMITACI\u00d3N DE RESPONSABILIDAD<\/h2><p>Sin perjuicio de los da\u00f1os en que Usted pueda incurrir, toda la responsabilidad de la Empresa y de cualquiera de sus proveedores en virtud de cualquier disposici\u00f3n de las presentes Condiciones y su recurso exclusivo para todo lo anterior se limitar\u00e1 al importe efectivamente pagado por Usted a trav\u00e9s del Servicio o a 100 USD si Usted no ha comprado nada a trav\u00e9s del Servicio.<\/p><p>En la medida m\u00e1xima permitida por la ley aplicable, en ning\u00fan caso la Empresa o sus proveedores ser\u00e1n responsables de ning\u00fan da\u00f1o especial, incidental, indirecto o consecuente (incluyendo, pero no limitado a, da\u00f1os por p\u00e9rdida de beneficios, p\u00e9rdida de datos u otra informaci\u00f3n, por interrupci\u00f3n del negocio, por da\u00f1os personales, p\u00e9rdida de privacidad que se deriven o est\u00e9n relacionados de alg\u00fan modo con el uso o la imposibilidad de uso del Servicio, software de terceros y\/o hardware de terceros utilizado con el Servicio, o en relaci\u00f3n con cualquier disposici\u00f3n de estas Condiciones), incluso si la Empresa o cualquier proveedor ha sido advertido de la posibilidad de tales da\u00f1os e incluso si el remedio no cumple su prop\u00f3sito esencial.<\/p><p>Algunos estados no permiten la exclusi\u00f3n de garant\u00edas impl\u00edcitas o la limitaci\u00f3n de responsabilidad por da\u00f1os incidentales o consecuentes, lo que significa que algunas de las limitaciones anteriores pueden no ser aplicables. En estos estados, la responsabilidad de cada una de las partes se limitar\u00e1 en la mayor medida permitida por la ley.<\/p><h2>\u00abCL\u00c1USULA DE EXENCI\u00d3N DE RESPONSABILIDAD \u00abTAL CUAL\u00bb Y \u00abSEG\u00daN DISPONIBILIDAD<\/h2><p>El Servicio se le proporciona \u00abTAL CUAL\u00bb y \u00abSEG\u00daN DISPONIBILIDAD\u00bb y con todos los fallos y defectos sin garant\u00eda de ning\u00fan tipo. En la m\u00e1xima medida permitida por la legislaci\u00f3n aplicable, la Empresa, en su propio nombre y en nombre de sus Afiliadas y sus respectivos licenciantes y proveedores de servicios, renuncia expresamente a todas las garant\u00edas, ya sean expresas, impl\u00edcitas, legales o de otro tipo, con respecto al Servicio, incluidas todas las garant\u00edas impl\u00edcitas de comerciabilidad, idoneidad para un fin determinado, titularidad y no infracci\u00f3n, y las garant\u00edas que puedan derivarse del curso de las negociaciones, el curso del rendimiento, el uso o la pr\u00e1ctica comercial.<\/p><p>Sin perjuicio de lo anterior, la Empresa no ofrece ninguna garant\u00eda ni se compromete a que el Servicio satisfaga sus necesidades, logre los resultados previstos, sea compatible o funcione con cualquier otro software, aplicaci\u00f3n, sistema o servicio, funcione sin interrupciones, cumpla las normas de rendimiento o fiabilidad, est\u00e9 libre de errores o que cualquier error o defecto pueda ser o vaya a ser corregido.<\/p><p>Sin perjuicio de lo anterior, ni la Empresa ni ninguno de los proveedores de la Empresa ofrecen declaraci\u00f3n o garant\u00eda alguna, expresa o impl\u00edcita (i) en cuanto al funcionamiento o disponibilidad del Servicio, o la informaci\u00f3n, contenido y materiales o productos incluidos en el mismo; (ii) que el Servicio ser\u00e1 ininterrumpido o libre de errores; (iii) en cuanto a la exactitud, fiabilidad o actualidad de cualquier informaci\u00f3n o contenido proporcionado a trav\u00e9s del Servicio; o (iv) que el Servicio, sus servidores, el contenido o los correos electr\u00f3nicos enviados desde o en nombre de la Compa\u00f1\u00eda est\u00e1n libres de virus, scripts, troyanos, gusanos, malware, bombas de tiempo u otros componentes da\u00f1inos.<\/p><p>Algunas jurisdicciones no permiten la exclusi\u00f3n de ciertos tipos de garant\u00edas o limitaciones de los derechos legales aplicables de un consumidor, por lo que algunas o todas las exclusiones y limitaciones anteriores pueden no ser aplicables en su caso. Pero en tal caso, las exclusiones y limitaciones establecidas en esta secci\u00f3n se aplicar\u00e1n en la mayor medida que permita la legislaci\u00f3n aplicable.<\/p><h3>LEGISLACI\u00d3N APLICABLE<\/h3><p>Las presentes Condiciones y el uso que Usted haga del Servicio se regir\u00e1n por la legislaci\u00f3n del Pa\u00eds, con exclusi\u00f3n de sus normas sobre conflictos de leyes. Su uso de la Aplicaci\u00f3n tambi\u00e9n puede estar sujeto a otras leyes locales, estatales, nacionales o internacionales.<\/p><h3>RESOLUCI\u00d3N DE CONFLICTOS<\/h3><p>Si Usted tiene alguna preocupaci\u00f3n o disputa sobre el Servicio, Usted acepta primero intentar resolver la disputa informalmente poni\u00e9ndose en contacto con la Empresa.<\/p><h3>PARA USUARIOS DE LA UNI\u00d3N EUROPEA (UE)<\/h3><p>Si Usted es un consumidor de la Uni\u00f3n Europea, se beneficiar\u00e1 de las disposiciones obligatorias de la legislaci\u00f3n del pa\u00eds en el que resida.<\/p><h2>SEPARABILIDAD Y RENUNCIA<\/h2><h3>SEPARABILIDAD<\/h3><p>Si alguna disposici\u00f3n de estas Condiciones se considera inaplicable o inv\u00e1lida, dicha disposici\u00f3n se modificar\u00e1 e interpretar\u00e1 para cumplir los objetivos de dicha disposici\u00f3n en la mayor medida posible seg\u00fan la legislaci\u00f3n aplicable y las disposiciones restantes continuar\u00e1n en pleno vigor y efecto.<\/p><h3>RENUNCIA<\/h3><p>Salvo lo dispuesto en el presente documento, el hecho de no ejercer un derecho o de no exigir el cumplimiento de una obligaci\u00f3n en virtud de las presentes Condiciones no afectar\u00e1 a la capacidad de una parte para ejercer dicho derecho o exigir dicho cumplimiento en cualquier momento posterior, ni la renuncia a un incumplimiento constituir\u00e1 una renuncia a cualquier incumplimiento posterior.<\/p><h3>INTERPRETACI\u00d3N DE TRADUCCI\u00d3N<\/h3><p>Estas Condiciones Generales pueden haber sido traducidas si las hemos puesto a su disposici\u00f3n en nuestro Servicio. Usted acepta que el texto original en ingl\u00e9s prevalecer\u00e1 en caso de litigio.<\/p><h2>MODIFICACIONES DE LAS PRESENTES CONDICIONES GENERALES<\/h2><p>Nos reservamos el derecho, a nuestra entera discreci\u00f3n, de modificar o sustituir estas Condiciones en cualquier momento. Si una revisi\u00f3n es sustancial, haremos todo lo razonablemente posible para notificarlo con al menos 30 d\u00edas de antelaci\u00f3n a la entrada en vigor de los nuevos t\u00e9rminos. Lo que constituye un cambio material ser\u00e1 determinado a nuestra entera discreci\u00f3n.<\/p><p>Al continuar accediendo o utilizando Nuestro Servicio despu\u00e9s de que dichas revisiones entren en vigor, Usted acepta quedar vinculado por los t\u00e9rminos revisados. Si no est\u00e1 de acuerdo con las nuevas condiciones, en su totalidad o en parte, deje de utilizar el sitio web y el Servicio.<\/p><h3>CONT\u00c1CTENOS<\/h3><p>Si tiene alguna pregunta sobre estas Condiciones, puede ponerse en contacto con nosotros: por correo electr\u00f3nico:<br \/><span style=\"font-weight: bold;\">info@play-book-slots.com<\/span><\/p>\t\t\t\t\t\t\t\t<\/div>\n\t\t\t\t<\/div>\n\t\t\t\t\t<\/div>\n\t\t<\/div>\n\t\t\t\t\t<\/div>\n\t\t<\/section>\n\t\t\t\t<section class=\"elementor-section elementor-top-section elementor-element elementor-element-f8a81d7 elementor-section-boxed elementor-section-height-default elementor-section-height-default\" data-id=\"f8a81d7\" data-element_type=\"section\" data-e-type=\"section\">\n\t\t\t\t\t\t<div class=\"elementor-container elementor-column-gap-default\">\n\t\t\t\t\t<div class=\"elementor-column elementor-col-100 elementor-top-column elementor-element elementor-element-ef3fde5\" data-id=\"ef3fde5\" data-element_type=\"column\" data-e-type=\"column\">\n\t\t\t<div class=\"elementor-widget-wrap elementor-element-populated\">\n\t\t\t\t\t\t<div class=\"elementor-element elementor-element-491febd elementor-widget-divider--view-line elementor-widget elementor-widget-divider\" data-id=\"491febd\" data-element_type=\"widget\" data-e-type=\"widget\" data-widget_type=\"divider.default\">\n\t\t\t\t<div class=\"elementor-widget-container\">\n\t\t\t\t\t\t\t<div class=\"elementor-divider\">\n\t\t\t<span class=\"elementor-divider-separator\">\n\t\t\t\t\t\t<\/span>\n\t\t<\/div>\n\t\t\t\t\t\t<\/div>\n\t\t\t\t<\/div>\n\t\t\t\t\t<\/div>\n\t\t<\/div>\n\t\t\t\t\t<\/div>\n\t\t<\/section>\n\t\t\t\t<section class=\"elementor-section elementor-top-section elementor-element elementor-element-2d22b68 elementor-section-boxed elementor-section-height-default elementor-section-height-default\" data-id=\"2d22b68\" data-element_type=\"section\" data-e-type=\"section\">\n\t\t\t\t\t\t<div class=\"elementor-container elementor-column-gap-default\">\n\t\t\t\t\t<div class=\"elementor-column elementor-col-100 elementor-top-column elementor-element elementor-element-c5b17f7\" data-id=\"c5b17f7\" data-element_type=\"column\" data-e-type=\"column\">\n\t\t\t<div class=\"elementor-widget-wrap elementor-element-populated\">\n\t\t\t\t\t\t<div class=\"elementor-element elementor-element-7aa4439 elementor-widget elementor-widget-heading\" data-id=\"7aa4439\" data-element_type=\"widget\" data-e-type=\"widget\" data-widget_type=\"heading.default\">\n\t\t\t\t<div class=\"elementor-widget-container\">\n\t\t\t\t\t<h2 class=\"elementor-heading-title elementor-size-default\">Juegos de casino gratis\n<\/h2>\t\t\t\t<\/div>\n\t\t\t\t<\/div>\n\t\t\t\t\t<\/div>\n\t\t<\/div>\n\t\t\t\t\t<\/div>\n\t\t<\/section>\n\t\t\t\t<section class=\"elementor-section elementor-top-section elementor-element elementor-element-53da533 elementor-section-boxed elementor-section-height-default elementor-section-height-default\" data-id=\"53da533\" data-element_type=\"section\" data-e-type=\"section\">\n\t\t\t\t\t\t<div class=\"elementor-container elementor-column-gap-default\">\n\t\t\t\t\t<div class=\"elementor-column elementor-col-100 elementor-top-column elementor-element elementor-element-91903ed\" data-id=\"91903ed\" data-element_type=\"column\" data-e-type=\"column\">\n\t\t\t<div class=\"elementor-widget-wrap elementor-element-populated\">\n\t\t\t\t\t\t<section class=\"elementor-section elementor-inner-section elementor-element elementor-element-39d2160 top5 elementor-section-boxed elementor-section-height-default elementor-section-height-default\" data-id=\"39d2160\" data-element_type=\"section\" data-e-type=\"section\">\n\t\t\t\t\t\t<div class=\"elementor-container elementor-column-gap-default\">\n\t\t\t\t\t<div class=\"elementor-column elementor-col-20 elementor-inner-column elementor-element elementor-element-d579c55\" data-id=\"d579c55\" data-element_type=\"column\" data-e-type=\"column\">\n\t\t\t<div class=\"elementor-widget-wrap elementor-element-populated\">\n\t\t\t\t\t\t<div class=\"elementor-element elementor-element-22108b0 elementor-widget elementor-widget-ucaddon_top5_games\" data-id=\"22108b0\" data-element_type=\"widget\" data-e-type=\"widget\" data-widget_type=\"ucaddon_top5_games.default\">\n\t\t\t\t<div class=\"elementor-widget-container\">\n\t\t\t\t\t\n<!-- start Top5 games -->\n\n<div class=\"top5_box\">\n  <div class=\"top5_box_img\"><a class=\"top5_img\" href=\"\/es\/book-of-ra-6\/\"><img decoding=\"async\" src=\"https:\/\/www.play-book-slots.com\/wp-content\/uploads\/2023\/11\/jugar-book-of-ra-6-tragamonedas.webp\" alt=\"jugar book of ra 6 tragamonedas, logo\" ><\/a><\/div>\n  <div class=\"top5_box_txt\">\n    <h3>Book of Ra 6 <\/h3>\n  \t<a class=\"play_btn\" href=\"\/es\/book-of-ra-6\/\">Juega<\/a>\n  <\/div>\n<\/div>\n<!-- end Top5 games -->\t\t\t\t<\/div>\n\t\t\t\t<\/div>\n\t\t\t\t\t<\/div>\n\t\t<\/div>\n\t\t\t\t<div class=\"elementor-column elementor-col-20 elementor-inner-column elementor-element elementor-element-df12cf7\" data-id=\"df12cf7\" data-element_type=\"column\" data-e-type=\"column\">\n\t\t\t<div class=\"elementor-widget-wrap elementor-element-populated\">\n\t\t\t\t\t\t<div class=\"elementor-element elementor-element-2253d29 elementor-widget elementor-widget-ucaddon_top5_games\" data-id=\"2253d29\" data-element_type=\"widget\" data-e-type=\"widget\" data-widget_type=\"ucaddon_top5_games.default\">\n\t\t\t\t<div class=\"elementor-widget-container\">\n\t\t\t\t\t\n<!-- start Top5 games -->\n\n<div class=\"top5_box\">\n  <div class=\"top5_box_img\"><a class=\"top5_img\" href=\"https:\/\/www.play-book-slots.com\/es\/big-bass-bonanza-gratis\/\"><img decoding=\"async\" src=\"https:\/\/www.play-book-slots.com\/wp-content\/uploads\/2024\/04\/big-bass-bonanza-tragamonedas-logo.jpeg\" alt=\"big bass bonanza tragamonedas, logo\" ><\/a><\/div>\n  <div class=\"top5_box_txt\">\n    <h3>Big Bass Bonanza<\/h3>\n  \t<a class=\"play_btn\" href=\"https:\/\/www.play-book-slots.com\/es\/big-bass-bonanza-gratis\/\">Juega<\/a>\n  <\/div>\n<\/div>\n<!-- end Top5 games -->\t\t\t\t<\/div>\n\t\t\t\t<\/div>\n\t\t\t\t\t<\/div>\n\t\t<\/div>\n\t\t\t\t<div class=\"elementor-column elementor-col-20 elementor-inner-column elementor-element elementor-element-ce289a6\" data-id=\"ce289a6\" data-element_type=\"column\" data-e-type=\"column\">\n\t\t\t<div class=\"elementor-widget-wrap elementor-element-populated\">\n\t\t\t\t\t\t<div class=\"elementor-element elementor-element-ac2c930 elementor-widget elementor-widget-ucaddon_top5_games\" data-id=\"ac2c930\" data-element_type=\"widget\" data-e-type=\"widget\" data-widget_type=\"ucaddon_top5_games.default\">\n\t\t\t\t<div class=\"elementor-widget-container\">\n\t\t\t\t\t\n<!-- start Top5 games -->\n\n<div class=\"top5_box\">\n  <div class=\"top5_box_img\"><a class=\"top5_img\" href=\"\/es\/#book-of-ra-deluxe\"><img decoding=\"async\" src=\"https:\/\/www.play-book-slots.com\/wp-content\/uploads\/2023\/11\/jugar-book-of-ra-deluxe-tragamonedas.webp\" alt=\"jugar book of ra tragamonedas, logo\" ><\/a><\/div>\n  <div class=\"top5_box_txt\">\n    <h3>Book of Ra Deluxe<\/h3>\n  \t<a class=\"play_btn\" href=\"\/es\/#book-of-ra-deluxe\">Juega<\/a>\n  <\/div>\n<\/div>\n<!-- end Top5 games -->\t\t\t\t<\/div>\n\t\t\t\t<\/div>\n\t\t\t\t\t<\/div>\n\t\t<\/div>\n\t\t\t\t<div class=\"elementor-column elementor-col-20 elementor-inner-column elementor-element elementor-element-585c101\" data-id=\"585c101\" data-element_type=\"column\" data-e-type=\"column\">\n\t\t\t<div class=\"elementor-widget-wrap elementor-element-populated\">\n\t\t\t\t\t\t<div class=\"elementor-element elementor-element-81c7af6 elementor-widget elementor-widget-ucaddon_top5_games\" data-id=\"81c7af6\" data-element_type=\"widget\" data-e-type=\"widget\" data-widget_type=\"ucaddon_top5_games.default\">\n\t\t\t\t<div class=\"elementor-widget-container\">\n\t\t\t\t\t\n<!-- start Top5 games -->\n\n<div class=\"top5_box\">\n  <div class=\"top5_box_img\"><a class=\"top5_img\" href=\"\/es\/book-of-ra-magic\/\"><img decoding=\"async\" src=\"https:\/\/www.play-book-slots.com\/wp-content\/uploads\/2023\/11\/jugar-book-of-ra-magic-tragamonedas.webp\" alt=\"jugar book of ra magic tragamonedas, logo\" ><\/a><\/div>\n  <div class=\"top5_box_txt\">\n    <h3>Book of Ra Magic<\/h3>\n  \t<a class=\"play_btn\" href=\"\/es\/book-of-ra-magic\/\">Juega<\/a>\n  <\/div>\n<\/div>\n<!-- end Top5 games -->\t\t\t\t<\/div>\n\t\t\t\t<\/div>\n\t\t\t\t\t<\/div>\n\t\t<\/div>\n\t\t\t\t<div class=\"elementor-column elementor-col-20 elementor-inner-column elementor-element elementor-element-61dada3\" data-id=\"61dada3\" data-element_type=\"column\" data-e-type=\"column\">\n\t\t\t<div class=\"elementor-widget-wrap\">\n\t\t\t\t\t\t\t<\/div>\n\t\t<\/div>\n\t\t\t\t\t<\/div>\n\t\t<\/section>\n\t\t\t\t<div class=\"elementor-element elementor-element-6f650d5 elementor-align-center elementor-widget__width-inherit fullwidth elementor-widget elementor-widget-button\" data-id=\"6f650d5\" data-element_type=\"widget\" data-e-type=\"widget\" data-widget_type=\"button.default\">\n\t\t\t\t<div class=\"elementor-widget-container\">\n\t\t\t\t\t\t\t\t\t<div class=\"elementor-button-wrapper\">\n\t\t\t\t\t<a class=\"elementor-button elementor-button-link elementor-size-lg\" href=\"\/es\/juegos-de-casino-gratis\/\">\n\t\t\t\t\t\t<span class=\"elementor-button-content-wrapper\">\n\t\t\t\t\t\t\t\t\t<span class=\"elementor-button-text\">Todos los Juegos de casino Gratis<\/span>\n\t\t\t\t\t<\/span>\n\t\t\t\t\t<\/a>\n\t\t\t\t<\/div>\n\t\t\t\t\t\t\t\t<\/div>\n\t\t\t\t<\/div>\n\t\t\t\t\t<\/div>\n\t\t<\/div>\n\t\t\t\t\t<\/div>\n\t\t<\/section>\n\t\t\t\t<\/div>\n\t\t","protected":false},"excerpt":{"rendered":"<p>\u00a0 T\u00c9RMINOS Y CONDICIONES \u00daltima actualizaci\u00f3n: 17 de marzo de 2023 Lea atentamente estas condiciones antes de utilizar nuestro Servicio. INTERPRETACI\u00d3N Y DEFINICIONES INTERPRETACI\u00d3N Las palabras cuya inicial aparece en may\u00fascula tienen los significados que se definen a continuaci\u00f3n. Las siguientes definiciones tendr\u00e1n el mismo significado independientemente de que aparezcan en singular o en plural. [&hellip;]<\/p>\n","protected":false},"author":1,"featured_media":0,"parent":0,"menu_order":0,"comment_status":"closed","ping_status":"open","template":"elementor_header_footer","meta":{"footnotes":""},"class_list":["post-2551","page","type-page","status-publish","hentry"],"_links":{"self":[{"href":"https:\/\/www.play-book-slots.com\/es\/wp-json\/wp\/v2\/pages\/2551","targetHints":{"allow":["GET"]}}],"collection":[{"href":"https:\/\/www.play-book-slots.com\/es\/wp-json\/wp\/v2\/pages"}],"about":[{"href":"https:\/\/www.play-book-slots.com\/es\/wp-json\/wp\/v2\/types\/page"}],"author":[{"embeddable":true,"href":"https:\/\/www.play-book-slots.com\/es\/wp-json\/wp\/v2\/users\/1"}],"replies":[{"embeddable":true,"href":"https:\/\/www.play-book-slots.com\/es\/wp-json\/wp\/v2\/comments?post=2551"}],"version-history":[{"count":13,"href":"https:\/\/www.play-book-slots.com\/es\/wp-json\/wp\/v2\/pages\/2551\/revisions"}],"predecessor-version":[{"id":60857,"href":"https:\/\/www.play-book-slots.com\/es\/wp-json\/wp\/v2\/pages\/2551\/revisions\/60857"}],"wp:attachment":[{"href":"https:\/\/www.play-book-slots.com\/es\/wp-json\/wp\/v2\/media?parent=2551"}],"curies":[{"name":"wp","href":"https:\/\/api.w.org\/{rel}","templated":true}]}}