{"id":2680,"date":"2023-06-09T16:08:54","date_gmt":"2023-06-09T16:08:54","guid":{"rendered":"https:\/\/play-book-slots.com\/contact\/"},"modified":"2024-11-14T10:40:35","modified_gmt":"2024-11-14T10:40:35","slug":"contacto","status":"publish","type":"page","link":"https:\/\/www.play-book-slots.com\/es\/contacto\/","title":{"rendered":"Cont\u00e1ctanos &amp; Impressum\u00a0"},"content":{"rendered":"\t\t<div data-elementor-type=\"wp-page\" data-elementor-id=\"2680\" class=\"elementor elementor-2680 elementor-130\" data-elementor-post-type=\"page\">\n\t\t\t\t\t\t<section class=\"elementor-section elementor-top-section elementor-element elementor-element-0298a52 elementor-section-boxed elementor-section-height-default elementor-section-height-default\" data-id=\"0298a52\" data-element_type=\"section\" data-e-type=\"section\">\n\t\t\t\t\t\t<div class=\"elementor-container elementor-column-gap-default\">\n\t\t\t\t\t<div class=\"elementor-column elementor-col-100 elementor-top-column elementor-element elementor-element-bf5b823\" data-id=\"bf5b823\" data-element_type=\"column\" data-e-type=\"column\">\n\t\t\t<div class=\"elementor-widget-wrap elementor-element-populated\">\n\t\t\t\t\t\t<div class=\"elementor-element elementor-element-3e006d0 elementor-widget elementor-widget-text-editor\" data-id=\"3e006d0\" data-element_type=\"widget\" data-e-type=\"widget\" data-widget_type=\"text-editor.default\">\n\t\t\t\t<div class=\"elementor-widget-container\">\n\t\t\t\t\t\t\t\t\t<h1>Impressum<\/h1><p><strong>NOMBRE DE LA EMPRESA:<\/strong> INES&amp;ANDRO<br \/>Split, Croacia<\/p><p><strong>Propietario:<\/strong> Andrija Gusic<\/p><p><strong>Tel\u00e9fono:<br \/><\/strong> 385958121595<br \/><strong>Email:<\/strong> info@play-book-slots.com<\/p><p><strong>N\u00famero de IVA:<br \/><\/strong> HR67920038499<\/p><p><strong>N\u00famero de registro de la empresa:<br \/><\/strong> 97842265<\/p><p><strong>Redacci\u00f3n y fundador:<br \/><\/strong>gusicandrija2810@gmail.com<\/p><p>Plataforma de la Comisi\u00f3n Europea para la resoluci\u00f3n de conflictos en l\u00ednea:<br \/>https:\/\/ec.europa.eu\/odr<\/p><p>No estamos obligados ni dispuestos a participar en un procedimiento de resoluci\u00f3n de conflictos ante una junta de arbitraje de consumidores.<\/p>\t\t\t\t\t\t\t\t<\/div>\n\t\t\t\t<\/div>\n\t\t\t\t\t<\/div>\n\t\t<\/div>\n\t\t\t\t\t<\/div>\n\t\t<\/section>\n\t\t\t\t<section class=\"elementor-section elementor-top-section elementor-element elementor-element-f464011 elementor-section-boxed elementor-section-height-default elementor-section-height-default\" data-id=\"f464011\" data-element_type=\"section\" data-e-type=\"section\">\n\t\t\t\t\t\t<div class=\"elementor-container elementor-column-gap-default\">\n\t\t\t\t\t<div class=\"elementor-column elementor-col-100 elementor-top-column elementor-element elementor-element-6a1a656\" data-id=\"6a1a656\" data-element_type=\"column\" data-e-type=\"column\">\n\t\t\t<div class=\"elementor-widget-wrap elementor-element-populated\">\n\t\t\t\t\t\t<div class=\"elementor-element elementor-element-e301ecb elementor-widget elementor-widget-text-editor\" data-id=\"e301ecb\" data-element_type=\"widget\" data-e-type=\"widget\" data-widget_type=\"text-editor.default\">\n\t\t\t\t<div class=\"elementor-widget-container\">\n\t\t\t\t\t\t\t\t\t<h2>Cont\u00e1ctenosa<\/h2>\nSi tiene alguna pregunta, no dude en ponerse en contacto con nosotros a trav\u00e9s del formulario de contacto o por correo electr\u00f3nico: info@play-book-slots.com y le responderemos en breve.\n<p style=\"font-style: italic;\">\u00a1Equipo de Play-Book-slots.com!<\/p>\t\t\t\t\t\t\t\t<\/div>\n\t\t\t\t<\/div>\n\t\t\t\t<div class=\"elementor-element elementor-element-9fd7667 elementor-widget elementor-widget-shortcode\" data-id=\"9fd7667\" data-element_type=\"widget\" data-e-type=\"widget\" data-widget_type=\"shortcode.default\">\n\t\t\t\t<div class=\"elementor-widget-container\">\n\t\t\t\t\t\t\t<div class=\"elementor-shortcode\">\n<div class=\"wpcf7 no-js\" id=\"wpcf7-f3258-o1\" lang=\"en-US\" dir=\"ltr\" data-wpcf7-id=\"3258\">\n<div class=\"screen-reader-response\"><p role=\"status\" aria-live=\"polite\" aria-atomic=\"true\"><\/p> <ul><\/ul><\/div>\n<form action=\"\/es\/wp-json\/wp\/v2\/pages\/2680#wpcf7-f3258-o1\" method=\"post\" class=\"wpcf7-form init\" aria-label=\"Contact form\" novalidate=\"novalidate\" data-status=\"init\">\n<fieldset class=\"hidden-fields-container\"><input type=\"hidden\" name=\"_wpcf7\" value=\"3258\" \/><input type=\"hidden\" name=\"_wpcf7_version\" value=\"6.1.5\" \/><input type=\"hidden\" name=\"_wpcf7_locale\" value=\"en_US\" \/><input type=\"hidden\" name=\"_wpcf7_unit_tag\" value=\"wpcf7-f3258-o1\" \/><input type=\"hidden\" name=\"_wpcf7_container_post\" value=\"0\" \/><input type=\"hidden\" name=\"_wpcf7_posted_data_hash\" value=\"\" \/><input type=\"hidden\" name=\"_wpcf7_recaptcha_response\" value=\"\" \/>\n<\/fieldset>\n<div class=\"forma\">\n\t<div class=\"forma_w50\">\n\t\t<p><label> Your name <\/label><span class=\"wpcf7-form-control-wrap\" data-name=\"your-name\"><input size=\"40\" maxlength=\"400\" class=\"wpcf7-form-control wpcf7-text wpcf7-validates-as-required\" autocomplete=\"name\" aria-required=\"true\" aria-invalid=\"false\" value=\"\" type=\"text\" name=\"your-name\" \/><\/span>\n\t\t<\/p>\n\t<\/div>\n\t<div class=\"forma_w50\">\n\t\t<p><label> Email <\/label><span class=\"wpcf7-form-control-wrap\" data-name=\"your-email\"><input size=\"40\" maxlength=\"400\" class=\"wpcf7-form-control wpcf7-email wpcf7-validates-as-required wpcf7-text wpcf7-validates-as-email\" autocomplete=\"email\" aria-required=\"true\" aria-invalid=\"false\" value=\"\" type=\"email\" name=\"your-email\" \/><\/span>\n\t\t<\/p>\n\t<\/div>\n\t<div class=\"forma_w100\">\n\t\t<p><label> Your message (optional) <\/label><span class=\"wpcf7-form-control-wrap\" data-name=\"your-message\"><textarea cols=\"40\" rows=\"10\" maxlength=\"2000\" class=\"wpcf7-form-control wpcf7-textarea\" aria-invalid=\"false\" name=\"your-message\"><\/textarea><\/span>\n\t\t<\/p>\n\t<\/div>\n\t<div class=\"forma_w100\">\n\t\t<p><input class=\"wpcf7-form-control wpcf7-submit has-spinner\" type=\"submit\" value=\"SEND MESSAGE\" \/>\n\t\t<\/p>\n\t<\/div>\n<\/div><div class=\"wpcf7-response-output\" aria-hidden=\"true\"><\/div>\n<\/form>\n<\/div>\n<\/div>\n\t\t\t\t\t\t<\/div>\n\t\t\t\t<\/div>\n\t\t\t\t\t<\/div>\n\t\t<\/div>\n\t\t\t\t\t<\/div>\n\t\t<\/section>\n\t\t\t\t<section class=\"elementor-section elementor-top-section elementor-element elementor-element-7378b90 elementor-section-boxed elementor-section-height-default elementor-section-height-default\" data-id=\"7378b90\" data-element_type=\"section\" data-e-type=\"section\">\n\t\t\t\t\t\t<div class=\"elementor-container elementor-column-gap-default\">\n\t\t\t\t\t<div class=\"elementor-column elementor-col-100 elementor-top-column elementor-element elementor-element-a449334\" data-id=\"a449334\" data-element_type=\"column\" data-e-type=\"column\">\n\t\t\t<div class=\"elementor-widget-wrap elementor-element-populated\">\n\t\t\t\t\t\t<div class=\"elementor-element elementor-element-b064b2e elementor-widget elementor-widget-text-editor\" data-id=\"b064b2e\" data-element_type=\"widget\" data-e-type=\"widget\" data-widget_type=\"text-editor.default\">\n\t\t\t\t<div class=\"elementor-widget-container\">\n\t\t\t\t\t\t\t\t\t<h2>Descargo de responsabilidad<\/h2><p>Play-book-slots.com no gestiona ninguna plataforma de juego en l\u00ednea ni participa en actividades de apuestas con dinero real. Nuestra funci\u00f3n es \u00fanicamente proporcionar contenido educativo y directrices relacionadas con los juegos de casino en l\u00ednea y las apuestas. Dadas las frecuentes alteraciones en las leyes de juego en varias regiones, se le aconseja mantenerse informado sobre las regulaciones de juego en su estado o pa\u00eds espec\u00edfico antes de participar en las apuestas en l\u00ednea.<\/p><p>Es esencial que los juegos de casino en l\u00ednea con dinero real sean legales en su ubicaci\u00f3n, y debe cumplir con los requisitos legales de edad para jugar. Si decide participar en juegos de azar en l\u00ednea con dinero real, la responsabilidad legal es suya. No nos hacemos responsables de las promociones o actividades en sitios web externos, incluso si est\u00e1n vinculados desde Play-book-slots.com.<\/p>\t\t\t\t\t\t\t\t<\/div>\n\t\t\t\t<\/div>\n\t\t\t\t\t<\/div>\n\t\t<\/div>\n\t\t\t\t\t<\/div>\n\t\t<\/section>\n\t\t\t\t<section class=\"elementor-section elementor-top-section elementor-element elementor-element-dfd3190 elementor-section-boxed elementor-section-height-default elementor-section-height-default\" data-id=\"dfd3190\" data-element_type=\"section\" data-e-type=\"section\">\n\t\t\t\t\t\t<div class=\"elementor-container elementor-column-gap-default\">\n\t\t\t\t\t<div class=\"elementor-column elementor-col-100 elementor-top-column elementor-element elementor-element-68c7211\" data-id=\"68c7211\" data-element_type=\"column\" data-e-type=\"column\">\n\t\t\t<div class=\"elementor-widget-wrap elementor-element-populated\">\n\t\t\t\t\t\t<div class=\"elementor-element elementor-element-a4e4be4 elementor-widget-divider--view-line elementor-widget elementor-widget-divider\" data-id=\"a4e4be4\" data-element_type=\"widget\" data-e-type=\"widget\" data-widget_type=\"divider.default\">\n\t\t\t\t<div class=\"elementor-widget-container\">\n\t\t\t\t\t\t\t<div class=\"elementor-divider\">\n\t\t\t<span class=\"elementor-divider-separator\">\n\t\t\t\t\t\t<\/span>\n\t\t<\/div>\n\t\t\t\t\t\t<\/div>\n\t\t\t\t<\/div>\n\t\t\t\t\t<\/div>\n\t\t<\/div>\n\t\t\t\t\t<\/div>\n\t\t<\/section>\n\t\t\t\t<section class=\"elementor-section elementor-top-section elementor-element elementor-element-c0ec88b elementor-section-boxed elementor-section-height-default elementor-section-height-default\" data-id=\"c0ec88b\" data-element_type=\"section\" data-e-type=\"section\">\n\t\t\t\t\t\t<div class=\"elementor-container elementor-column-gap-default\">\n\t\t\t\t\t<div class=\"elementor-column elementor-col-100 elementor-top-column elementor-element elementor-element-0c0e771\" data-id=\"0c0e771\" data-element_type=\"column\" data-e-type=\"column\">\n\t\t\t<div class=\"elementor-widget-wrap elementor-element-populated\">\n\t\t\t\t\t\t<div class=\"elementor-element elementor-element-5ab55b1 elementor-widget elementor-widget-heading\" data-id=\"5ab55b1\" data-element_type=\"widget\" data-e-type=\"widget\" data-widget_type=\"heading.default\">\n\t\t\t\t<div class=\"elementor-widget-container\">\n\t\t\t\t\t<h2 class=\"elementor-heading-title elementor-size-default\">Juegos de casino gratis\n<\/h2>\t\t\t\t<\/div>\n\t\t\t\t<\/div>\n\t\t\t\t\t<\/div>\n\t\t<\/div>\n\t\t\t\t\t<\/div>\n\t\t<\/section>\n\t\t\t\t<section class=\"elementor-section elementor-top-section elementor-element elementor-element-89e2b68 elementor-section-boxed elementor-section-height-default elementor-section-height-default\" data-id=\"89e2b68\" data-element_type=\"section\" data-e-type=\"section\">\n\t\t\t\t\t\t<div class=\"elementor-container elementor-column-gap-default\">\n\t\t\t\t\t<div class=\"elementor-column elementor-col-100 elementor-top-column elementor-element elementor-element-b9ebd65\" data-id=\"b9ebd65\" data-element_type=\"column\" data-e-type=\"column\">\n\t\t\t<div class=\"elementor-widget-wrap elementor-element-populated\">\n\t\t\t\t\t\t<section class=\"elementor-section elementor-inner-section elementor-element elementor-element-2061368 top5 elementor-section-boxed elementor-section-height-default elementor-section-height-default\" data-id=\"2061368\" data-element_type=\"section\" data-e-type=\"section\">\n\t\t\t\t\t\t<div class=\"elementor-container elementor-column-gap-default\">\n\t\t\t\t\t<div class=\"elementor-column elementor-col-20 elementor-inner-column elementor-element elementor-element-c7ed5dd\" data-id=\"c7ed5dd\" data-element_type=\"column\" data-e-type=\"column\">\n\t\t\t<div class=\"elementor-widget-wrap elementor-element-populated\">\n\t\t\t\t\t\t<div class=\"elementor-element elementor-element-1ea0d7f elementor-widget elementor-widget-ucaddon_top5_games\" data-id=\"1ea0d7f\" data-element_type=\"widget\" data-e-type=\"widget\" data-widget_type=\"ucaddon_top5_games.default\">\n\t\t\t\t<div class=\"elementor-widget-container\">\n\t\t\t\t\t\n<!-- start Top5 games -->\n\n<div class=\"top5_box\">\n  <div class=\"top5_box_img\"><a class=\"top5_img\" href=\"\/es\/book-of-ra-6\/\"><img decoding=\"async\" src=\"https:\/\/www.play-book-slots.com\/wp-content\/uploads\/2023\/11\/jugar-book-of-ra-6-tragamonedas.webp\" alt=\"jugar book of ra 6 tragamonedas, logo\" ><\/a><\/div>\n  <div class=\"top5_box_txt\">\n    <h3>Book of Ra 6 <\/h3>\n  \t<a class=\"play_btn\" href=\"\/es\/book-of-ra-6\/\">Juega<\/a>\n  <\/div>\n<\/div>\n<!-- end Top5 games -->\t\t\t\t<\/div>\n\t\t\t\t<\/div>\n\t\t\t\t\t<\/div>\n\t\t<\/div>\n\t\t\t\t<div class=\"elementor-column elementor-col-20 elementor-inner-column elementor-element elementor-element-a2bbb4f\" data-id=\"a2bbb4f\" data-element_type=\"column\" data-e-type=\"column\">\n\t\t\t<div class=\"elementor-widget-wrap elementor-element-populated\">\n\t\t\t\t\t\t<div class=\"elementor-element elementor-element-e66c9eb elementor-widget elementor-widget-ucaddon_top5_games\" data-id=\"e66c9eb\" data-element_type=\"widget\" data-e-type=\"widget\" data-widget_type=\"ucaddon_top5_games.default\">\n\t\t\t\t<div class=\"elementor-widget-container\">\n\t\t\t\t\t\n<!-- start Top5 games -->\n\n<div class=\"top5_box\">\n  <div class=\"top5_box_img\"><a class=\"top5_img\" href=\"https:\/\/www.play-book-slots.com\/es\/big-bass-bonanza-gratis\/\"><img decoding=\"async\" src=\"https:\/\/www.play-book-slots.com\/wp-content\/uploads\/2024\/04\/big-bass-bonanza-tragamonedas-logo.jpeg\" alt=\"big bass bonanza tragamonedas, logo\" ><\/a><\/div>\n  <div class=\"top5_box_txt\">\n    <h3>Big Bass Bonanza<\/h3>\n  \t<a class=\"play_btn\" href=\"https:\/\/www.play-book-slots.com\/es\/big-bass-bonanza-gratis\/\">Juega<\/a>\n  <\/div>\n<\/div>\n<!-- end Top5 games -->\t\t\t\t<\/div>\n\t\t\t\t<\/div>\n\t\t\t\t\t<\/div>\n\t\t<\/div>\n\t\t\t\t<div class=\"elementor-column elementor-col-20 elementor-inner-column elementor-element elementor-element-7086ae6\" data-id=\"7086ae6\" data-element_type=\"column\" data-e-type=\"column\">\n\t\t\t<div class=\"elementor-widget-wrap elementor-element-populated\">\n\t\t\t\t\t\t<div class=\"elementor-element elementor-element-f62dc6c elementor-widget elementor-widget-ucaddon_top5_games\" data-id=\"f62dc6c\" data-element_type=\"widget\" data-e-type=\"widget\" data-widget_type=\"ucaddon_top5_games.default\">\n\t\t\t\t<div class=\"elementor-widget-container\">\n\t\t\t\t\t\n<!-- start Top5 games -->\n\n<div class=\"top5_box\">\n  <div class=\"top5_box_img\"><a class=\"top5_img\" href=\"\/es\/#book-of-ra-deluxe\"><img decoding=\"async\" src=\"https:\/\/www.play-book-slots.com\/wp-content\/uploads\/2023\/11\/jugar-book-of-ra-deluxe-tragamonedas.webp\" alt=\"jugar book of ra tragamonedas, logo\" ><\/a><\/div>\n  <div class=\"top5_box_txt\">\n    <h3>Book of Ra Deluxe<\/h3>\n  \t<a class=\"play_btn\" href=\"\/es\/#book-of-ra-deluxe\">Juega<\/a>\n  <\/div>\n<\/div>\n<!-- end Top5 games -->\t\t\t\t<\/div>\n\t\t\t\t<\/div>\n\t\t\t\t\t<\/div>\n\t\t<\/div>\n\t\t\t\t<div class=\"elementor-column elementor-col-20 elementor-inner-column elementor-element elementor-element-aace385\" data-id=\"aace385\" data-element_type=\"column\" data-e-type=\"column\">\n\t\t\t<div class=\"elementor-widget-wrap elementor-element-populated\">\n\t\t\t\t\t\t<div class=\"elementor-element elementor-element-8d2589a elementor-widget elementor-widget-ucaddon_top5_games\" data-id=\"8d2589a\" data-element_type=\"widget\" data-e-type=\"widget\" data-widget_type=\"ucaddon_top5_games.default\">\n\t\t\t\t<div class=\"elementor-widget-container\">\n\t\t\t\t\t\n<!-- start Top5 games -->\n\n<div class=\"top5_box\">\n  <div class=\"top5_box_img\"><a class=\"top5_img\" href=\"\/es\/book-of-ra-magic\/\"><img decoding=\"async\" src=\"https:\/\/www.play-book-slots.com\/wp-content\/uploads\/2023\/11\/jugar-book-of-ra-magic-tragamonedas.webp\" alt=\"jugar book of ra magic tragamonedas, logo\" ><\/a><\/div>\n  <div class=\"top5_box_txt\">\n    <h3>Book of Ra Magic<\/h3>\n  \t<a class=\"play_btn\" href=\"\/es\/book-of-ra-magic\/\">Juega<\/a>\n  <\/div>\n<\/div>\n<!-- end Top5 games -->\t\t\t\t<\/div>\n\t\t\t\t<\/div>\n\t\t\t\t\t<\/div>\n\t\t<\/div>\n\t\t\t\t<div class=\"elementor-column elementor-col-20 elementor-inner-column elementor-element elementor-element-6cd5529\" data-id=\"6cd5529\" data-element_type=\"column\" data-e-type=\"column\">\n\t\t\t<div class=\"elementor-widget-wrap\">\n\t\t\t\t\t\t\t<\/div>\n\t\t<\/div>\n\t\t\t\t\t<\/div>\n\t\t<\/section>\n\t\t\t\t\t<\/div>\n\t\t<\/div>\n\t\t\t\t\t<\/div>\n\t\t<\/section>\n\t\t\t\t<section class=\"elementor-section elementor-top-section elementor-element elementor-element-cfd93d7 elementor-section-boxed elementor-section-height-default elementor-section-height-default\" data-id=\"cfd93d7\" data-element_type=\"section\" data-e-type=\"section\">\n\t\t\t\t\t\t<div class=\"elementor-container elementor-column-gap-default\">\n\t\t\t\t\t<div class=\"elementor-column elementor-col-100 elementor-top-column elementor-element elementor-element-7dae5b5\" data-id=\"7dae5b5\" data-element_type=\"column\" data-e-type=\"column\">\n\t\t\t<div class=\"elementor-widget-wrap elementor-element-populated\">\n\t\t\t\t\t\t<div class=\"elementor-element elementor-element-782bed9 elementor-align-center elementor-widget__width-inherit fullwidth elementor-widget elementor-widget-button\" data-id=\"782bed9\" data-element_type=\"widget\" data-e-type=\"widget\" data-widget_type=\"button.default\">\n\t\t\t\t<div class=\"elementor-widget-container\">\n\t\t\t\t\t\t\t\t\t<div class=\"elementor-button-wrapper\">\n\t\t\t\t\t<a class=\"elementor-button elementor-button-link elementor-size-lg\" href=\"\/es\/juegos-de-casino-gratis\/\">\n\t\t\t\t\t\t<span class=\"elementor-button-content-wrapper\">\n\t\t\t\t\t\t\t\t\t<span class=\"elementor-button-text\">Todos los Juegos de casino Gratis<\/span>\n\t\t\t\t\t<\/span>\n\t\t\t\t\t<\/a>\n\t\t\t\t<\/div>\n\t\t\t\t\t\t\t\t<\/div>\n\t\t\t\t<\/div>\n\t\t\t\t\t<\/div>\n\t\t<\/div>\n\t\t\t\t\t<\/div>\n\t\t<\/section>\n\t\t\t\t<\/div>\n\t\t","protected":false},"excerpt":{"rendered":"<p>Impressum NOMBRE DE LA EMPRESA: INES&amp;ANDROSplit, Croacia Propietario: Andrija Gusic Tel\u00e9fono: 385958121595Email: info@play-book-slots.com N\u00famero de IVA: HR67920038499 N\u00famero de registro de la empresa: 97842265 Redacci\u00f3n y fundador:gusicandrija2810@gmail.com Plataforma de la Comisi\u00f3n Europea para la resoluci\u00f3n de conflictos en l\u00ednea:https:\/\/ec.europa.eu\/odr No estamos obligados ni dispuestos a participar en un procedimiento de resoluci\u00f3n de conflictos ante una [&hellip;]<\/p>\n","protected":false},"author":1,"featured_media":0,"parent":0,"menu_order":0,"comment_status":"closed","ping_status":"open","template":"elementor_header_footer","meta":{"footnotes":""},"class_list":["post-2680","page","type-page","status-publish","hentry"],"_links":{"self":[{"href":"https:\/\/www.play-book-slots.com\/es\/wp-json\/wp\/v2\/pages\/2680","targetHints":{"allow":["GET"]}}],"collection":[{"href":"https:\/\/www.play-book-slots.com\/es\/wp-json\/wp\/v2\/pages"}],"about":[{"href":"https:\/\/www.play-book-slots.com\/es\/wp-json\/wp\/v2\/types\/page"}],"author":[{"embeddable":true,"href":"https:\/\/www.play-book-slots.com\/es\/wp-json\/wp\/v2\/users\/1"}],"replies":[{"embeddable":true,"href":"https:\/\/www.play-book-slots.com\/es\/wp-json\/wp\/v2\/comments?post=2680"}],"version-history":[{"count":20,"href":"https:\/\/www.play-book-slots.com\/es\/wp-json\/wp\/v2\/pages\/2680\/revisions"}],"predecessor-version":[{"id":60863,"href":"https:\/\/www.play-book-slots.com\/es\/wp-json\/wp\/v2\/pages\/2680\/revisions\/60863"}],"wp:attachment":[{"href":"https:\/\/www.play-book-slots.com\/es\/wp-json\/wp\/v2\/media?parent=2680"}],"curies":[{"name":"wp","href":"https:\/\/api.w.org\/{rel}","templated":true}]}}