{"id":2537,"date":"2023-06-09T16:09:51","date_gmt":"2023-06-09T16:09:51","guid":{"rendered":"https:\/\/play-book-slots.com\/terms-conditions\/"},"modified":"2024-12-27T07:40:25","modified_gmt":"2024-12-27T07:40:25","slug":"termes-et-conditions","status":"publish","type":"page","link":"https:\/\/www.play-book-slots.com\/fr\/termes-et-conditions\/","title":{"rendered":"Termes et conditions"},"content":{"rendered":"\t\t<div data-elementor-type=\"wp-page\" data-elementor-id=\"2537\" class=\"elementor elementor-2537 elementor-134\" data-elementor-post-type=\"page\">\n\t\t\t\t\t\t<section class=\"elementor-section elementor-top-section elementor-element elementor-element-da635c5 elementor-section-boxed elementor-section-height-default elementor-section-height-default\" data-id=\"da635c5\" data-element_type=\"section\" data-e-type=\"section\">\n\t\t\t\t\t\t<div class=\"elementor-container elementor-column-gap-default\">\n\t\t\t\t\t<div class=\"elementor-column elementor-col-100 elementor-top-column elementor-element elementor-element-48c267e\" data-id=\"48c267e\" data-element_type=\"column\" data-e-type=\"column\">\n\t\t\t<div class=\"elementor-widget-wrap elementor-element-populated\">\n\t\t\t\t\t\t<div class=\"elementor-element elementor-element-27c588b elementor-widget elementor-widget-text-editor\" data-id=\"27c588b\" data-element_type=\"widget\" data-e-type=\"widget\" data-widget_type=\"text-editor.default\">\n\t\t\t\t<div class=\"elementor-widget-container\">\n\t\t\t\t\t\t\t\t\t<p>\u00a0<\/p><h1>CONDITIONS D&rsquo;UTILISATION<\/h1><p style=\"font-style: italic;\">Derni\u00e8re mise \u00e0 jour : 17 mars 2023<\/p><p>Veuillez lire attentivement ces conditions avant d&rsquo;utiliser notre service.<\/p><h2>INTERPR\u00c9TATION ET D\u00c9FINITIONS<\/h2><h3>INTERPR\u00c9TATION<\/h3><p>Les mots dont la lettre initiale est en majuscule ont des significations d\u00e9finies dans les conditions suivantes. Les d\u00e9finitions suivantes ont la m\u00eame signification, qu&rsquo;elles apparaissent au singulier ou au pluriel.<\/p><h3>D\u00c9FINITIONS<\/h3><p>Aux fins des pr\u00e9sentes conditions g\u00e9n\u00e9rales :<\/p><ul><li><strong>Affili\u00e9:<\/strong> une entit\u00e9 qui contr\u00f4le, est contr\u00f4l\u00e9e par ou est sous contr\u00f4le commun avec une partie, le terme \u00ab\u00a0contr\u00f4le\u00a0\u00bb d\u00e9signant la propri\u00e9t\u00e9 de 50 % ou plus des actions, participations ou autres titres donnant droit \u00e0 un vote pour l&rsquo;\u00e9lection des administrateurs ou d&rsquo;autres responsables de la gestion.<\/li><li><strong>Le pays:<\/strong> se r\u00e9f\u00e8re \u00e0 : La France<\/li><li><strong>La soci\u00e9t\u00e9:<\/strong> (d\u00e9sign\u00e9e par \u00ab\u00a0la soci\u00e9t\u00e9\u00a0\u00bb, \u00ab\u00a0nous\u00a0\u00bb, \u00ab\u00a0notre\u00a0\u00bb ou \u00ab\u00a0nos\u00a0\u00bb dans le pr\u00e9sent accord) se r\u00e9f\u00e8re \u00e0 Play-book-slots.com.<\/li><li><strong>Appareil:<\/strong> tout appareil pouvant acc\u00e9der au Service, tel qu&rsquo;un ordinateur, un t\u00e9l\u00e9phone portable ou une tablette num\u00e9rique.<\/li><li><strong>Le service:<\/strong> fait r\u00e9f\u00e9rence au site web.<\/li><li><strong>Les conditions g\u00e9n\u00e9rales<\/strong> (\u00e9galement appel\u00e9es \u00ab\u00a0conditions\u00a0\u00bb) d\u00e9signent les pr\u00e9sentes conditions g\u00e9n\u00e9rales qui constituent l&rsquo;int\u00e9gralit\u00e9 de l&rsquo;accord entre vous et la soci\u00e9t\u00e9 concernant l&rsquo;utilisation du service. Ces conditions g\u00e9n\u00e9rales ont \u00e9t\u00e9 cr\u00e9\u00e9es avec l&rsquo;aide du <a href=\"https:\/\/www.termsfeed.com\/terms-conditions-generator\/\" target=\"_blank\" rel=\"external nofollow noopener\">g\u00e9n\u00e9rateur de conditions g\u00e9n\u00e9rales TermsFeed<\/a>.<\/li><li><strong>Service de r\u00e9seaux sociaux tiers<\/strong> d\u00e9signe tout service ou contenu (y compris les donn\u00e9es, informations, produits ou services) fourni par un tiers qui peut \u00eatre affich\u00e9, inclus ou rendu disponible par le Service.<\/li><li><strong>Le site Web<\/strong> fait r\u00e9f\u00e9rence \u00e0 Play-book-slots.com, accessible \u00e0 partir de <a href=\"https:\/\/www.play-book-slots.com\/\" target=\"_blank\" rel=\"noopener\">https:\/\/www.play-book-slots.com\/<\/a><\/li><li><strong>Vous<\/strong> d\u00e9signe la personne qui acc\u00e8de au service ou qui l&rsquo;utilise, ou la soci\u00e9t\u00e9 ou autre entit\u00e9 juridique au nom de laquelle cette personne acc\u00e8de au service ou l&rsquo;utilise, selon le cas.<\/li><\/ul><h2>REMERCIEMENTS<\/h2><p>Les pr\u00e9sentes conditions g\u00e9n\u00e9rales r\u00e9gissent l&rsquo;utilisation de ce service et constituent l&rsquo;accord conclu entre vous et la soci\u00e9t\u00e9. Ces conditions d\u00e9finissent les droits et les obligations de tous les utilisateurs en ce qui concerne l&rsquo;utilisation du service.<\/p><p>Votre acc\u00e8s au service et son utilisation sont subordonn\u00e9s \u00e0 votre acceptation et au respect des pr\u00e9sentes conditions g\u00e9n\u00e9rales. Ces conditions s&rsquo;appliquent \u00e0 tous les visiteurs, utilisateurs et autres personnes qui acc\u00e8dent au service ou l&rsquo;utilisent.<\/p><p>En acc\u00e9dant au service ou en l&rsquo;utilisant, vous acceptez d&rsquo;\u00eatre li\u00e9 par les pr\u00e9sentes conditions g\u00e9n\u00e9rales. Si vous n&rsquo;\u00eates pas d&rsquo;accord avec une partie de ces conditions, vous ne pouvez pas acc\u00e9der au service.<\/p><p>Vous d\u00e9clarez \u00eatre \u00e2g\u00e9 de plus de 18 ans. La soci\u00e9t\u00e9 n&rsquo;autorise pas les personnes de moins de 18 ans \u00e0 utiliser le service.<\/p><p>Votre acc\u00e8s et votre utilisation du Service sont \u00e9galement conditionn\u00e9s par votre acceptation et votre respect de la Politique de confidentialit\u00e9 de la Soci\u00e9t\u00e9. Notre politique de confidentialit\u00e9 d\u00e9crit nos politiques et proc\u00e9dures en mati\u00e8re de collecte, d&rsquo;utilisation et de divulgation de vos informations personnelles lorsque vous utilisez l&rsquo;application ou le site Web et vous informe de vos droits en mati\u00e8re de confidentialit\u00e9 et de la mani\u00e8re dont la loi vous prot\u00e8ge. Veuillez lire attentivement notre politique de confidentialit\u00e9 avant d&rsquo;utiliser notre service.<\/p><h3>LIENS VERS D&rsquo;AUTRES SITES WEB<\/h3><p>Notre service peut contenir des liens vers des sites web ou des services de tiers qui ne sont pas d\u00e9tenus ou contr\u00f4l\u00e9s par la soci\u00e9t\u00e9. La Soci\u00e9t\u00e9 n&rsquo;a aucun contr\u00f4le sur le contenu, les politiques de confidentialit\u00e9 ou les pratiques des sites web ou services de tiers, et n&rsquo;assume aucune responsabilit\u00e9 \u00e0 cet \u00e9gard.<\/p><p>Vous reconnaissez et acceptez en outre que la Soci\u00e9t\u00e9 ne peut \u00eatre tenue responsable, directement ou indirectement, de tout dommage ou perte caus\u00e9 ou suppos\u00e9 caus\u00e9 par ou en rapport avec l&rsquo;utilisation ou la confiance accord\u00e9e \u00e0 tout contenu, bien ou service disponible sur ou par l&rsquo;interm\u00e9diaire de ces sites web ou services.<\/p><p>Nous vous conseillons vivement de lire les conditions g\u00e9n\u00e9rales et les politiques de confidentialit\u00e9 de tous les sites web ou services tiers que vous visitez.<\/p><h3>R\u00c9SILIATION<\/h3><p>Nous pouvons r\u00e9silier ou suspendre votre acc\u00e8s imm\u00e9diatement, sans pr\u00e9avis ni responsabilit\u00e9, pour quelque raison que ce soit, y compris, mais sans s&rsquo;y limiter, si vous enfreignez les pr\u00e9sentes conditions g\u00e9n\u00e9rales.<\/p><p>En cas de r\u00e9siliation, votre droit d&rsquo;utiliser le service cessera imm\u00e9diatement.<\/p><h2>LIMITATION DE LA RESPONSABILIT\u00c9<\/h2><p>Nonobstant tout dommage que vous pourriez subir, l&rsquo;enti\u00e8re responsabilit\u00e9 de la Soci\u00e9t\u00e9 et de ses fournisseurs en vertu de toute disposition des pr\u00e9sentes conditions et votre recours exclusif pour tout ce qui pr\u00e9c\u00e8de seront limit\u00e9s au montant effectivement pay\u00e9 par vous par l&rsquo;interm\u00e9diaire du service ou \u00e0 100 USD si vous n&rsquo;avez rien achet\u00e9 par l&rsquo;interm\u00e9diaire du service.<\/p><p>Dans toute la mesure permise par la loi applicable, la Soci\u00e9t\u00e9 ou ses fournisseurs ne peuvent en aucun cas \u00eatre tenus responsables des dommages sp\u00e9ciaux, accessoires, indirects ou cons\u00e9cutifs quels qu&rsquo;ils soient (y compris, mais sans s&rsquo;y limiter, les dommages pour perte de b\u00e9n\u00e9fices, perte de donn\u00e9es ou d&rsquo;autres informations, pour interruption d&rsquo;activit\u00e9, pour pr\u00e9judice corporel, etc, la perte de vie priv\u00e9e r\u00e9sultant de l&rsquo;utilisation ou de l&rsquo;incapacit\u00e9 d&rsquo;utiliser le service, les logiciels de tiers et\/ou le mat\u00e9riel de tiers utilis\u00e9s avec le service, ou en rapport avec toute disposition des pr\u00e9sentes conditions), m\u00eame si la soci\u00e9t\u00e9 ou un fournisseur a \u00e9t\u00e9 inform\u00e9 de la possibilit\u00e9 de tels dommages et m\u00eame si le rem\u00e8de n&rsquo;a pas atteint son objectif essentiel.<\/p><p>Certains \u00c9tats n&rsquo;autorisent pas l&rsquo;exclusion des garanties implicites ou la limitation de la responsabilit\u00e9 pour les dommages accessoires ou indirects, ce qui signifie que certaines des limitations ci-dessus peuvent ne pas s&rsquo;appliquer. Dans ces \u00c9tats, la responsabilit\u00e9 de chaque partie sera limit\u00e9e dans toute la mesure permise par la loi.<\/p><h2>CLAUSE DE NON-RESPONSABILIT\u00c9 \u00ab\u00a0EN L&rsquo;\u00c9TAT\u00a0\u00bb ET \u00ab\u00a0TEL QUE DISPONIBLE\u00a0\u00bb<\/h2><p>TLe Service vous est fourni \u00ab\u00a0TEL QUEL\u00a0\u00bb et \u00ab\u00a0TEL QUE DISPONIBLE\u00a0\u00bb, avec tous les d\u00e9fauts et toutes les d\u00e9ficiences, sans garantie d&rsquo;aucune sorte. Dans toute la mesure permise par le droit applicable, la Soci\u00e9t\u00e9, en son nom propre et au nom de ses soci\u00e9t\u00e9s affili\u00e9es et de ses conc\u00e9dants de licence et fournisseurs de services respectifs, d\u00e9cline express\u00e9ment toute garantie, expresse, implicite, l\u00e9gale ou autre, concernant le Service, y compris toute garantie implicite de qualit\u00e9 marchande, d&rsquo;ad\u00e9quation \u00e0 un usage particulier, de titre et d&rsquo;absence de contrefa\u00e7on, ainsi que les garanties pouvant r\u00e9sulter de la conduite habituelle, de l&rsquo;ex\u00e9cution, de l&rsquo;usage ou des pratiques commerciales.<\/p><p>Sans pr\u00e9judice de ce qui pr\u00e9c\u00e8de, la Soci\u00e9t\u00e9 ne fournit aucune garantie ou engagement, et ne fait aucune d\u00e9claration de quelque nature que ce soit quant au fait que le Service r\u00e9pondra \u00e0 vos exigences, atteindra les r\u00e9sultats escompt\u00e9s, sera compatible ou fonctionnera avec tout autre logiciel, application, syst\u00e8me ou service, fonctionnera sans interruption, r\u00e9pondra \u00e0 toute norme de performance ou de fiabilit\u00e9 ou sera exempt d&rsquo;erreur, ou que toute erreur ou tout d\u00e9faut peut \u00eatre ou sera corrig\u00e9.<\/p><p>Sans limiter la port\u00e9e de ce qui pr\u00e9c\u00e8de, ni la soci\u00e9t\u00e9 ni aucun de ses fournisseurs ne font de d\u00e9claration ou ne donnent de garantie de quelque nature que ce soit, expresse ou implicite : (i) quant au fonctionnement ou \u00e0 la disponibilit\u00e9 du service, ou des informations, du contenu et des mat\u00e9riaux ou produits qui y sont inclus ; (ii) quant au fait que le service sera ininterrompu ou exempt d&rsquo;erreurs ; (iii) quant \u00e0 l&rsquo;exactitude, la fiabilit\u00e9 ou l&rsquo;actualit\u00e9 de toute information ou de tout contenu fourni par l&rsquo;interm\u00e9diaire du service ; ou (iv) quant au fait que le service, ses serveurs, le contenu ou les courriers \u00e9lectroniques envoy\u00e9s par la soci\u00e9t\u00e9 ou en son nom sont exempts de virus, de scripts, de chevaux de Troie, de vers, de logiciels malveillants, de bombes \u00e0 retardement ou d&rsquo;autres composants nocifs.<\/p><p>Certaines juridictions n&rsquo;autorisent pas l&rsquo;exclusion de certains types de garanties ou la limitation des droits statutaires applicables \u00e0 un consommateur, de sorte que tout ou partie des exclusions et limitations susmentionn\u00e9es peuvent ne pas s&rsquo;appliquer \u00e0 vous. Mais dans un tel cas, les exclusions et limitations \u00e9nonc\u00e9es dans la pr\u00e9sente section seront appliqu\u00e9es dans la plus large mesure possible en vertu de la loi applicable.<\/p><h3>DROIT APPLICABLE<\/h3><p>Les lois du pays, \u00e0 l&rsquo;exclusion des r\u00e8gles de conflit de lois, r\u00e9gissent les pr\u00e9sentes conditions et votre utilisation du service. Votre utilisation de l&rsquo;application peut \u00e9galement \u00eatre soumise \u00e0 d&rsquo;autres lois locales, r\u00e9gionales, nationales ou internationales.<\/p><h3>R\u00c8GLEMENT DES LITIGES<\/h3><p>En cas de probl\u00e8me ou de litige concernant le Service, vous acceptez de tenter d&rsquo;abord de r\u00e9soudre le litige de mani\u00e8re informelle en contactant la Soci\u00e9t\u00e9.<\/p><h3>POUR LES UTILISATEURS DE L&rsquo;UNION EUROP\u00c9ENNE (UE)<\/h3><p>Si vous \u00eates un consommateur de l&rsquo;Union europ\u00e9enne, vous b\u00e9n\u00e9ficierez de toutes les dispositions obligatoires de la loi du pays dans lequel vous r\u00e9sidez.<\/p><h2>DIVISIBILIT\u00c9 ET RENONCIATION<\/h2><h3>S\u00c9V\u00c9RABILIT\u00c9<\/h3><p>Si une disposition des pr\u00e9sentes conditions est jug\u00e9e inapplicable ou invalide, cette disposition sera modifi\u00e9e et interpr\u00e9t\u00e9e de mani\u00e8re \u00e0 atteindre les objectifs de cette disposition dans toute la mesure du possible en vertu de la l\u00e9gislation applicable, et les autres dispositions resteront pleinement en vigueur.<\/p><h3>RENONCIATION<\/h3><p>Sauf dans les cas pr\u00e9vus par les pr\u00e9sentes, le fait de ne pas exercer un droit ou de ne pas exiger l&rsquo;ex\u00e9cution d&rsquo;une obligation en vertu des pr\u00e9sentes conditions n&rsquo;affecte pas la capacit\u00e9 d&rsquo;une partie \u00e0 exercer ce droit ou \u00e0 exiger cette ex\u00e9cution \u00e0 tout moment par la suite, et la renonciation \u00e0 une violation ne constitue pas une renonciation \u00e0 toute violation ult\u00e9rieure.<\/p><h3>TRADUCTION INTERPR\u00c9TATION<\/h3><p>Les pr\u00e9sentes conditions g\u00e9n\u00e9rales peuvent avoir \u00e9t\u00e9 traduites si nous les avons mises \u00e0 votre disposition sur notre service. Vous acceptez que le texte original en anglais pr\u00e9vale en cas de litige.<\/p><h2>MODIFICATIONS DES PR\u00c9SENTES CONDITIONS G\u00c9N\u00c9RALES<\/h2><p>Nous nous r\u00e9servons le droit, \u00e0 notre seule discr\u00e9tion, de modifier ou de remplacer les pr\u00e9sentes conditions \u00e0 tout moment. Si une r\u00e9vision est importante, nous nous efforcerons de fournir un pr\u00e9avis d&rsquo;au moins 30 jours avant l&rsquo;entr\u00e9e en vigueur des nouvelles conditions. La d\u00e9finition de ce qui constitue une modification substantielle est laiss\u00e9e \u00e0 notre seule discr\u00e9tion.<\/p><p>En continuant \u00e0 acc\u00e9der \u00e0 notre service ou \u00e0 l&rsquo;utiliser apr\u00e8s l&rsquo;entr\u00e9e en vigueur de ces r\u00e9visions, vous acceptez d&rsquo;\u00eatre li\u00e9 par les conditions r\u00e9vis\u00e9es. Si vous n&rsquo;acceptez pas les nouvelles conditions, en tout ou en partie, veuillez cesser d&rsquo;utiliser le site web et le service.<\/p><h3>CONTACTEZ-NOUS<\/h3><p>Si vous avez des questions concernant les pr\u00e9sentes conditions g\u00e9n\u00e9rales, vous pouvez nous contacter : par courrier \u00e9lectronique :<br \/><span style=\"font-weight: bold;\">info@play-book-slots.com<\/span><\/p>\t\t\t\t\t\t\t\t<\/div>\n\t\t\t\t<\/div>\n\t\t\t\t\t<\/div>\n\t\t<\/div>\n\t\t\t\t\t<\/div>\n\t\t<\/section>\n\t\t\t\t<section class=\"elementor-section elementor-top-section elementor-element elementor-element-2b15af0 elementor-section-boxed elementor-section-height-default elementor-section-height-default\" data-id=\"2b15af0\" data-element_type=\"section\" data-e-type=\"section\">\n\t\t\t\t\t\t<div class=\"elementor-container elementor-column-gap-default\">\n\t\t\t\t\t<div class=\"elementor-column elementor-col-100 elementor-top-column elementor-element elementor-element-654b1fe\" data-id=\"654b1fe\" data-element_type=\"column\" data-e-type=\"column\">\n\t\t\t<div class=\"elementor-widget-wrap elementor-element-populated\">\n\t\t\t\t\t\t<div class=\"elementor-element elementor-element-964df5e elementor-widget-divider--view-line elementor-widget elementor-widget-divider\" data-id=\"964df5e\" data-element_type=\"widget\" data-e-type=\"widget\" data-widget_type=\"divider.default\">\n\t\t\t\t<div class=\"elementor-widget-container\">\n\t\t\t\t\t\t\t<div class=\"elementor-divider\">\n\t\t\t<span class=\"elementor-divider-separator\">\n\t\t\t\t\t\t<\/span>\n\t\t<\/div>\n\t\t\t\t\t\t<\/div>\n\t\t\t\t<\/div>\n\t\t\t\t\t<\/div>\n\t\t<\/div>\n\t\t\t\t\t<\/div>\n\t\t<\/section>\n\t\t\t\t<section class=\"elementor-section elementor-top-section elementor-element elementor-element-0d03188 elementor-section-boxed elementor-section-height-default elementor-section-height-default\" data-id=\"0d03188\" data-element_type=\"section\" data-e-type=\"section\">\n\t\t\t\t\t\t<div class=\"elementor-container elementor-column-gap-default\">\n\t\t\t\t\t<div class=\"elementor-column elementor-col-100 elementor-top-column elementor-element elementor-element-a31a99e\" data-id=\"a31a99e\" data-element_type=\"column\" data-e-type=\"column\">\n\t\t\t<div class=\"elementor-widget-wrap elementor-element-populated\">\n\t\t\t\t\t\t<div class=\"elementor-element elementor-element-6aacdd0 elementor-widget elementor-widget-heading\" data-id=\"6aacdd0\" data-element_type=\"widget\" data-e-type=\"widget\" data-widget_type=\"heading.default\">\n\t\t\t\t<div class=\"elementor-widget-container\">\n\t\t\t\t\t<h2 class=\"elementor-heading-title elementor-size-default\">Jeux casino en ligne\n<\/h2>\t\t\t\t<\/div>\n\t\t\t\t<\/div>\n\t\t\t\t\t<\/div>\n\t\t<\/div>\n\t\t\t\t\t<\/div>\n\t\t<\/section>\n\t\t\t\t<section class=\"elementor-section elementor-top-section elementor-element elementor-element-52d9336 elementor-section-boxed elementor-section-height-default elementor-section-height-default\" data-id=\"52d9336\" data-element_type=\"section\" data-e-type=\"section\">\n\t\t\t\t\t\t<div class=\"elementor-container elementor-column-gap-default\">\n\t\t\t\t\t<div class=\"elementor-column elementor-col-100 elementor-top-column elementor-element elementor-element-f94f16e\" data-id=\"f94f16e\" data-element_type=\"column\" data-e-type=\"column\">\n\t\t\t<div class=\"elementor-widget-wrap elementor-element-populated\">\n\t\t\t\t\t\t<section class=\"elementor-section elementor-inner-section elementor-element elementor-element-858a455 top5 elementor-section-boxed elementor-section-height-default elementor-section-height-default\" data-id=\"858a455\" data-element_type=\"section\" data-e-type=\"section\">\n\t\t\t\t\t\t<div class=\"elementor-container elementor-column-gap-default\">\n\t\t\t\t\t<div class=\"elementor-column elementor-col-20 elementor-inner-column elementor-element elementor-element-1d05a0f\" data-id=\"1d05a0f\" data-element_type=\"column\" data-e-type=\"column\">\n\t\t\t<div class=\"elementor-widget-wrap elementor-element-populated\">\n\t\t\t\t\t\t<div class=\"elementor-element elementor-element-5c8f618 elementor-widget elementor-widget-ucaddon_top5_games\" data-id=\"5c8f618\" data-element_type=\"widget\" data-e-type=\"widget\" data-widget_type=\"ucaddon_top5_games.default\">\n\t\t\t\t<div class=\"elementor-widget-container\">\n\t\t\t\t\t\n<!-- start Top5 games -->\n\n<div class=\"top5_box\">\n  <div class=\"top5_box_img\"><a class=\"top5_img\" href=\"\/fr\/book-of-ra-classic\/\"><img decoding=\"async\" src=\"https:\/\/www.play-book-slots.com\/wp-content\/uploads\/2023\/11\/book-of-ra-classic-jeu-logo.webp\" alt=\"book of ra classic jeu, logo\" ><\/a><\/div>\n  <div class=\"top5_box_txt\">\n    <h3>Book of Ra Classic<\/h3>\n  \t<a class=\"play_btn\" href=\"\/fr\/book-of-ra-classic\/\">Jouer<\/a>\n  <\/div>\n<\/div>\n<!-- end Top5 games -->\t\t\t\t<\/div>\n\t\t\t\t<\/div>\n\t\t\t\t\t<\/div>\n\t\t<\/div>\n\t\t\t\t<div class=\"elementor-column elementor-col-20 elementor-inner-column elementor-element elementor-element-a485dfc\" data-id=\"a485dfc\" data-element_type=\"column\" data-e-type=\"column\">\n\t\t\t<div class=\"elementor-widget-wrap elementor-element-populated\">\n\t\t\t\t\t\t<div class=\"elementor-element elementor-element-fc30540 elementor-widget elementor-widget-ucaddon_top5_games\" data-id=\"fc30540\" data-element_type=\"widget\" data-e-type=\"widget\" data-widget_type=\"ucaddon_top5_games.default\">\n\t\t\t\t<div class=\"elementor-widget-container\">\n\t\t\t\t\t\n<!-- start Top5 games -->\n\n<div class=\"top5_box\">\n  <div class=\"top5_box_img\"><a class=\"top5_img\" href=\"\/fr\/\"><img decoding=\"async\" src=\"https:\/\/www.play-book-slots.com\/wp-content\/uploads\/2023\/11\/book-of-ra-deluxe-jeu-logo.webp\" alt=\"book of ra deluxe jeu, logo\" ><\/a><\/div>\n  <div class=\"top5_box_txt\">\n    <h3>Book of Ra <\/h3>\n  \t<a class=\"play_btn\" href=\"\/fr\/\">Jouer<\/a>\n  <\/div>\n<\/div>\n<!-- end Top5 games -->\t\t\t\t<\/div>\n\t\t\t\t<\/div>\n\t\t\t\t\t<\/div>\n\t\t<\/div>\n\t\t\t\t<div class=\"elementor-column elementor-col-20 elementor-inner-column elementor-element elementor-element-3dc7acc\" data-id=\"3dc7acc\" data-element_type=\"column\" data-e-type=\"column\">\n\t\t\t<div class=\"elementor-widget-wrap elementor-element-populated\">\n\t\t\t\t\t\t<div class=\"elementor-element elementor-element-566bfd2 elementor-widget elementor-widget-ucaddon_top5_games\" data-id=\"566bfd2\" data-element_type=\"widget\" data-e-type=\"widget\" data-widget_type=\"ucaddon_top5_games.default\">\n\t\t\t\t<div class=\"elementor-widget-container\">\n\t\t\t\t\t\n<!-- start Top5 games -->\n\n<div class=\"top5_box\">\n  <div class=\"top5_box_img\"><a class=\"top5_img\" href=\"\/fr\/lucky-ladys-charm\/\"><img decoding=\"async\" src=\"https:\/\/www.play-book-slots.com\/wp-content\/uploads\/2023\/11\/lucky-ladys-charm-jeu-logo.webp\" alt=\"lucky ladys charm jeu logo\" ><\/a><\/div>\n  <div class=\"top5_box_txt\">\n    <h3>Lucky Lady's Charm<\/h3>\n  \t<a class=\"play_btn\" href=\"\/fr\/lucky-ladys-charm\/\">Jouer<\/a>\n  <\/div>\n<\/div>\n<!-- end Top5 games -->\t\t\t\t<\/div>\n\t\t\t\t<\/div>\n\t\t\t\t\t<\/div>\n\t\t<\/div>\n\t\t\t\t<div class=\"elementor-column elementor-col-20 elementor-inner-column elementor-element elementor-element-5ec1bc6\" data-id=\"5ec1bc6\" data-element_type=\"column\" data-e-type=\"column\">\n\t\t\t<div class=\"elementor-widget-wrap elementor-element-populated\">\n\t\t\t\t\t\t<div class=\"elementor-element elementor-element-09500e0 elementor-widget elementor-widget-ucaddon_top5_games\" data-id=\"09500e0\" data-element_type=\"widget\" data-e-type=\"widget\" data-widget_type=\"ucaddon_top5_games.default\">\n\t\t\t\t<div class=\"elementor-widget-container\">\n\t\t\t\t\t\n<!-- start Top5 games -->\n\n<div class=\"top5_box\">\n  <div class=\"top5_box_img\"><a class=\"top5_img\" href=\"\/fr\/book-of-ra-6\/\"><img decoding=\"async\" src=\"https:\/\/www.play-book-slots.com\/wp-content\/uploads\/2023\/11\/book-of-ra-deluxe-6-jeu-logo.webp\" alt=\"book of ra 6 jeu, logo\" ><\/a><\/div>\n  <div class=\"top5_box_txt\">\n    <h3>Book of Ra 6<\/h3>\n  \t<a class=\"play_btn\" href=\"\/fr\/book-of-ra-6\/\">Jouer<\/a>\n  <\/div>\n<\/div>\n<!-- end Top5 games -->\t\t\t\t<\/div>\n\t\t\t\t<\/div>\n\t\t\t\t\t<\/div>\n\t\t<\/div>\n\t\t\t\t<div class=\"elementor-column elementor-col-20 elementor-inner-column elementor-element elementor-element-b49ee3c\" data-id=\"b49ee3c\" data-element_type=\"column\" data-e-type=\"column\">\n\t\t\t<div class=\"elementor-widget-wrap\">\n\t\t\t\t\t\t\t<\/div>\n\t\t<\/div>\n\t\t\t\t\t<\/div>\n\t\t<\/section>\n\t\t\t\t\t<\/div>\n\t\t<\/div>\n\t\t\t\t\t<\/div>\n\t\t<\/section>\n\t\t\t\t<\/div>\n\t\t","protected":false},"excerpt":{"rendered":"<p>\u00a0 CONDITIONS D&rsquo;UTILISATION Derni\u00e8re mise \u00e0 jour : 17 mars 2023 Veuillez lire attentivement ces conditions avant d&rsquo;utiliser notre service. INTERPR\u00c9TATION ET D\u00c9FINITIONS INTERPR\u00c9TATION Les mots dont la lettre initiale est en majuscule ont des significations d\u00e9finies dans les conditions suivantes. Les d\u00e9finitions suivantes ont la m\u00eame signification, qu&rsquo;elles apparaissent au singulier ou au pluriel. [&hellip;]<\/p>\n","protected":false},"author":1,"featured_media":0,"parent":0,"menu_order":0,"comment_status":"closed","ping_status":"open","template":"elementor_header_footer","meta":{"footnotes":""},"class_list":["post-2537","page","type-page","status-publish","hentry"],"_links":{"self":[{"href":"https:\/\/www.play-book-slots.com\/fr\/wp-json\/wp\/v2\/pages\/2537","targetHints":{"allow":["GET"]}}],"collection":[{"href":"https:\/\/www.play-book-slots.com\/fr\/wp-json\/wp\/v2\/pages"}],"about":[{"href":"https:\/\/www.play-book-slots.com\/fr\/wp-json\/wp\/v2\/types\/page"}],"author":[{"embeddable":true,"href":"https:\/\/www.play-book-slots.com\/fr\/wp-json\/wp\/v2\/users\/1"}],"replies":[{"embeddable":true,"href":"https:\/\/www.play-book-slots.com\/fr\/wp-json\/wp\/v2\/comments?post=2537"}],"version-history":[{"count":16,"href":"https:\/\/www.play-book-slots.com\/fr\/wp-json\/wp\/v2\/pages\/2537\/revisions"}],"predecessor-version":[{"id":68749,"href":"https:\/\/www.play-book-slots.com\/fr\/wp-json\/wp\/v2\/pages\/2537\/revisions\/68749"}],"wp:attachment":[{"href":"https:\/\/www.play-book-slots.com\/fr\/wp-json\/wp\/v2\/media?parent=2537"}],"curies":[{"name":"wp","href":"https:\/\/api.w.org\/{rel}","templated":true}]}}