{"id":2532,"date":"2023-06-09T16:08:54","date_gmt":"2023-06-09T16:08:54","guid":{"rendered":"https:\/\/play-book-slots.com\/kontakt\/"},"modified":"2025-01-09T11:46:57","modified_gmt":"2025-01-09T11:46:57","slug":"kontakt","status":"publish","type":"page","link":"https:\/\/www.play-book-slots.com\/hr\/kontakt\/","title":{"rendered":"Kontakt &#038; Impressum"},"content":{"rendered":"\t\t<div data-elementor-type=\"wp-page\" data-elementor-id=\"2532\" class=\"elementor elementor-2532 elementor-130\" data-elementor-post-type=\"page\">\n\t\t\t\t\t\t<section class=\"elementor-section elementor-top-section elementor-element elementor-element-676c165 elementor-section-boxed elementor-section-height-default elementor-section-height-default\" data-id=\"676c165\" data-element_type=\"section\" data-e-type=\"section\">\n\t\t\t\t\t\t<div class=\"elementor-container elementor-column-gap-default\">\n\t\t\t\t\t<div class=\"elementor-column elementor-col-100 elementor-top-column elementor-element elementor-element-fe16c48\" data-id=\"fe16c48\" data-element_type=\"column\" data-e-type=\"column\">\n\t\t\t<div class=\"elementor-widget-wrap elementor-element-populated\">\n\t\t\t\t\t\t<div class=\"elementor-element elementor-element-452d0fb elementor-widget elementor-widget-text-editor\" data-id=\"452d0fb\" data-element_type=\"widget\" data-e-type=\"widget\" data-widget_type=\"text-editor.default\">\n\t\t\t\t<div class=\"elementor-widget-container\">\n\t\t\t\t\t\t\t\t\t<h1>Impressum<\/h1><p><strong>INES&amp;ANDRO<\/strong>, Obrt za usluge<br \/>Split, Hrvatska<\/p><p><strong>Vlasnik:<\/strong> Andrija Gusic<\/p><p><strong>Tel.:<\/strong> 385958121595<br \/><strong>Email<\/strong>: info@play-book-slots.com<\/p><p><strong>Porezni broj:<\/strong> HR67920038499<\/p><p><strong>MBO:<\/strong> 97842265<\/p><p><strong>Redakcija &amp; Vlasnik:<\/strong><br \/>gusicandrija2810@gmail.com<\/p><p>Platforma Europske komisije za online rje\u0161avanje sporova: https:\/\/ec.europa.eu\/consumers\/odr\/main\/index.cfm?event=main.home2.show&amp;lng=HR<\/p><p>Nismo obvezni niti voljni sudjelovati u postupku rje\u0161avanja sporova pred potro\u0161a\u010dkom arbitra\u017eom.<\/p>\t\t\t\t\t\t\t\t<\/div>\n\t\t\t\t<\/div>\n\t\t\t\t\t<\/div>\n\t\t<\/div>\n\t\t\t\t\t<\/div>\n\t\t<\/section>\n\t\t\t\t<section class=\"elementor-section elementor-top-section elementor-element elementor-element-f464011 elementor-section-boxed elementor-section-height-default elementor-section-height-default\" data-id=\"f464011\" data-element_type=\"section\" data-e-type=\"section\">\n\t\t\t\t\t\t<div class=\"elementor-container elementor-column-gap-default\">\n\t\t\t\t\t<div class=\"elementor-column elementor-col-100 elementor-top-column elementor-element elementor-element-6a1a656\" data-id=\"6a1a656\" data-element_type=\"column\" data-e-type=\"column\">\n\t\t\t<div class=\"elementor-widget-wrap elementor-element-populated\">\n\t\t\t\t\t\t<div class=\"elementor-element elementor-element-e301ecb elementor-widget elementor-widget-text-editor\" data-id=\"e301ecb\" data-element_type=\"widget\" data-e-type=\"widget\" data-widget_type=\"text-editor.default\">\n\t\t\t\t<div class=\"elementor-widget-container\">\n\t\t\t\t\t\t\t\t\t<h2>Kontaktirajte nas<\/h2>\nAko imate dodatnih pitanja slobodno nas kontaktirajte putem kontakt forme ili elektroni\u010dke po\u0161te: info@play-book-slots.com, a mi \u0107emo Vam odgovoriti u najkra\u0107em mogu\u0107em roku.\n<p style=\"font-style: italic;\">Play-Book-slots.com tim!<\/p>\t\t\t\t\t\t\t\t<\/div>\n\t\t\t\t<\/div>\n\t\t\t\t\t<\/div>\n\t\t<\/div>\n\t\t\t\t\t<\/div>\n\t\t<\/section>\n\t\t\t\t<section class=\"elementor-section elementor-top-section elementor-element elementor-element-14256a8 elementor-section-boxed elementor-section-height-default elementor-section-height-default\" data-id=\"14256a8\" data-element_type=\"section\" data-e-type=\"section\">\n\t\t\t\t\t\t<div class=\"elementor-container elementor-column-gap-default\">\n\t\t\t\t\t<div class=\"elementor-column elementor-col-100 elementor-top-column elementor-element elementor-element-f56835c\" data-id=\"f56835c\" data-element_type=\"column\" data-e-type=\"column\">\n\t\t\t<div class=\"elementor-widget-wrap elementor-element-populated\">\n\t\t\t\t\t\t<div class=\"elementor-element elementor-element-5ed176f elementor-widget elementor-widget-shortcode\" data-id=\"5ed176f\" data-element_type=\"widget\" data-e-type=\"widget\" data-widget_type=\"shortcode.default\">\n\t\t\t\t<div class=\"elementor-widget-container\">\n\t\t\t\t\t\t\t<div class=\"elementor-shortcode\">\n<div class=\"wpcf7 no-js\" id=\"wpcf7-f3280-o1\" lang=\"en-US\" dir=\"ltr\" data-wpcf7-id=\"3280\">\n<div class=\"screen-reader-response\"><p role=\"status\" aria-live=\"polite\" aria-atomic=\"true\"><\/p> <ul><\/ul><\/div>\n<form action=\"\/hr\/wp-json\/wp\/v2\/pages\/2532#wpcf7-f3280-o1\" method=\"post\" class=\"wpcf7-form init\" aria-label=\"Contact form\" novalidate=\"novalidate\" data-status=\"init\">\n<fieldset class=\"hidden-fields-container\"><input type=\"hidden\" name=\"_wpcf7\" value=\"3280\" \/><input type=\"hidden\" name=\"_wpcf7_version\" value=\"6.1.5\" \/><input type=\"hidden\" name=\"_wpcf7_locale\" value=\"en_US\" \/><input type=\"hidden\" name=\"_wpcf7_unit_tag\" value=\"wpcf7-f3280-o1\" \/><input type=\"hidden\" name=\"_wpcf7_container_post\" value=\"0\" \/><input type=\"hidden\" name=\"_wpcf7_posted_data_hash\" value=\"\" \/><input type=\"hidden\" name=\"_wpcf7_recaptcha_response\" value=\"\" \/>\n<\/fieldset>\n<div class=\"forma\">\n\t<div class=\"forma_w50\">\n\t\t<p><label> Va\u0161e ime <\/label><span class=\"wpcf7-form-control-wrap\" data-name=\"your-name\"><input size=\"40\" maxlength=\"400\" class=\"wpcf7-form-control wpcf7-text wpcf7-validates-as-required\" autocomplete=\"name\" aria-required=\"true\" aria-invalid=\"false\" value=\"\" type=\"text\" name=\"your-name\" \/><\/span>\n\t\t<\/p>\n\t<\/div>\n\t<div class=\"forma_w50\">\n\t\t<p><label> Email <\/label><span class=\"wpcf7-form-control-wrap\" data-name=\"your-email\"><input size=\"40\" maxlength=\"400\" class=\"wpcf7-form-control wpcf7-email wpcf7-validates-as-required wpcf7-text wpcf7-validates-as-email\" autocomplete=\"email\" aria-required=\"true\" aria-invalid=\"false\" value=\"\" type=\"email\" name=\"your-email\" \/><\/span>\n\t\t<\/p>\n\t<\/div>\n\t<div class=\"forma_w100\">\n\t\t<p><label> Poruka (optional) <\/label><span class=\"wpcf7-form-control-wrap\" data-name=\"your-message\"><textarea cols=\"40\" rows=\"10\" maxlength=\"2000\" class=\"wpcf7-form-control wpcf7-textarea\" aria-invalid=\"false\" name=\"your-message\"><\/textarea><\/span>\n\t\t<\/p>\n\t<\/div>\n\t<div class=\"forma_w100\">\n\t\t<p><input class=\"wpcf7-form-control wpcf7-submit has-spinner\" type=\"submit\" value=\"PO\u0160ALJI PORUKU\" \/>\n\t\t<\/p>\n\t<\/div>\n<\/div><div class=\"wpcf7-response-output\" aria-hidden=\"true\"><\/div>\n<\/form>\n<\/div>\n<\/div>\n\t\t\t\t\t\t<\/div>\n\t\t\t\t<\/div>\n\t\t\t\t\t<\/div>\n\t\t<\/div>\n\t\t\t\t\t<\/div>\n\t\t<\/section>\n\t\t\t\t<section class=\"elementor-section elementor-top-section elementor-element elementor-element-5187457 elementor-section-boxed elementor-section-height-default elementor-section-height-default\" data-id=\"5187457\" data-element_type=\"section\" data-e-type=\"section\">\n\t\t\t\t\t\t<div class=\"elementor-container elementor-column-gap-default\">\n\t\t\t\t\t<div class=\"elementor-column elementor-col-100 elementor-top-column elementor-element elementor-element-701d9bd\" data-id=\"701d9bd\" data-element_type=\"column\" data-e-type=\"column\">\n\t\t\t<div class=\"elementor-widget-wrap elementor-element-populated\">\n\t\t\t\t\t\t<div class=\"elementor-element elementor-element-7a0db4b elementor-widget elementor-widget-text-editor\" data-id=\"7a0db4b\" data-element_type=\"widget\" data-e-type=\"widget\" data-widget_type=\"text-editor.default\">\n\t\t\t\t<div class=\"elementor-widget-container\">\n\t\t\t\t\t\t\t\t\t<h2>Izjava o odricanju odgovornosti<\/h2><p>Play-book-slots.com ne upravlja nijednom platformom za online kockanje. Na\u0161a je uloga isklju\u010divo pru\u017eanje edukativnog sadr\u017eaja i smjernica vezanih uz casino igre online i ostali gambling sadr\u017eaj. S obzirom na \u010deste izmjene zakona o kockanju u raznim regijama, savjetujemo vam da se informirate o propisima o kockanju u va\u0161oj dr\u017eavi, prije nego \u0161to se uklju\u010dite u online igranje.<\/p><p>Neophodno je da je igranje s pravim novcem u online casinu zakonito u va\u0161oj dr\u017eavi. Osim navedenog, morate ispunjavati zakonske uvjete za dob za igranje igara na sre\u0107u (u ve\u0107ini slu\u010dajeva 18+). Ako odlu\u010dite sudjelovati u online kockanju s pravim novcem, sva odgovornost je na vama. Nismo odgovorni za sadr\u017eaj, promocije ili aktivnosti na vanjskim web stranicama, \u010dak i ako su povezane s Play-book-slots.com.<\/p>\t\t\t\t\t\t\t\t<\/div>\n\t\t\t\t<\/div>\n\t\t\t\t\t<\/div>\n\t\t<\/div>\n\t\t\t\t\t<\/div>\n\t\t<\/section>\n\t\t\t\t<section class=\"elementor-section elementor-top-section elementor-element elementor-element-8c3c035 elementor-section-boxed elementor-section-height-default elementor-section-height-default\" data-id=\"8c3c035\" data-element_type=\"section\" data-e-type=\"section\">\n\t\t\t\t\t\t<div class=\"elementor-container elementor-column-gap-default\">\n\t\t\t\t\t<div class=\"elementor-column elementor-col-100 elementor-top-column elementor-element elementor-element-2e2a8da\" data-id=\"2e2a8da\" data-element_type=\"column\" data-e-type=\"column\">\n\t\t\t<div class=\"elementor-widget-wrap elementor-element-populated\">\n\t\t\t\t\t\t<div class=\"elementor-element elementor-element-c9f52c5 elementor-widget-divider--view-line elementor-widget elementor-widget-divider\" data-id=\"c9f52c5\" data-element_type=\"widget\" data-e-type=\"widget\" data-widget_type=\"divider.default\">\n\t\t\t\t<div class=\"elementor-widget-container\">\n\t\t\t\t\t\t\t<div class=\"elementor-divider\">\n\t\t\t<span class=\"elementor-divider-separator\">\n\t\t\t\t\t\t<\/span>\n\t\t<\/div>\n\t\t\t\t\t\t<\/div>\n\t\t\t\t<\/div>\n\t\t\t\t\t<\/div>\n\t\t<\/div>\n\t\t\t\t\t<\/div>\n\t\t<\/section>\n\t\t\t\t<section class=\"elementor-section elementor-top-section elementor-element elementor-element-e8c8087 elementor-section-boxed elementor-section-height-default elementor-section-height-default\" data-id=\"e8c8087\" data-element_type=\"section\" data-e-type=\"section\">\n\t\t\t\t\t\t<div class=\"elementor-container elementor-column-gap-default\">\n\t\t\t\t\t<div class=\"elementor-column elementor-col-100 elementor-top-column elementor-element elementor-element-7ac6f35\" data-id=\"7ac6f35\" data-element_type=\"column\" data-e-type=\"column\">\n\t\t\t<div class=\"elementor-widget-wrap elementor-element-populated\">\n\t\t\t\t\t\t<div class=\"elementor-element elementor-element-ddb41ec elementor-widget elementor-widget-heading\" data-id=\"ddb41ec\" data-element_type=\"widget\" data-e-type=\"widget\" data-widget_type=\"heading.default\">\n\t\t\t\t<div class=\"elementor-widget-container\">\n\t\t\t\t\t<h2 class=\"elementor-heading-title elementor-size-default\">Besplatne casino igre bez registracije\n<\/h2>\t\t\t\t<\/div>\n\t\t\t\t<\/div>\n\t\t\t\t\t<\/div>\n\t\t<\/div>\n\t\t\t\t\t<\/div>\n\t\t<\/section>\n\t\t\t\t<section class=\"elementor-section elementor-top-section elementor-element elementor-element-e021407 elementor-section-boxed elementor-section-height-default elementor-section-height-default\" data-id=\"e021407\" data-element_type=\"section\" data-e-type=\"section\">\n\t\t\t\t\t\t<div class=\"elementor-container elementor-column-gap-default\">\n\t\t\t\t\t<div class=\"elementor-column elementor-col-100 elementor-top-column elementor-element elementor-element-bb1a2d3\" data-id=\"bb1a2d3\" data-element_type=\"column\" data-e-type=\"column\">\n\t\t\t<div class=\"elementor-widget-wrap elementor-element-populated\">\n\t\t\t\t\t\t<section class=\"elementor-section elementor-inner-section elementor-element elementor-element-334a9d4 top5 elementor-section-boxed elementor-section-height-default elementor-section-height-default\" data-id=\"334a9d4\" data-element_type=\"section\" data-e-type=\"section\">\n\t\t\t\t\t\t<div class=\"elementor-container elementor-column-gap-default\">\n\t\t\t\t\t<div class=\"elementor-column elementor-col-20 elementor-inner-column elementor-element elementor-element-e37cf44\" data-id=\"e37cf44\" data-element_type=\"column\" data-e-type=\"column\">\n\t\t\t<div class=\"elementor-widget-wrap elementor-element-populated\">\n\t\t\t\t\t\t<div class=\"elementor-element elementor-element-268dbde elementor-widget elementor-widget-ucaddon_top5_games\" data-id=\"268dbde\" data-element_type=\"widget\" data-e-type=\"widget\" data-widget_type=\"ucaddon_top5_games.default\">\n\t\t\t\t<div class=\"elementor-widget-container\">\n\t\t\t\t\t\n<!-- start Top5 games -->\n\n<div class=\"top5_box\">\n  <div class=\"top5_box_img\"><a class=\"top5_img\" href=\"\/hr\/\"><img decoding=\"async\" src=\"https:\/\/www.play-book-slots.com\/wp-content\/uploads\/2023\/06\/book-of-ra-deluxe-logo.webp\" alt=\"you can play book of ra deluxe on our website\" ><\/a><\/div>\n  <div class=\"top5_box_txt\">\n    <h3>Book of Ra<\/h3>\n  \t<a class=\"play_btn\" href=\"\/hr\/\">Igraj<\/a>\n  <\/div>\n<\/div>\n<!-- end Top5 games -->\t\t\t\t<\/div>\n\t\t\t\t<\/div>\n\t\t\t\t\t<\/div>\n\t\t<\/div>\n\t\t\t\t<div class=\"elementor-column elementor-col-20 elementor-inner-column elementor-element elementor-element-2a8799d\" data-id=\"2a8799d\" data-element_type=\"column\" data-e-type=\"column\">\n\t\t\t<div class=\"elementor-widget-wrap elementor-element-populated\">\n\t\t\t\t\t\t<div class=\"elementor-element elementor-element-c842214 elementor-widget elementor-widget-ucaddon_top5_games\" data-id=\"c842214\" data-element_type=\"widget\" data-e-type=\"widget\" data-widget_type=\"ucaddon_top5_games.default\">\n\t\t\t\t<div class=\"elementor-widget-container\">\n\t\t\t\t\t\n<!-- start Top5 games -->\n\n<div class=\"top5_box\">\n  <div class=\"top5_box_img\"><a class=\"top5_img\" href=\"\/hr\/lucky-ladys-charm\/\"><img decoding=\"async\" src=\"https:\/\/www.play-book-slots.com\/wp-content\/uploads\/2023\/06\/lucky-ladys-charm-logo.webp\" alt=\"play lucky lady&#039;s charm online for free\" ><\/a><\/div>\n  <div class=\"top5_box_txt\">\n    <h3>Lucky Lady's Charm<\/h3>\n  \t<a class=\"play_btn\" href=\"\/hr\/lucky-ladys-charm\/\">Igraj<\/a>\n  <\/div>\n<\/div>\n<!-- end Top5 games -->\t\t\t\t<\/div>\n\t\t\t\t<\/div>\n\t\t\t\t\t<\/div>\n\t\t<\/div>\n\t\t\t\t<div class=\"elementor-column elementor-col-20 elementor-inner-column elementor-element elementor-element-6e757cd\" data-id=\"6e757cd\" data-element_type=\"column\" data-e-type=\"column\">\n\t\t\t<div class=\"elementor-widget-wrap elementor-element-populated\">\n\t\t\t\t\t\t<div class=\"elementor-element elementor-element-e796a34 elementor-widget elementor-widget-ucaddon_top5_games\" data-id=\"e796a34\" data-element_type=\"widget\" data-e-type=\"widget\" data-widget_type=\"ucaddon_top5_games.default\">\n\t\t\t\t<div class=\"elementor-widget-container\">\n\t\t\t\t\t\n<!-- start Top5 games -->\n\n<div class=\"top5_box\">\n  <div class=\"top5_box_img\"><a class=\"top5_img\" href=\"\/hr\/sizzling-hot-deluxe\/\"><img decoding=\"async\" src=\"https:\/\/www.play-book-slots.com\/wp-content\/uploads\/2023\/06\/sizzling-hot-deluxe-logo.webp\" alt=\"play sizzling hot deluxe online for free\" ><\/a><\/div>\n  <div class=\"top5_box_txt\">\n    <h3>Sizzling Hot Deluxe<\/h3>\n  \t<a class=\"play_btn\" href=\"\/hr\/sizzling-hot-deluxe\/\">Igraj<\/a>\n  <\/div>\n<\/div>\n<!-- end Top5 games -->\t\t\t\t<\/div>\n\t\t\t\t<\/div>\n\t\t\t\t\t<\/div>\n\t\t<\/div>\n\t\t\t\t<div class=\"elementor-column elementor-col-20 elementor-inner-column elementor-element elementor-element-2e3f834\" data-id=\"2e3f834\" data-element_type=\"column\" data-e-type=\"column\">\n\t\t\t<div class=\"elementor-widget-wrap\">\n\t\t\t\t\t\t\t<\/div>\n\t\t<\/div>\n\t\t\t\t<div class=\"elementor-column elementor-col-20 elementor-inner-column elementor-element elementor-element-89e8b48\" data-id=\"89e8b48\" data-element_type=\"column\" data-e-type=\"column\">\n\t\t\t<div class=\"elementor-widget-wrap\">\n\t\t\t\t\t\t\t<\/div>\n\t\t<\/div>\n\t\t\t\t\t<\/div>\n\t\t<\/section>\n\t\t\t\t\t<\/div>\n\t\t<\/div>\n\t\t\t\t\t<\/div>\n\t\t<\/section>\n\t\t\t\t<\/div>\n\t\t","protected":false},"excerpt":{"rendered":"<p>Impressum INES&amp;ANDRO, Obrt za uslugeSplit, Hrvatska Vlasnik: Andrija Gusic Tel.: 385958121595Email: info@play-book-slots.com Porezni broj: HR67920038499 MBO: 97842265 Redakcija &amp; Vlasnik:gusicandrija2810@gmail.com Platforma Europske komisije za online rje\u0161avanje sporova: https:\/\/ec.europa.eu\/consumers\/odr\/main\/index.cfm?event=main.home2.show&amp;lng=HR Nismo obvezni niti voljni sudjelovati u postupku rje\u0161avanja sporova pred potro\u0161a\u010dkom arbitra\u017eom. Kontaktirajte nas Ako imate dodatnih pitanja slobodno nas kontaktirajte putem kontakt forme ili elektroni\u010dke po\u0161te: [&hellip;]<\/p>\n","protected":false},"author":1,"featured_media":0,"parent":0,"menu_order":0,"comment_status":"closed","ping_status":"open","template":"elementor_header_footer","meta":{"footnotes":""},"class_list":["post-2532","page","type-page","status-publish","hentry"],"_links":{"self":[{"href":"https:\/\/www.play-book-slots.com\/hr\/wp-json\/wp\/v2\/pages\/2532","targetHints":{"allow":["GET"]}}],"collection":[{"href":"https:\/\/www.play-book-slots.com\/hr\/wp-json\/wp\/v2\/pages"}],"about":[{"href":"https:\/\/www.play-book-slots.com\/hr\/wp-json\/wp\/v2\/types\/page"}],"author":[{"embeddable":true,"href":"https:\/\/www.play-book-slots.com\/hr\/wp-json\/wp\/v2\/users\/1"}],"replies":[{"embeddable":true,"href":"https:\/\/www.play-book-slots.com\/hr\/wp-json\/wp\/v2\/comments?post=2532"}],"version-history":[{"count":26,"href":"https:\/\/www.play-book-slots.com\/hr\/wp-json\/wp\/v2\/pages\/2532\/revisions"}],"predecessor-version":[{"id":70392,"href":"https:\/\/www.play-book-slots.com\/hr\/wp-json\/wp\/v2\/pages\/2532\/revisions\/70392"}],"wp:attachment":[{"href":"https:\/\/www.play-book-slots.com\/hr\/wp-json\/wp\/v2\/media?parent=2532"}],"curies":[{"name":"wp","href":"https:\/\/api.w.org\/{rel}","templated":true}]}}