{"id":2595,"date":"2023-06-09T16:09:51","date_gmt":"2023-06-09T16:09:51","guid":{"rendered":"https:\/\/play-book-slots.com\/termsconditions\/"},"modified":"2025-01-09T11:48:06","modified_gmt":"2025-01-09T11:48:06","slug":"uvjeti-koristenja","status":"publish","type":"page","link":"https:\/\/www.play-book-slots.com\/hr\/uvjeti-koristenja\/","title":{"rendered":"Uvjeti kori\u0161tenja"},"content":{"rendered":"\t\t<div data-elementor-type=\"wp-page\" data-elementor-id=\"2595\" class=\"elementor elementor-2595 elementor-134\" data-elementor-post-type=\"page\">\n\t\t\t\t\t\t<section class=\"elementor-section elementor-top-section elementor-element elementor-element-da635c5 elementor-section-boxed elementor-section-height-default elementor-section-height-default\" data-id=\"da635c5\" data-element_type=\"section\" data-e-type=\"section\">\n\t\t\t\t\t\t<div class=\"elementor-container elementor-column-gap-default\">\n\t\t\t\t\t<div class=\"elementor-column elementor-col-100 elementor-top-column elementor-element elementor-element-48c267e\" data-id=\"48c267e\" data-element_type=\"column\" data-e-type=\"column\">\n\t\t\t<div class=\"elementor-widget-wrap elementor-element-populated\">\n\t\t\t\t\t\t<div class=\"elementor-element elementor-element-27c588b elementor-widget elementor-widget-text-editor\" data-id=\"27c588b\" data-element_type=\"widget\" data-e-type=\"widget\" data-widget_type=\"text-editor.default\">\n\t\t\t\t<div class=\"elementor-widget-container\">\n\t\t\t\t\t\t\t\t\t<h1>UVJETI I ODREDBE<\/h1><p style=\"font-style: italic;\">Posljednje a\u017eurirano: 17. o\u017eujka, 2023.<\/p><p>Molimo pa\u017eljivo pro\u010ditajte ove Uvjete i odredbe prije kori\u0161tenja na\u0161ih usluga.<\/p><h2>TUMA\u010cENJE I DEFINICIJE<\/h2><h3>TUMA\u010cENJE<\/h3><p>Rije\u010di velikog prvog po\u010detnog slova imaju zna\u010denja definirana pod sljede\u0107im uvjetima. Navedene definicije imaju jednako zna\u010denje bez obzira pojavljuju li se u jednini ili mno\u017eini.<\/p><h3>DEFINICIJE<\/h3><p>Za potrebe ovih Uvjeta i odredbi:<\/p><ul><li><strong><span class=\"orangebold\">Povezano dru\u0161tvo<\/span><\/strong> ozna\u010dava subjekt koji kontrolira, kojeg se kontrolira ili je pod zajedni\u010dkom kontrolom sa strankom, pri \u010demu \u201ekontrola\u201c ozna\u010dava vlasni\u0161tvo nad 50% ili vi\u0161e dionica, vlasni\u010dkog udjela ili drugih vrijednosnih papira s pravom glasanja za izbor direktora ili drugog organa upravljanja.<\/li><li><strong>Dr\u017eava <\/strong>se odnosi na: Republiku Hrvatsku<\/li><li><strong>Tvrtka<\/strong> (koja se u ovom ugovoru odnosi i na &#8220;Mi&#8221;, &#8220;Nas&#8221; ili &#8220;Na\u0161e&#8221;) odnosi se na Play-book-slots.com.<\/li><li><strong>Ure\u0111aj<\/strong> ozna\u010dava bilo koji ure\u0111aj koji mo\u017ee pristupiti Usluzi, kao \u0161to je ra\u010dunalo, mobitel ili digitalni tablet.<\/li><li><strong>Usluga<\/strong> se odnosi na Internet stranicu.<\/li><li><strong>Uvjeti i odredbe<\/strong> (tako\u0111er pod nazivom &#8220;Uvjeti&#8221;) ozna\u010davaju ove Uvjete i odredbe koji \u010dine cjelokupan ugovor izme\u0111u Vas i Tvrtke u svezi s kori\u0161tenjem usluge. Ovaj ugovor Uvjeta i odredbi izra\u0111en je pomo\u0107u <a href=\"https:\/\/www.termsfeed.com\/terms-conditions-generator\/\" target=\"_blank\" rel=\"external nofollow noopener\">TermsFeed generatora Uvjeta i odredbi<\/a>.<\/li><li><strong>Usluga dru\u0161tvenih mre\u017ea tre\u0107e strane<\/strong> ozna\u010dava bilo kakve usluge ili sadr\u017eaj (uklju\u010duju\u0107i podatke, informacije, proizvode ili usluge) koje pru\u017ea tre\u0107a strana a koje Usluga mo\u017ee prikazati, uklju\u010diti ili napraviti dostupnima.<\/li><li><strong>Internet stranica<\/strong> odnosi se na Play-book-slots.com, dostupna preko poveznice <a href=\"https:\/\/www.play-book-slots.com\/\" target=\"_blank\" rel=\"noopener\">https:\/\/www.play-book-slots.com\/<\/a><\/li><li><strong>Vi<\/strong> ozna\u010dava pojedinca koji pristupa ili koristi Uslugu, ili Tvrtku, ili drugi pravni subjekt u \u010dije ime takav pojedinac pristupa ili koristi Uslugu, kako je primjenjivo<\/li><\/ul><h2>POTVRDA<\/h2><p>Ovo su Uvjeti i odredbe koje ure\u0111uju kori\u0161tenje ove Usluge i ugovor koji vrijedi izme\u0111u Vas i Tvrtke. Ovim Uvjetima i odredbama utvr\u0111ena su prava i obveze svih korisnika u vezi s kori\u0161tenjem Usluge.<\/p><p>Va\u0161e pristupanje i kori\u0161tenje Usluge uvjetovani su Va\u0161im prihva\u0107anjem i po\u0161tivanjem ovih Uvjeta i odredbi. Ovi Uvjeti i odredbe odnose se na sve posjetitelje, korisnike i druge osobe koje pristupaju ili koriste Uslugu.<\/p><p>Pristupanjem ili kori\u0161tenjem Usluge suglasni ste s ovim Uvjetima i odredbama. Ako se ne sla\u017eete s bilo kojim dijelom ovih Uvjeta i odredbi, ne mo\u017eete pristupiti Usluzi.<\/p><p>Izjavljujete da ste stariji od 18 godina. Tvrtka je dozvoljava kori\u0161tenje Usluge mla\u0111ima od 18 godina.<\/p><p>Va\u0161e pristupanje i kori\u0161tenje Usluge tako\u0111er je uvjetovani Va\u0161im prihva\u0107anjem i uskla\u0111eno\u0161\u0107u s Politikom privatnosti Tvrtke. Na\u0161a Politika privatnosti opisuje na\u0161a pravila i postupke prikupljanja, kori\u0161tenja i otkrivanja va\u0161ih osobnih podataka tijekom kori\u0161tenja aplikacije ili Internet stranice i upoznaje Vas s Va\u0161im pravima na privatnost, te na koji vas na\u010din \u0161titi zakon. Pa\u017eljivo pro\u010ditajte na\u0161u Politiku privatnosti prije kori\u0161tenja Na\u0161e Usluge.<\/p><h3>POVEZNICE NA DRUGE INTERNET STRANICE<\/h3><p>Na\u0161a Usluga mo\u017ee sadr\u017eavati poveznice na Internet stranice ili usluge tre\u0107ih strana koje nisu u vlasni\u0161tvu ili pod kontrolom Tvrtke.<\/p><p>Tvrtka nema kontrolu, niti preuzima odgovornost nad sadr\u017eajem, politikom privatnosti ili praksama bilo kojih Internet stranica ili usluga tre\u0107e strane.<\/p><p>Nadalje, potvr\u0111ujete i sla\u017eete se da Tvrtka ne\u0107e biti odgovorna ili obvezna, izravno ili neizravno, za bilo kakvu \u0161tetu ili gubitak uzrokovan ili navodno uzrokovan kori\u0161tenjem ili oslanjanjem na bilo koji takav sadr\u017eaj, robu ili usluge dostupne na ili putem bilo koje takve Internet stranice ili usluge.<\/p><p>Savjetujemo Vam da pro\u010ditate uvjete i odredbe i politike privatnosti svih Internet stranica ili usluga tre\u0107ih strana koje posjetite.<\/p><h3>RASKID<\/h3><p>Mo\u017eemo prekinuti ili obustaviti Va\u0161 pristup odmah, bez prethodne obavijesti ili odgovornosti, iz bilo kojeg razloga, uklju\u010duju\u0107i bez ograni\u010denja ako Vi prekr\u0161ite ove Uvjete i odredbe.<\/p><p>Nakon raskida, odmah prestaje i Va\u0161e pravo kori\u0161tenja Usluge.<\/p><h2>OGRANI\u010cENJE ODGOVORNOSTI<\/h2><p>Bez obzira na bilo kakvu \u0161tetu koju biste mogli pretrpjeti, cjelokupna odgovornost Tvrtke i bilo kojeg od njenih suradnika prema bilo kojoj odredbi ovih Uvjeta i Va\u0161 isklju\u010divi pravni lijek za sve gore navedeno bit \u0107e ograni\u010den na iznos koji ste stvarno platili putem Usluge ili 100 USD ako niste ni\u0161ta kupili putem Usluge.<\/p><p>U najve\u0107oj mjeri dopu\u0161tenoj primjenjivim zakonom, ni u kojem slu\u010daju Tvrtka ili njezini suradnici ne\u0107e biti odgovorni za bilo kakve posebne, slu\u010dajne, neizravne ili posljedi\u010dne \u0161tete (uklju\u010duju\u0107i, ali ne ograni\u010davaju\u0107i se na, \u0161tete zbog gubitka dobiti, gubitka podataka ili drugih informacije, za prekid poslovanja, za osobne ozljede, gubitak privatnosti koji proizlazi iz ili je na bilo koji na\u010din povezan s kori\u0161tenjem ili nemogu\u0107no\u0161\u0107u kori\u0161tenja Usluge, softvera tre\u0107e strane i\/ili hardvera tre\u0107e strane koji se koristi s Uslugom, ili ina\u010de u vezi s bilo kojom odredbom ovih Uvjeta), \u010dak i ako je Tvrtka ili bilo koji suradnik obavije\u0161ten o mogu\u0107nosti takve \u0161tete i \u010dak i ako pravni lijek ne ispuni svoju bitnu svrhu.<\/p><p>Neke dr\u017eave ne dopu\u0161taju isklju\u010divanje implicitnih jamstava ili ograni\u010denje odgovornosti za slu\u010dajne ili posljedi\u010dne \u0161tete, \u0161to zna\u010di da se neka od gore navedenih ograni\u010denja mo\u017eda ne\u0107e primjenjivati. U tim \u0107e dr\u017eavama odgovornost svake strane biti ograni\u010dena u najve\u0107oj mogu\u0107oj mjeri dopu\u0161tenoj zakonom.<\/p><h2>ODRICANJE OD ODGOVORNOSTI \u201eKAKVO JEST\u201c I \u201eKAKVO JE DOSTUPNO\u201c<\/h2><p>Usluga Vam se pru\u017ea &#8220;KAKVA JEST&#8221; i &#8220;KAKVA JE DOSTUPNA&#8221; i sa svim gre\u0161kama i nedostacima bez jamstva bilo kakve vrste. U najve\u0107oj mjeri dopu\u0161tenoj va\u017ee\u0107im zakonom, Tvrtka, u svoje ime i u ime svojih povezanih dru\u0161tava i svojih i njihovih odgovaraju\u0107ih davatelja licenci i pru\u017eatelja usluga, izri\u010dito se odri\u010de svih jamstava, bilo izri\u010ditih, implicitnih, zakonskih ili drugih, u pogledu Usluga, uklju\u010duju\u0107i sva podrazumijevana jamstva o utr\u017eivosti, prikladnosti za odre\u0111enu svrhu, naslov i nekr\u0161enje, te jamstva koja mogu proiza\u0107i iz tijeka poslovanja, tijeka izvedbe, uporabe ili trgovinske prakse.<\/p><p>Bez ograni\u010denja na prethodno navedeno, Tvrtka ne daje nikakvo jamstvo niti obvezu te ne daje nikakvu izjavu bilo koje vrste da \u0107e Usluga ispuniti Va\u0161e zahtjeve, posti\u0107i bilo kakve \u017eeljene rezultate, biti kompatibilna ili raditi s bilo kojim drugim softverom, aplikacijama, sustavima ili uslugama, funkcionirati bez prekida, zadovoljavati sve standarde izvedbe ili pouzdanosti ili biti bez gre\u0161aka ili da se sve pogre\u0161ke ili nedostaci mogu ispraviti ili \u0107e biti ispravljeni.<\/p><p>Bez ograni\u010davanja prethodno navedenog, niti Tvrtka niti bilo koji pru\u017eatelj tvrtke ne daje nikakvu izjavu ili jamstvo bilo koje vrste, izri\u010dito ili podrazumijevano: (i) u pogledu rada ili dostupnosti Usluge ili informacija, sadr\u017eaja i materijala ili proizvoda uklju\u010denog u nju; (ii) da \u0107e Usluga biti neprekinuta ili bez gre\u0161aka; (iii) u pogledu to\u010dnosti, pouzdanosti ili aktualnosti bilo koje informacije ili sadr\u017eaja pru\u017eenog putem Usluge; ili (iv) da Usluga, njezini poslu\u017eitelji, sadr\u017eaj ili e-po\u0161ta poslana iz ili u ime Tvrtke ne sadr\u017ei viruse, skripte, trojanske konje, crve, zlonamjerni softver, vremenske bombe ili druge \u0161tetne komponente.<\/p><p>Neka nadle\u017ena tijela ne dopu\u0161taju isklju\u010divanje odre\u0111enih vrsta jamstava ili ograni\u010denja primjenjivih zakonskih prava potro\u0161a\u010da, tako da se neka ili sva gore navedena isklju\u010denja i ograni\u010denja mo\u017eda ne odnose na Vas. Ali u tom slu\u010daju \u0107e se isklju\u010divanja i ograni\u010denja navedena u ovom djelu primjenjivati u najve\u0107oj mjeri provedivoj prema primjenjivom zakonu.<\/p><h3>MJERODAVNI ZAKON<\/h3><p>Zakoni Dr\u017eave, isklju\u010duju\u0107i pravila sukoba zakona, regulirat \u0107e ove Uvjete i Va\u0161u upotrebu ove Usluge. Va\u0161e kori\u0161tenje Aplikacije tako\u0111er mo\u017ee podlijegati drugim lokalnim, dr\u017eavnim, nacionalnim ili me\u0111unarodnim zakonima.<\/p><h3>RJE\u0160AVANJE SPOROVA<\/h3><p>Ako imate bilo kakvih nedoumica ili sporova u svezi s Uslugom, suglasni ste da \u0107ete prvo poku\u0161ati rije\u0161iti spor neformalno, kontaktiranjem Tvrtke.<\/p><h3>ZA KORISNIKE EUROPSKE UNIJE (EU)<\/h3><p>Ako ste potro\u0161a\u010d iz Europske unije, mo\u017eete se okoristiti svim obveznim odredbama zakona dr\u017eave u kojoj \u017eivite.<\/p><h2>KLAUZULA O RASKIDIVOSTI I ODRICANJE<\/h2><h3>KLAUZULA O RASKIDIVOSTI<\/h3><p>Ako se bilo koja odredba ovih Uvjeta smatra neprovedivom ili nevaljanom, takva \u0107e se odredba promijeniti i protuma\u010diti kako bi se postigli ciljevi takve odredbe u najve\u0107oj mogu\u0107oj mjeri prema primjenjivom zakonu, a preostale odredbe \u0107e i dalje biti na snazi i u\u010dinku.<\/p><h3>ODRICANJE<\/h3><p>Osim kako je ovdje navedeno, neuspjeh u ostvarivanju prava ili zahtijevanju izvr\u0161enja obveze prema ovim Uvjetima ne\u0107e utjecati na mogu\u0107nost stranke da ostvari takvo pravo ili zahtijeva takvo izvr\u0161enje u bilo kojem trenutku nakon toga niti \u0107e odricanje od kr\u0161enja predstavljati odricanje od svakog naknadnog kr\u0161enja.<\/p><h3>TUMA\u010cENJE PRIJEVODA<\/h3><p>Ovi Uvjeti i odredbe mogu biti prevedeni ako su Vam kao takvi dostupni preko na\u0161e Usluge. Sla\u017eete se da \u0107e u slu\u010daju spora prevladati izvorni tekst na engleskom jeziku.<\/p><h2>IZMJENE OVIH UVJETA I ODREDBI<\/h2><p>Zadr\u017eavamo pravo, prema vlastitom naho\u0111enju, izmijeniti ili zamijeniti ove Uvjete u bilo kojem trenutku. Ako je revizija materijalna, ulo\u017eit \u0107emo razumne napore da prika\u017eemo obavijest najmanje 30 dana prije stupanja na snagu novih uvjeta. Prema vlastitom \u0107emo naho\u0111enju odrediti \u0161to predstavlja materijalnu promjenu.<\/p><p>Nastavkom pristupanja ili kori\u0161tenja Na\u0161e Usluge nakon stupanja tih revizija na snagu, sla\u017eete se s revidiranim uvjetima. Ako se ne sla\u017eete s novim uvjetima, u cijelosti ili djelomi\u010dno, molimo Vas da prestanete s kori\u0161tenjem Internet stranice i Usluge.<\/p><h3>KONTAKTIRAJTE NAS<\/h3><p>Ako imate bilo kakvih pitanja vezanih za ove Uvjete i odredbe, mo\u017eete nas kontaktirati putem e-po\u0161te:<br \/><span style=\"font-weight: bold;\">info@play-book-slots.com<\/span><\/p>\t\t\t\t\t\t\t\t<\/div>\n\t\t\t\t<\/div>\n\t\t\t\t\t<\/div>\n\t\t<\/div>\n\t\t\t\t\t<\/div>\n\t\t<\/section>\n\t\t\t\t<section class=\"elementor-section elementor-top-section elementor-element elementor-element-ed22e2f elementor-section-boxed elementor-section-height-default elementor-section-height-default\" data-id=\"ed22e2f\" data-element_type=\"section\" data-e-type=\"section\">\n\t\t\t\t\t\t<div class=\"elementor-container elementor-column-gap-default\">\n\t\t\t\t\t<div class=\"elementor-column elementor-col-100 elementor-top-column elementor-element elementor-element-e9172b2\" data-id=\"e9172b2\" data-element_type=\"column\" data-e-type=\"column\">\n\t\t\t<div class=\"elementor-widget-wrap elementor-element-populated\">\n\t\t\t\t\t\t<div class=\"elementor-element elementor-element-b827ee4 elementor-widget-divider--view-line elementor-widget elementor-widget-divider\" data-id=\"b827ee4\" data-element_type=\"widget\" data-e-type=\"widget\" data-widget_type=\"divider.default\">\n\t\t\t\t<div class=\"elementor-widget-container\">\n\t\t\t\t\t\t\t<div class=\"elementor-divider\">\n\t\t\t<span class=\"elementor-divider-separator\">\n\t\t\t\t\t\t<\/span>\n\t\t<\/div>\n\t\t\t\t\t\t<\/div>\n\t\t\t\t<\/div>\n\t\t\t\t\t<\/div>\n\t\t<\/div>\n\t\t\t\t\t<\/div>\n\t\t<\/section>\n\t\t\t\t<section class=\"elementor-section elementor-top-section elementor-element elementor-element-8dd9f55 elementor-section-boxed elementor-section-height-default elementor-section-height-default\" data-id=\"8dd9f55\" data-element_type=\"section\" data-e-type=\"section\">\n\t\t\t\t\t\t<div class=\"elementor-container elementor-column-gap-default\">\n\t\t\t\t\t<div class=\"elementor-column elementor-col-100 elementor-top-column elementor-element elementor-element-c34776b\" data-id=\"c34776b\" data-element_type=\"column\" data-e-type=\"column\">\n\t\t\t<div class=\"elementor-widget-wrap elementor-element-populated\">\n\t\t\t\t\t\t<div class=\"elementor-element elementor-element-ea08a49 elementor-widget elementor-widget-heading\" data-id=\"ea08a49\" data-element_type=\"widget\" data-e-type=\"widget\" data-widget_type=\"heading.default\">\n\t\t\t\t<div class=\"elementor-widget-container\">\n\t\t\t\t\t<h2 class=\"elementor-heading-title elementor-size-default\">Besplatne casino igre bez registracije\n<\/h2>\t\t\t\t<\/div>\n\t\t\t\t<\/div>\n\t\t\t\t\t<\/div>\n\t\t<\/div>\n\t\t\t\t\t<\/div>\n\t\t<\/section>\n\t\t\t\t<section class=\"elementor-section elementor-top-section elementor-element elementor-element-6c2fdb6 elementor-section-boxed elementor-section-height-default elementor-section-height-default\" data-id=\"6c2fdb6\" data-element_type=\"section\" data-e-type=\"section\">\n\t\t\t\t\t\t<div class=\"elementor-container elementor-column-gap-default\">\n\t\t\t\t\t<div class=\"elementor-column elementor-col-100 elementor-top-column elementor-element elementor-element-f6edc9a\" data-id=\"f6edc9a\" data-element_type=\"column\" data-e-type=\"column\">\n\t\t\t<div class=\"elementor-widget-wrap elementor-element-populated\">\n\t\t\t\t\t\t<section class=\"elementor-section elementor-inner-section elementor-element elementor-element-8934fe9 top5 elementor-section-boxed elementor-section-height-default elementor-section-height-default\" data-id=\"8934fe9\" data-element_type=\"section\" data-e-type=\"section\">\n\t\t\t\t\t\t<div class=\"elementor-container elementor-column-gap-default\">\n\t\t\t\t\t<div class=\"elementor-column elementor-col-20 elementor-inner-column elementor-element elementor-element-9c8a5e1\" data-id=\"9c8a5e1\" data-element_type=\"column\" data-e-type=\"column\">\n\t\t\t<div class=\"elementor-widget-wrap elementor-element-populated\">\n\t\t\t\t\t\t<div class=\"elementor-element elementor-element-2178886 elementor-widget elementor-widget-ucaddon_top5_games\" data-id=\"2178886\" data-element_type=\"widget\" data-e-type=\"widget\" data-widget_type=\"ucaddon_top5_games.default\">\n\t\t\t\t<div class=\"elementor-widget-container\">\n\t\t\t\t\t\n<!-- start Top5 games -->\n\n<div class=\"top5_box\">\n  <div class=\"top5_box_img\"><a class=\"top5_img\" href=\"\/hr\/\"><img decoding=\"async\" src=\"https:\/\/www.play-book-slots.com\/wp-content\/uploads\/2023\/06\/book-of-ra-deluxe-logo.webp\" alt=\"you can play book of ra deluxe on our website\" ><\/a><\/div>\n  <div class=\"top5_box_txt\">\n    <h3>Book of Ra<\/h3>\n  \t<a class=\"play_btn\" href=\"\/hr\/\">Igraj<\/a>\n  <\/div>\n<\/div>\n<!-- end Top5 games -->\t\t\t\t<\/div>\n\t\t\t\t<\/div>\n\t\t\t\t\t<\/div>\n\t\t<\/div>\n\t\t\t\t<div class=\"elementor-column elementor-col-20 elementor-inner-column elementor-element elementor-element-229b053\" data-id=\"229b053\" data-element_type=\"column\" data-e-type=\"column\">\n\t\t\t<div class=\"elementor-widget-wrap elementor-element-populated\">\n\t\t\t\t\t\t<div class=\"elementor-element elementor-element-11e2a82 elementor-widget elementor-widget-ucaddon_top5_games\" data-id=\"11e2a82\" data-element_type=\"widget\" data-e-type=\"widget\" data-widget_type=\"ucaddon_top5_games.default\">\n\t\t\t\t<div class=\"elementor-widget-container\">\n\t\t\t\t\t\n<!-- start Top5 games -->\n\n<div class=\"top5_box\">\n  <div class=\"top5_box_img\"><a class=\"top5_img\" href=\"\/hr\/lucky-ladys-charm\/\"><img decoding=\"async\" src=\"https:\/\/www.play-book-slots.com\/wp-content\/uploads\/2023\/06\/lucky-ladys-charm-logo.webp\" alt=\"play lucky lady&#039;s charm online for free\" ><\/a><\/div>\n  <div class=\"top5_box_txt\">\n    <h3>Lucky Lady's Charm<\/h3>\n  \t<a class=\"play_btn\" href=\"\/hr\/lucky-ladys-charm\/\">Igraj<\/a>\n  <\/div>\n<\/div>\n<!-- end Top5 games -->\t\t\t\t<\/div>\n\t\t\t\t<\/div>\n\t\t\t\t\t<\/div>\n\t\t<\/div>\n\t\t\t\t<div class=\"elementor-column elementor-col-20 elementor-inner-column elementor-element elementor-element-3177200\" data-id=\"3177200\" data-element_type=\"column\" data-e-type=\"column\">\n\t\t\t<div class=\"elementor-widget-wrap elementor-element-populated\">\n\t\t\t\t\t\t<div class=\"elementor-element elementor-element-d469d5e elementor-widget elementor-widget-ucaddon_top5_games\" data-id=\"d469d5e\" data-element_type=\"widget\" data-e-type=\"widget\" data-widget_type=\"ucaddon_top5_games.default\">\n\t\t\t\t<div class=\"elementor-widget-container\">\n\t\t\t\t\t\n<!-- start Top5 games -->\n\n<div class=\"top5_box\">\n  <div class=\"top5_box_img\"><a class=\"top5_img\" href=\"\/hr\/sizzling-hot-deluxe\/\"><img decoding=\"async\" src=\"https:\/\/www.play-book-slots.com\/wp-content\/uploads\/2023\/06\/sizzling-hot-deluxe-logo.webp\" alt=\"play sizzling hot deluxe online for free\" ><\/a><\/div>\n  <div class=\"top5_box_txt\">\n    <h3>Sizzling Hot Deluxe<\/h3>\n  \t<a class=\"play_btn\" href=\"\/hr\/sizzling-hot-deluxe\/\">Igraj<\/a>\n  <\/div>\n<\/div>\n<!-- end Top5 games -->\t\t\t\t<\/div>\n\t\t\t\t<\/div>\n\t\t\t\t\t<\/div>\n\t\t<\/div>\n\t\t\t\t<div class=\"elementor-column elementor-col-20 elementor-inner-column elementor-element elementor-element-735ef12\" data-id=\"735ef12\" data-element_type=\"column\" data-e-type=\"column\">\n\t\t\t<div class=\"elementor-widget-wrap\">\n\t\t\t\t\t\t\t<\/div>\n\t\t<\/div>\n\t\t\t\t<div class=\"elementor-column elementor-col-20 elementor-inner-column elementor-element elementor-element-ac5d421\" data-id=\"ac5d421\" data-element_type=\"column\" data-e-type=\"column\">\n\t\t\t<div class=\"elementor-widget-wrap\">\n\t\t\t\t\t\t\t<\/div>\n\t\t<\/div>\n\t\t\t\t\t<\/div>\n\t\t<\/section>\n\t\t\t\t\t<\/div>\n\t\t<\/div>\n\t\t\t\t\t<\/div>\n\t\t<\/section>\n\t\t\t\t<\/div>\n\t\t","protected":false},"excerpt":{"rendered":"<p>UVJETI I ODREDBE Posljednje a\u017eurirano: 17. o\u017eujka, 2023. Molimo pa\u017eljivo pro\u010ditajte ove Uvjete i odredbe prije kori\u0161tenja na\u0161ih usluga. TUMA\u010cENJE I DEFINICIJE TUMA\u010cENJE Rije\u010di velikog prvog po\u010detnog slova imaju zna\u010denja definirana pod sljede\u0107im uvjetima. Navedene definicije imaju jednako zna\u010denje bez obzira pojavljuju li se u jednini ili mno\u017eini. DEFINICIJE Za potrebe ovih Uvjeta i odredbi: [&hellip;]<\/p>\n","protected":false},"author":1,"featured_media":0,"parent":0,"menu_order":0,"comment_status":"closed","ping_status":"open","template":"elementor_header_footer","meta":{"footnotes":""},"class_list":["post-2595","page","type-page","status-publish","hentry"],"_links":{"self":[{"href":"https:\/\/www.play-book-slots.com\/hr\/wp-json\/wp\/v2\/pages\/2595","targetHints":{"allow":["GET"]}}],"collection":[{"href":"https:\/\/www.play-book-slots.com\/hr\/wp-json\/wp\/v2\/pages"}],"about":[{"href":"https:\/\/www.play-book-slots.com\/hr\/wp-json\/wp\/v2\/types\/page"}],"author":[{"embeddable":true,"href":"https:\/\/www.play-book-slots.com\/hr\/wp-json\/wp\/v2\/users\/1"}],"replies":[{"embeddable":true,"href":"https:\/\/www.play-book-slots.com\/hr\/wp-json\/wp\/v2\/comments?post=2595"}],"version-history":[{"count":13,"href":"https:\/\/www.play-book-slots.com\/hr\/wp-json\/wp\/v2\/pages\/2595\/revisions"}],"predecessor-version":[{"id":70395,"href":"https:\/\/www.play-book-slots.com\/hr\/wp-json\/wp\/v2\/pages\/2595\/revisions\/70395"}],"wp:attachment":[{"href":"https:\/\/www.play-book-slots.com\/hr\/wp-json\/wp\/v2\/media?parent=2595"}],"curies":[{"name":"wp","href":"https:\/\/api.w.org\/{rel}","templated":true}]}}