{"id":2674,"date":"2023-06-09T16:08:54","date_gmt":"2023-06-09T16:08:54","guid":{"rendered":"https:\/\/play-book-slots.com\/contact\/"},"modified":"2024-07-02T15:54:11","modified_gmt":"2024-07-02T15:54:11","slug":"kapcsolatba-lepni","status":"publish","type":"page","link":"https:\/\/www.play-book-slots.com\/hu\/kapcsolatba-lepni\/","title":{"rendered":"Kapcsolatfelv\u00e9tel &amp; Impresszum"},"content":{"rendered":"\t\t<div data-elementor-type=\"wp-page\" data-elementor-id=\"2674\" class=\"elementor elementor-2674 elementor-130\" data-elementor-post-type=\"page\">\n\t\t\t\t\t\t<section class=\"elementor-section elementor-top-section elementor-element elementor-element-71b1fef elementor-section-boxed elementor-section-height-default elementor-section-height-default\" data-id=\"71b1fef\" data-element_type=\"section\" data-e-type=\"section\">\n\t\t\t\t\t\t<div class=\"elementor-container elementor-column-gap-default\">\n\t\t\t\t\t<div class=\"elementor-column elementor-col-100 elementor-top-column elementor-element elementor-element-67a3604\" data-id=\"67a3604\" data-element_type=\"column\" data-e-type=\"column\">\n\t\t\t<div class=\"elementor-widget-wrap elementor-element-populated\">\n\t\t\t\t\t\t<div class=\"elementor-element elementor-element-186dac1 elementor-widget elementor-widget-text-editor\" data-id=\"186dac1\" data-element_type=\"widget\" data-e-type=\"widget\" data-widget_type=\"text-editor.default\">\n\t\t\t\t<div class=\"elementor-widget-container\">\n\t\t\t\t\t\t\t\t\t<h1>Impresszum<\/h1><p><strong>C\u00c9G NEVE:<\/strong> INES&amp;ANDRO<br \/>Split, Horv\u00e1torsz\u00e1g<\/p><p><strong>Tulajdonos:<\/strong> Andrija Gusic<\/p><p><strong>Telefon:<\/strong> 385958121595<br \/><strong>Email:<\/strong> info@play-book-slots.com<\/p><p><strong>H\u00c9A-sz\u00e1m:<\/strong> HR67920038499<\/p><p><strong>C\u00e9gjegyz\u00e9ksz\u00e1m:<\/strong> 97842265<\/p><p><strong>Szerkeszt\u0151s\u00e9g \u00e9s alap\u00edt\u00f3:<\/strong><br \/>gusicandrija2810@gmail.com<\/p><p>Az EU Bizotts\u00e1g online vitarendez\u00e9si platformja: https:\/\/ec.europa.eu\/odr<\/p><p>Nem vagyunk k\u00f6telesek \u00e9s nem is vagyunk hajland\u00f3ak r\u00e9szt venni a fogyaszt\u00f3i b\u00e9k\u00e9ltet\u0151 test\u00fclet el\u0151tti vitarendez\u00e9si elj\u00e1r\u00e1sban.<\/p>\t\t\t\t\t\t\t\t<\/div>\n\t\t\t\t<\/div>\n\t\t\t\t\t<\/div>\n\t\t<\/div>\n\t\t\t\t\t<\/div>\n\t\t<\/section>\n\t\t\t\t<section class=\"elementor-section elementor-top-section elementor-element elementor-element-f464011 elementor-section-boxed elementor-section-height-default elementor-section-height-default\" data-id=\"f464011\" data-element_type=\"section\" data-e-type=\"section\">\n\t\t\t\t\t\t<div class=\"elementor-container elementor-column-gap-default\">\n\t\t\t\t\t<div class=\"elementor-column elementor-col-100 elementor-top-column elementor-element elementor-element-6a1a656\" data-id=\"6a1a656\" data-element_type=\"column\" data-e-type=\"column\">\n\t\t\t<div class=\"elementor-widget-wrap elementor-element-populated\">\n\t\t\t\t\t\t<div class=\"elementor-element elementor-element-e301ecb elementor-widget elementor-widget-text-editor\" data-id=\"e301ecb\" data-element_type=\"widget\" data-e-type=\"widget\" data-widget_type=\"text-editor.default\">\n\t\t\t\t<div class=\"elementor-widget-container\">\n\t\t\t\t\t\t\t\t\t<h2>Kapcsolatfelv\u00e9tel<\/h2>\nHa b\u00e1rmilyen k\u00e9rd\u00e9se van, b\u00e1tran l\u00e9pjen kapcsolatba vel\u00fcnk a kapcsolatfelv\u00e9teli \u0171rlapon vagy e-mailben: info@play-book-slots.com, \u00e9s r\u00f6videsen v\u00e1laszolunk \u00d6nnek.\n<p style=\"font-style: italic;\">A Play-Book-slots.com csapata!<\/p>\t\t\t\t\t\t\t\t<\/div>\n\t\t\t\t<\/div>\n\t\t\t\t<div class=\"elementor-element elementor-element-81b6e92 elementor-widget elementor-widget-shortcode\" data-id=\"81b6e92\" data-element_type=\"widget\" data-e-type=\"widget\" data-widget_type=\"shortcode.default\">\n\t\t\t\t<div class=\"elementor-widget-container\">\n\t\t\t\t\t\t\t<div class=\"elementor-shortcode\">\n<div class=\"wpcf7 no-js\" id=\"wpcf7-f3258-o1\" lang=\"en-US\" dir=\"ltr\" data-wpcf7-id=\"3258\">\n<div class=\"screen-reader-response\"><p role=\"status\" aria-live=\"polite\" aria-atomic=\"true\"><\/p> <ul><\/ul><\/div>\n<form action=\"\/hu\/wp-json\/wp\/v2\/pages\/2674#wpcf7-f3258-o1\" method=\"post\" class=\"wpcf7-form init\" aria-label=\"Contact form\" novalidate=\"novalidate\" data-status=\"init\">\n<fieldset class=\"hidden-fields-container\"><input type=\"hidden\" name=\"_wpcf7\" value=\"3258\" \/><input type=\"hidden\" name=\"_wpcf7_version\" value=\"6.1.5\" \/><input type=\"hidden\" name=\"_wpcf7_locale\" value=\"en_US\" \/><input type=\"hidden\" name=\"_wpcf7_unit_tag\" value=\"wpcf7-f3258-o1\" \/><input type=\"hidden\" name=\"_wpcf7_container_post\" value=\"0\" \/><input type=\"hidden\" name=\"_wpcf7_posted_data_hash\" value=\"\" \/><input type=\"hidden\" name=\"_wpcf7_recaptcha_response\" value=\"\" \/>\n<\/fieldset>\n<div class=\"forma\">\n\t<div class=\"forma_w50\">\n\t\t<p><label> Your name <\/label><span class=\"wpcf7-form-control-wrap\" data-name=\"your-name\"><input size=\"40\" maxlength=\"400\" class=\"wpcf7-form-control wpcf7-text wpcf7-validates-as-required\" autocomplete=\"name\" aria-required=\"true\" aria-invalid=\"false\" value=\"\" type=\"text\" name=\"your-name\" \/><\/span>\n\t\t<\/p>\n\t<\/div>\n\t<div class=\"forma_w50\">\n\t\t<p><label> Email <\/label><span class=\"wpcf7-form-control-wrap\" data-name=\"your-email\"><input size=\"40\" maxlength=\"400\" class=\"wpcf7-form-control wpcf7-email wpcf7-validates-as-required wpcf7-text wpcf7-validates-as-email\" autocomplete=\"email\" aria-required=\"true\" aria-invalid=\"false\" value=\"\" type=\"email\" name=\"your-email\" \/><\/span>\n\t\t<\/p>\n\t<\/div>\n\t<div class=\"forma_w100\">\n\t\t<p><label> Your message (optional) <\/label><span class=\"wpcf7-form-control-wrap\" data-name=\"your-message\"><textarea cols=\"40\" rows=\"10\" maxlength=\"2000\" class=\"wpcf7-form-control wpcf7-textarea\" aria-invalid=\"false\" name=\"your-message\"><\/textarea><\/span>\n\t\t<\/p>\n\t<\/div>\n\t<div class=\"forma_w100\">\n\t\t<p><input class=\"wpcf7-form-control wpcf7-submit has-spinner\" type=\"submit\" value=\"SEND MESSAGE\" \/>\n\t\t<\/p>\n\t<\/div>\n<\/div><div class=\"wpcf7-response-output\" aria-hidden=\"true\"><\/div>\n<\/form>\n<\/div>\n<\/div>\n\t\t\t\t\t\t<\/div>\n\t\t\t\t<\/div>\n\t\t\t\t\t<\/div>\n\t\t<\/div>\n\t\t\t\t\t<\/div>\n\t\t<\/section>\n\t\t\t\t<section class=\"elementor-section elementor-top-section elementor-element elementor-element-c0c7e3b elementor-section-boxed elementor-section-height-default elementor-section-height-default\" data-id=\"c0c7e3b\" data-element_type=\"section\" data-e-type=\"section\">\n\t\t\t\t\t\t<div class=\"elementor-container elementor-column-gap-default\">\n\t\t\t\t\t<div class=\"elementor-column elementor-col-100 elementor-top-column elementor-element elementor-element-bcdd816\" data-id=\"bcdd816\" data-element_type=\"column\" data-e-type=\"column\">\n\t\t\t<div class=\"elementor-widget-wrap elementor-element-populated\">\n\t\t\t\t\t\t<div class=\"elementor-element elementor-element-db55774 elementor-widget elementor-widget-text-editor\" data-id=\"db55774\" data-element_type=\"widget\" data-e-type=\"widget\" data-widget_type=\"text-editor.default\">\n\t\t\t\t<div class=\"elementor-widget-container\">\n\t\t\t\t\t\t\t\t\t<h2>Jogi nyilatkozat<\/h2><p>A Play-book-slots.com nem kezel semmilyen online j\u00e1t\u00e9kplatformot, \u00e9s nem folytat val\u00f3di p\u00e9nzben t\u00f6rt\u00e9n\u0151 fogad\u00e1si tev\u00e9kenys\u00e9get. Szerep\u00fcnk kiz\u00e1r\u00f3lag az online kaszin\u00f3j\u00e1t\u00e9kokkal \u00e9s fogad\u00e1ssal kapcsolatos oktat\u00e1si tartalmak \u00e9s ir\u00e1nymutat\u00e1sok ny\u00fajt\u00e1sa. Tekintettel a szerencsej\u00e1t\u00e9k-t\u00f6rv\u00e9nyek gyakori v\u00e1ltoz\u00e1saira a k\u00fcl\u00f6nb\u00f6z\u0151 r\u00e9gi\u00f3kban, azt tan\u00e1csoljuk, hogy t\u00e1j\u00e9koz\u00f3djon az adott \u00e1llam vagy orsz\u00e1g szerencsej\u00e1t\u00e9k-szab\u00e1lyair\u00f3l, miel\u0151tt online fogad\u00e1sokba bocs\u00e1tkozna. Elengedhetetlen, hogy a val\u00f3di p\u00e9nzes online kaszin\u00f3j\u00e1t\u00e9kok a lak\u00f3hely\u00e9n t\u00f6rv\u00e9nyesek legyenek, \u00e9s meg kell felelnie a szerencsej\u00e1t\u00e9kokra vonatkoz\u00f3 t\u00f6rv\u00e9nyes \u00e9letkori k\u00f6vetelm\u00e9nyeknek.<\/p><p>Amennyiben \u00fagy d\u00f6nt, hogy val\u00f3di p\u00e9nzzel vesz r\u00e9szt online szerencsej\u00e1t\u00e9kban, a jogi felel\u0151ss\u00e9g \u00d6nt terheli. Nem v\u00e1llalunk felel\u0151ss\u00e9get a k\u00fcls\u0151 weboldalak prom\u00f3ci\u00f3i\u00e9rt vagy tev\u00e9kenys\u00e9gei\u00e9rt, m\u00e9g akkor sem, ha azok a Play-book-slots.com oldalhoz k\u00f6thet\u0151ek.<\/p>\t\t\t\t\t\t\t\t<\/div>\n\t\t\t\t<\/div>\n\t\t\t\t\t<\/div>\n\t\t<\/div>\n\t\t\t\t\t<\/div>\n\t\t<\/section>\n\t\t\t\t<section class=\"elementor-section elementor-top-section elementor-element elementor-element-61a7b3f elementor-section-boxed elementor-section-height-default elementor-section-height-default\" data-id=\"61a7b3f\" data-element_type=\"section\" data-e-type=\"section\">\n\t\t\t\t\t\t<div class=\"elementor-container elementor-column-gap-default\">\n\t\t\t\t\t<div class=\"elementor-column elementor-col-100 elementor-top-column elementor-element elementor-element-eaba125\" data-id=\"eaba125\" data-element_type=\"column\" data-e-type=\"column\">\n\t\t\t<div class=\"elementor-widget-wrap elementor-element-populated\">\n\t\t\t\t\t\t<div class=\"elementor-element elementor-element-c4f72d6 elementor-widget-divider--view-line elementor-widget elementor-widget-divider\" data-id=\"c4f72d6\" data-element_type=\"widget\" data-e-type=\"widget\" data-widget_type=\"divider.default\">\n\t\t\t\t<div class=\"elementor-widget-container\">\n\t\t\t\t\t\t\t<div class=\"elementor-divider\">\n\t\t\t<span class=\"elementor-divider-separator\">\n\t\t\t\t\t\t<\/span>\n\t\t<\/div>\n\t\t\t\t\t\t<\/div>\n\t\t\t\t<\/div>\n\t\t\t\t\t<\/div>\n\t\t<\/div>\n\t\t\t\t\t<\/div>\n\t\t<\/section>\n\t\t\t\t<section class=\"elementor-section elementor-top-section elementor-element elementor-element-91768b0 elementor-section-boxed elementor-section-height-default elementor-section-height-default\" data-id=\"91768b0\" data-element_type=\"section\" data-e-type=\"section\">\n\t\t\t\t\t\t<div class=\"elementor-container elementor-column-gap-default\">\n\t\t\t\t\t<div class=\"elementor-column elementor-col-100 elementor-top-column elementor-element elementor-element-311cbfe\" data-id=\"311cbfe\" data-element_type=\"column\" data-e-type=\"column\">\n\t\t\t<div class=\"elementor-widget-wrap elementor-element-populated\">\n\t\t\t\t\t\t<div class=\"elementor-element elementor-element-c9351bc elementor-widget elementor-widget-heading\" data-id=\"c9351bc\" data-element_type=\"widget\" data-e-type=\"widget\" data-widget_type=\"heading.default\">\n\t\t\t\t<div class=\"elementor-widget-container\">\n\t\t\t\t\t<h2 class=\"elementor-heading-title elementor-size-default\">Ingyenes kaszin\u00f3 j\u00e1t\u00e9kok regisztr\u00e1ci\u00f3 n\u00e9lk\u00fcl\n<\/h2>\t\t\t\t<\/div>\n\t\t\t\t<\/div>\n\t\t\t\t\t<\/div>\n\t\t<\/div>\n\t\t\t\t\t<\/div>\n\t\t<\/section>\n\t\t\t\t<section class=\"elementor-section elementor-top-section elementor-element elementor-element-53b45fb elementor-section-boxed elementor-section-height-default elementor-section-height-default\" data-id=\"53b45fb\" data-element_type=\"section\" data-e-type=\"section\">\n\t\t\t\t\t\t<div class=\"elementor-container elementor-column-gap-default\">\n\t\t\t\t\t<div class=\"elementor-column elementor-col-100 elementor-top-column elementor-element elementor-element-a246b8b\" data-id=\"a246b8b\" data-element_type=\"column\" data-e-type=\"column\">\n\t\t\t<div class=\"elementor-widget-wrap elementor-element-populated\">\n\t\t\t\t\t\t<section class=\"elementor-section elementor-inner-section elementor-element elementor-element-cc6d398 elementor-section-boxed elementor-section-height-default elementor-section-height-default\" data-id=\"cc6d398\" data-element_type=\"section\" data-e-type=\"section\">\n\t\t\t\t\t\t<div class=\"elementor-container elementor-column-gap-default\">\n\t\t\t\t\t<div class=\"elementor-column elementor-col-50 elementor-inner-column elementor-element elementor-element-7364225\" data-id=\"7364225\" data-element_type=\"column\" data-e-type=\"column\">\n\t\t\t<div class=\"elementor-widget-wrap elementor-element-populated\">\n\t\t\t\t\t\t<section class=\"elementor-section elementor-inner-section elementor-element elementor-element-3bdadf0 elementor-section-content-middle versions elementor-section-boxed elementor-section-height-default elementor-section-height-default\" data-id=\"3bdadf0\" data-element_type=\"section\" data-e-type=\"section\" data-settings=\"{&quot;background_background&quot;:&quot;classic&quot;}\">\n\t\t\t\t\t\t<div class=\"elementor-container elementor-column-gap-default\">\n\t\t\t\t\t<div class=\"elementor-column elementor-col-25 elementor-inner-column elementor-element elementor-element-1926d6a\" data-id=\"1926d6a\" data-element_type=\"column\" data-e-type=\"column\">\n\t\t\t<div class=\"elementor-widget-wrap elementor-element-populated\">\n\t\t\t\t\t\t<div class=\"elementor-element elementor-element-0b5b625 elementor-widget elementor-widget-image\" data-id=\"0b5b625\" data-element_type=\"widget\" data-e-type=\"widget\" data-widget_type=\"image.default\">\n\t\t\t\t<div class=\"elementor-widget-container\">\n\t\t\t\t\t\t\t\t\t\t\t\t\t\t\t<img fetchpriority=\"high\" decoding=\"async\" width=\"300\" height=\"200\" src=\"https:\/\/www.play-book-slots.com\/wp-content\/uploads\/2024\/01\/book-of-ra-ingyen-logo.webp\" class=\"attachment-large size-large wp-image-47444\" alt=\"book of ra ingyen\" \/>\t\t\t\t\t\t\t\t\t\t\t\t\t\t\t<\/div>\n\t\t\t\t<\/div>\n\t\t\t\t\t<\/div>\n\t\t<\/div>\n\t\t\t\t<div class=\"elementor-column elementor-col-25 elementor-inner-column elementor-element elementor-element-cbd7d7b\" data-id=\"cbd7d7b\" data-element_type=\"column\" data-e-type=\"column\">\n\t\t\t<div class=\"elementor-widget-wrap elementor-element-populated\">\n\t\t\t\t\t\t<div class=\"elementor-element elementor-element-9e07dab elementor-widget elementor-widget-heading\" data-id=\"9e07dab\" data-element_type=\"widget\" data-e-type=\"widget\" data-widget_type=\"heading.default\">\n\t\t\t\t<div class=\"elementor-widget-container\">\n\t\t\t\t\t<span class=\"elementor-heading-title elementor-size-default\"><a href=\"\/hu\/\">Book of Ra ingyen<\/a><\/span>\t\t\t\t<\/div>\n\t\t\t\t<\/div>\n\t\t\t\t\t<\/div>\n\t\t<\/div>\n\t\t\t\t<div class=\"elementor-column elementor-col-25 elementor-inner-column elementor-element elementor-element-8faa09b\" data-id=\"8faa09b\" data-element_type=\"column\" data-e-type=\"column\">\n\t\t\t<div class=\"elementor-widget-wrap elementor-element-populated\">\n\t\t\t\t\t\t<div class=\"elementor-element elementor-element-466c04a elementor-widget-tablet__width-initial elementor-widget elementor-widget-text-editor\" data-id=\"466c04a\" data-element_type=\"widget\" data-e-type=\"widget\" data-widget_type=\"text-editor.default\">\n\t\t\t\t<div class=\"elementor-widget-container\">\n\t\t\t\t\t\t\t\t\t<p><strong>4.9<br \/><\/strong>pts<\/p>\t\t\t\t\t\t\t\t<\/div>\n\t\t\t\t<\/div>\n\t\t\t\t\t<\/div>\n\t\t<\/div>\n\t\t\t\t<div class=\"elementor-column elementor-col-25 elementor-inner-column elementor-element elementor-element-dff1a22\" data-id=\"dff1a22\" data-element_type=\"column\" data-e-type=\"column\">\n\t\t\t<div class=\"elementor-widget-wrap\">\n\t\t\t\t\t\t\t<\/div>\n\t\t<\/div>\n\t\t\t\t\t<\/div>\n\t\t<\/section>\n\t\t\t\t\t<\/div>\n\t\t<\/div>\n\t\t\t\t<div class=\"elementor-column elementor-col-50 elementor-inner-column elementor-element elementor-element-91ee941\" data-id=\"91ee941\" data-element_type=\"column\" data-e-type=\"column\">\n\t\t\t<div class=\"elementor-widget-wrap elementor-element-populated\">\n\t\t\t\t\t\t<section class=\"elementor-section elementor-inner-section elementor-element elementor-element-bc3ef3e elementor-section-content-middle versions elementor-section-boxed elementor-section-height-default elementor-section-height-default\" data-id=\"bc3ef3e\" data-element_type=\"section\" data-e-type=\"section\" data-settings=\"{&quot;background_background&quot;:&quot;classic&quot;}\">\n\t\t\t\t\t\t<div class=\"elementor-container elementor-column-gap-default\">\n\t\t\t\t\t<div class=\"elementor-column elementor-col-25 elementor-inner-column elementor-element elementor-element-b483ff3\" data-id=\"b483ff3\" data-element_type=\"column\" data-e-type=\"column\">\n\t\t\t<div class=\"elementor-widget-wrap elementor-element-populated\">\n\t\t\t\t\t\t<div class=\"elementor-element elementor-element-783fb2e elementor-widget elementor-widget-image\" data-id=\"783fb2e\" data-element_type=\"widget\" data-e-type=\"widget\" data-widget_type=\"image.default\">\n\t\t\t\t<div class=\"elementor-widget-container\">\n\t\t\t\t\t\t\t\t\t\t\t\t\t\t\t<img decoding=\"async\" width=\"300\" height=\"200\" src=\"https:\/\/www.play-book-slots.com\/wp-content\/uploads\/2024\/01\/sizzling-hot-ingyenes-jatekok.jpeg\" class=\"attachment-large size-large wp-image-47459\" alt=\"Sizzling Hot ingyenes jatekok\" \/>\t\t\t\t\t\t\t\t\t\t\t\t\t\t\t<\/div>\n\t\t\t\t<\/div>\n\t\t\t\t\t<\/div>\n\t\t<\/div>\n\t\t\t\t<div class=\"elementor-column elementor-col-25 elementor-inner-column elementor-element elementor-element-7ec1cd6\" data-id=\"7ec1cd6\" data-element_type=\"column\" data-e-type=\"column\">\n\t\t\t<div class=\"elementor-widget-wrap elementor-element-populated\">\n\t\t\t\t\t\t<div class=\"elementor-element elementor-element-559de0a elementor-widget elementor-widget-heading\" data-id=\"559de0a\" data-element_type=\"widget\" data-e-type=\"widget\" data-widget_type=\"heading.default\">\n\t\t\t\t<div class=\"elementor-widget-container\">\n\t\t\t\t\t<span class=\"elementor-heading-title elementor-size-default\"><a href=\"\/hu\/sizzling-hot-deluxe\/\">Sizzling Hot ingyenes jatekok<\/a><\/span>\t\t\t\t<\/div>\n\t\t\t\t<\/div>\n\t\t\t\t\t<\/div>\n\t\t<\/div>\n\t\t\t\t<div class=\"elementor-column elementor-col-25 elementor-inner-column elementor-element elementor-element-6f1fa08\" data-id=\"6f1fa08\" data-element_type=\"column\" data-e-type=\"column\">\n\t\t\t<div class=\"elementor-widget-wrap elementor-element-populated\">\n\t\t\t\t\t\t<div class=\"elementor-element elementor-element-444e70f elementor-widget-tablet__width-initial elementor-widget elementor-widget-text-editor\" data-id=\"444e70f\" data-element_type=\"widget\" data-e-type=\"widget\" data-widget_type=\"text-editor.default\">\n\t\t\t\t<div class=\"elementor-widget-container\">\n\t\t\t\t\t\t\t\t\t<p><strong>4.6<br \/><\/strong>pts<\/p>\t\t\t\t\t\t\t\t<\/div>\n\t\t\t\t<\/div>\n\t\t\t\t\t<\/div>\n\t\t<\/div>\n\t\t\t\t<div class=\"elementor-column elementor-col-25 elementor-inner-column elementor-element elementor-element-e3458d9\" data-id=\"e3458d9\" data-element_type=\"column\" data-e-type=\"column\">\n\t\t\t<div class=\"elementor-widget-wrap\">\n\t\t\t\t\t\t\t<\/div>\n\t\t<\/div>\n\t\t\t\t\t<\/div>\n\t\t<\/section>\n\t\t\t\t\t<\/div>\n\t\t<\/div>\n\t\t\t\t\t<\/div>\n\t\t<\/section>\n\t\t\t\t\t<\/div>\n\t\t<\/div>\n\t\t\t\t\t<\/div>\n\t\t<\/section>\n\t\t\t\t<\/div>\n\t\t","protected":false},"excerpt":{"rendered":"<p>Impresszum C\u00c9G NEVE: INES&amp;ANDROSplit, Horv\u00e1torsz\u00e1g Tulajdonos: Andrija Gusic Telefon: 385958121595Email: info@play-book-slots.com H\u00c9A-sz\u00e1m: HR67920038499 C\u00e9gjegyz\u00e9ksz\u00e1m: 97842265 Szerkeszt\u0151s\u00e9g \u00e9s alap\u00edt\u00f3:gusicandrija2810@gmail.com Az EU Bizotts\u00e1g online vitarendez\u00e9si platformja: https:\/\/ec.europa.eu\/odr Nem vagyunk k\u00f6telesek \u00e9s nem is vagyunk hajland\u00f3ak r\u00e9szt venni a fogyaszt\u00f3i b\u00e9k\u00e9ltet\u0151 test\u00fclet el\u0151tti vitarendez\u00e9si elj\u00e1r\u00e1sban. Kapcsolatfelv\u00e9tel Ha b\u00e1rmilyen k\u00e9rd\u00e9se van, b\u00e1tran l\u00e9pjen kapcsolatba vel\u00fcnk a kapcsolatfelv\u00e9teli \u0171rlapon vagy [&hellip;]<\/p>\n","protected":false},"author":1,"featured_media":0,"parent":0,"menu_order":0,"comment_status":"closed","ping_status":"open","template":"elementor_header_footer","meta":{"footnotes":""},"class_list":["post-2674","page","type-page","status-publish","hentry"],"_links":{"self":[{"href":"https:\/\/www.play-book-slots.com\/hu\/wp-json\/wp\/v2\/pages\/2674","targetHints":{"allow":["GET"]}}],"collection":[{"href":"https:\/\/www.play-book-slots.com\/hu\/wp-json\/wp\/v2\/pages"}],"about":[{"href":"https:\/\/www.play-book-slots.com\/hu\/wp-json\/wp\/v2\/types\/page"}],"author":[{"embeddable":true,"href":"https:\/\/www.play-book-slots.com\/hu\/wp-json\/wp\/v2\/users\/1"}],"replies":[{"embeddable":true,"href":"https:\/\/www.play-book-slots.com\/hu\/wp-json\/wp\/v2\/comments?post=2674"}],"version-history":[{"count":17,"href":"https:\/\/www.play-book-slots.com\/hu\/wp-json\/wp\/v2\/pages\/2674\/revisions"}],"predecessor-version":[{"id":55917,"href":"https:\/\/www.play-book-slots.com\/hu\/wp-json\/wp\/v2\/pages\/2674\/revisions\/55917"}],"wp:attachment":[{"href":"https:\/\/www.play-book-slots.com\/hu\/wp-json\/wp\/v2\/media?parent=2674"}],"curies":[{"name":"wp","href":"https:\/\/api.w.org\/{rel}","templated":true}]}}