{"id":2676,"date":"2023-06-09T16:08:54","date_gmt":"2023-06-09T16:08:54","guid":{"rendered":"https:\/\/play-book-slots.com\/contact\/"},"modified":"2024-07-02T15:56:19","modified_gmt":"2024-07-02T15:56:19","slug":"kontaktu","status":"publish","type":"page","link":"https:\/\/www.play-book-slots.com\/lv\/kontaktu\/","title":{"rendered":"Kontaktu &amp; Impressum"},"content":{"rendered":"\t\t<div data-elementor-type=\"wp-page\" data-elementor-id=\"2676\" class=\"elementor elementor-2676 elementor-130\" data-elementor-post-type=\"page\">\n\t\t\t\t\t\t<section class=\"elementor-section elementor-top-section elementor-element elementor-element-d354a74 elementor-section-boxed elementor-section-height-default elementor-section-height-default\" data-id=\"d354a74\" data-element_type=\"section\" data-e-type=\"section\">\n\t\t\t\t\t\t<div class=\"elementor-container elementor-column-gap-default\">\n\t\t\t\t\t<div class=\"elementor-column elementor-col-100 elementor-top-column elementor-element elementor-element-e324967\" data-id=\"e324967\" data-element_type=\"column\" data-e-type=\"column\">\n\t\t\t<div class=\"elementor-widget-wrap elementor-element-populated\">\n\t\t\t\t\t\t<div class=\"elementor-element elementor-element-e9fd47b elementor-widget elementor-widget-text-editor\" data-id=\"e9fd47b\" data-element_type=\"widget\" data-e-type=\"widget\" data-widget_type=\"text-editor.default\">\n\t\t\t\t<div class=\"elementor-widget-container\">\n\t\t\t\t\t\t\t\t\t<h1>Impressum<\/h1><p><strong> UZ\u0145\u0112MUMA NOSAUKUMS: <\/strong> INES&amp;ANDRO<br \/>Split, Horv\u0101tija<\/p><p><strong>\u012apa\u0161nieks:<br \/><\/strong> Andrija Gusic<\/p><p><strong>T\u0101lrunis:<br \/><\/strong> 385958121595<br \/><strong>Email:<\/strong> info@play-book-slots.com<\/p><p><strong>PVN numurs:<br \/><\/strong> HR67920038499<\/p><p><strong>Uz\u0146\u0113muma re\u0123istr\u0101cijas numurs:<br \/><\/strong> 97842265<\/p><p><strong> Redakcija un dibin\u0101t\u0101js:<\/strong><br \/>gusicandrija2810@gmail.com<\/p><p>ES Komisijas platforma str\u012bdu iz\u0161\u0137ir\u0161anai tie\u0161saist\u0113: https:\/\/ec.europa.eu\/odr<\/p><p>Mums nav ne pien\u0101kuma, ne v\u0113lmes piedal\u012bties str\u012bdu iz\u0161\u0137ir\u0161anas proced\u016br\u0101 pat\u0113r\u0113t\u0101ju \u0161\u0137\u012br\u0113jties\u0101.<\/p>\t\t\t\t\t\t\t\t<\/div>\n\t\t\t\t<\/div>\n\t\t\t\t\t<\/div>\n\t\t<\/div>\n\t\t\t\t\t<\/div>\n\t\t<\/section>\n\t\t\t\t<section class=\"elementor-section elementor-top-section elementor-element elementor-element-f464011 elementor-section-boxed elementor-section-height-default elementor-section-height-default\" data-id=\"f464011\" data-element_type=\"section\" data-e-type=\"section\">\n\t\t\t\t\t\t<div class=\"elementor-container elementor-column-gap-default\">\n\t\t\t\t\t<div class=\"elementor-column elementor-col-100 elementor-top-column elementor-element elementor-element-6a1a656\" data-id=\"6a1a656\" data-element_type=\"column\" data-e-type=\"column\">\n\t\t\t<div class=\"elementor-widget-wrap elementor-element-populated\">\n\t\t\t\t\t\t<div class=\"elementor-element elementor-element-e301ecb elementor-widget elementor-widget-text-editor\" data-id=\"e301ecb\" data-element_type=\"widget\" data-e-type=\"widget\" data-widget_type=\"text-editor.default\">\n\t\t\t\t<div class=\"elementor-widget-container\">\n\t\t\t\t\t\t\t\t\t<h2>Kapcsolatfelv\u00e9tel<\/h2>\nHa b\u00e1rmilyen k\u00e9rd\u00e9se van, b\u00e1tran l\u00e9pjen kapcsolatba vel\u00fcnk a kapcsolatfelv\u00e9teli \u0171rlapon vagy e-mailben: info@play-book-slots.com, \u00e9s r\u00f6videsen v\u00e1laszolunk \u00d6nnek.\n<p style=\"font-style: italic;\">A Play-Book-slots.com csapata!<\/p>\t\t\t\t\t\t\t\t<\/div>\n\t\t\t\t<\/div>\n\t\t\t\t<div class=\"elementor-element elementor-element-5667eca elementor-widget elementor-widget-shortcode\" data-id=\"5667eca\" data-element_type=\"widget\" data-e-type=\"widget\" data-widget_type=\"shortcode.default\">\n\t\t\t\t<div class=\"elementor-widget-container\">\n\t\t\t\t\t\t\t<div class=\"elementor-shortcode\">\n<div class=\"wpcf7 no-js\" id=\"wpcf7-f3258-o1\" lang=\"en-US\" dir=\"ltr\" data-wpcf7-id=\"3258\">\n<div class=\"screen-reader-response\"><p role=\"status\" aria-live=\"polite\" aria-atomic=\"true\"><\/p> <ul><\/ul><\/div>\n<form action=\"\/lv\/wp-json\/wp\/v2\/pages\/2676#wpcf7-f3258-o1\" method=\"post\" class=\"wpcf7-form init\" aria-label=\"Contact form\" novalidate=\"novalidate\" data-status=\"init\">\n<fieldset class=\"hidden-fields-container\"><input type=\"hidden\" name=\"_wpcf7\" value=\"3258\" \/><input type=\"hidden\" name=\"_wpcf7_version\" value=\"6.1.5\" \/><input type=\"hidden\" name=\"_wpcf7_locale\" value=\"en_US\" \/><input type=\"hidden\" name=\"_wpcf7_unit_tag\" value=\"wpcf7-f3258-o1\" \/><input type=\"hidden\" name=\"_wpcf7_container_post\" value=\"0\" \/><input type=\"hidden\" name=\"_wpcf7_posted_data_hash\" value=\"\" \/><input type=\"hidden\" name=\"_wpcf7_recaptcha_response\" value=\"\" \/>\n<\/fieldset>\n<div class=\"forma\">\n\t<div class=\"forma_w50\">\n\t\t<p><label> Your name <\/label><span class=\"wpcf7-form-control-wrap\" data-name=\"your-name\"><input size=\"40\" maxlength=\"400\" class=\"wpcf7-form-control wpcf7-text wpcf7-validates-as-required\" autocomplete=\"name\" aria-required=\"true\" aria-invalid=\"false\" value=\"\" type=\"text\" name=\"your-name\" \/><\/span>\n\t\t<\/p>\n\t<\/div>\n\t<div class=\"forma_w50\">\n\t\t<p><label> Email <\/label><span class=\"wpcf7-form-control-wrap\" data-name=\"your-email\"><input size=\"40\" maxlength=\"400\" class=\"wpcf7-form-control wpcf7-email wpcf7-validates-as-required wpcf7-text wpcf7-validates-as-email\" autocomplete=\"email\" aria-required=\"true\" aria-invalid=\"false\" value=\"\" type=\"email\" name=\"your-email\" \/><\/span>\n\t\t<\/p>\n\t<\/div>\n\t<div class=\"forma_w100\">\n\t\t<p><label> Your message (optional) <\/label><span class=\"wpcf7-form-control-wrap\" data-name=\"your-message\"><textarea cols=\"40\" rows=\"10\" maxlength=\"2000\" class=\"wpcf7-form-control wpcf7-textarea\" aria-invalid=\"false\" name=\"your-message\"><\/textarea><\/span>\n\t\t<\/p>\n\t<\/div>\n\t<div class=\"forma_w100\">\n\t\t<p><input class=\"wpcf7-form-control wpcf7-submit has-spinner\" type=\"submit\" value=\"SEND MESSAGE\" \/>\n\t\t<\/p>\n\t<\/div>\n<\/div><div class=\"wpcf7-response-output\" aria-hidden=\"true\"><\/div>\n<\/form>\n<\/div>\n<\/div>\n\t\t\t\t\t\t<\/div>\n\t\t\t\t<\/div>\n\t\t\t\t\t<\/div>\n\t\t<\/div>\n\t\t\t\t\t<\/div>\n\t\t<\/section>\n\t\t\t\t<section class=\"elementor-section elementor-top-section elementor-element elementor-element-9068277 elementor-section-boxed elementor-section-height-default elementor-section-height-default\" data-id=\"9068277\" data-element_type=\"section\" data-e-type=\"section\">\n\t\t\t\t\t\t<div class=\"elementor-container elementor-column-gap-default\">\n\t\t\t\t\t<div class=\"elementor-column elementor-col-100 elementor-top-column elementor-element elementor-element-a6c2ea1\" data-id=\"a6c2ea1\" data-element_type=\"column\" data-e-type=\"column\">\n\t\t\t<div class=\"elementor-widget-wrap elementor-element-populated\">\n\t\t\t\t\t\t<div class=\"elementor-element elementor-element-eccafd5 elementor-widget elementor-widget-text-editor\" data-id=\"eccafd5\" data-element_type=\"widget\" data-e-type=\"widget\" data-widget_type=\"text-editor.default\">\n\t\t\t\t<div class=\"elementor-widget-container\">\n\t\t\t\t\t\t\t\t\t<h2>Atruna<\/h2><p>Play-book-slots.com nep\u0101rvalda nek\u0101das tie\u0161saistes sp\u0113\u013cu platformas, k\u0101 ar\u012b neiesaist\u0101s aktivit\u0101t\u0113s, kur liek likmes uz \u012bstu naudu. M\u016bsu uzdevums ir tikai sniegt izgl\u012btojo\u0161u saturu un vadl\u012bnijas saist\u012bb\u0101 ar tie\u0161saistes kazino sp\u0113l\u0113m un der\u012bb\u0101m. \u0145emot v\u0113r\u0101 bie\u017e\u0101s izmai\u0146as azartsp\u0113\u013cu likumos da\u017e\u0101dos re\u0123ionos, pirms piedal\u012bties der\u012bb\u0101s tie\u0161saist\u0113, m\u0113s iesak\u0101m jums b\u016bt inform\u0113tiem par azartsp\u0113\u013cu noteikumiem j\u016bsu konkr\u0113taj\u0101 valst\u012b vai re\u0123ion\u0101.<\/p><p>Ir svar\u012bgi, lai tie\u0161saistes kazino sp\u0113les par \u012bstu naudu j\u016bsu atra\u0161an\u0101s viet\u0101 b\u016btu likum\u012bgas, un jums ir j\u0101atbilst likum\u0101 noteiktaj\u0101m azartsp\u0113\u013cu vecuma pras\u012bb\u0101m. Ja izv\u0113laties piedal\u012bties tie\u0161saistes azartsp\u0113l\u0113s ar \u012bstu naudu, visa juridisk\u0101 atbild\u012bba gulstas uz jums pa\u0161iem. M\u0113s neesam atbild\u012bgi par akcij\u0101m vai aktivit\u0101t\u0113m \u0101r\u0113j\u0101s m\u0101jaslap\u0101s, pat ja t\u0101s ir saist\u012btas ar Play-book-slots.com.<\/p>\t\t\t\t\t\t\t\t<\/div>\n\t\t\t\t<\/div>\n\t\t\t\t\t<\/div>\n\t\t<\/div>\n\t\t\t\t\t<\/div>\n\t\t<\/section>\n\t\t\t\t<section class=\"elementor-section elementor-top-section elementor-element elementor-element-88a6137 elementor-section-boxed elementor-section-height-default elementor-section-height-default\" data-id=\"88a6137\" data-element_type=\"section\" data-e-type=\"section\">\n\t\t\t\t\t\t<div class=\"elementor-container elementor-column-gap-default\">\n\t\t\t\t\t<div class=\"elementor-column elementor-col-100 elementor-top-column elementor-element elementor-element-2c5554d\" data-id=\"2c5554d\" data-element_type=\"column\" data-e-type=\"column\">\n\t\t\t<div class=\"elementor-widget-wrap elementor-element-populated\">\n\t\t\t\t\t\t<div class=\"elementor-element elementor-element-0c0e275 elementor-widget-divider--view-line elementor-widget elementor-widget-divider\" data-id=\"0c0e275\" data-element_type=\"widget\" data-e-type=\"widget\" data-widget_type=\"divider.default\">\n\t\t\t\t<div class=\"elementor-widget-container\">\n\t\t\t\t\t\t\t<div class=\"elementor-divider\">\n\t\t\t<span class=\"elementor-divider-separator\">\n\t\t\t\t\t\t<\/span>\n\t\t<\/div>\n\t\t\t\t\t\t<\/div>\n\t\t\t\t<\/div>\n\t\t\t\t\t<\/div>\n\t\t<\/div>\n\t\t\t\t\t<\/div>\n\t\t<\/section>\n\t\t\t\t<section class=\"elementor-section elementor-top-section elementor-element elementor-element-8779569 elementor-section-boxed elementor-section-height-default elementor-section-height-default\" data-id=\"8779569\" data-element_type=\"section\" data-e-type=\"section\">\n\t\t\t\t\t\t<div class=\"elementor-container elementor-column-gap-default\">\n\t\t\t\t\t<div class=\"elementor-column elementor-col-100 elementor-top-column elementor-element elementor-element-2c1d504\" data-id=\"2c1d504\" data-element_type=\"column\" data-e-type=\"column\">\n\t\t\t<div class=\"elementor-widget-wrap elementor-element-populated\">\n\t\t\t\t\t\t<div class=\"elementor-element elementor-element-733a1d3 elementor-widget elementor-widget-heading\" data-id=\"733a1d3\" data-element_type=\"widget\" data-e-type=\"widget\" data-widget_type=\"heading.default\">\n\t\t\t\t<div class=\"elementor-widget-container\">\n\t\t\t\t\t<h2 class=\"elementor-heading-title elementor-size-default\">Bezmaksas kazino sp\u0113les<\/h2>\t\t\t\t<\/div>\n\t\t\t\t<\/div>\n\t\t\t\t\t<\/div>\n\t\t<\/div>\n\t\t\t\t\t<\/div>\n\t\t<\/section>\n\t\t\t\t<section class=\"elementor-section elementor-top-section elementor-element elementor-element-13190b7 elementor-section-boxed elementor-section-height-default elementor-section-height-default\" data-id=\"13190b7\" data-element_type=\"section\" data-e-type=\"section\">\n\t\t\t\t\t\t<div class=\"elementor-container elementor-column-gap-default\">\n\t\t\t\t\t<div class=\"elementor-column elementor-col-100 elementor-top-column elementor-element elementor-element-d55133b\" data-id=\"d55133b\" data-element_type=\"column\" data-e-type=\"column\">\n\t\t\t<div class=\"elementor-widget-wrap elementor-element-populated\">\n\t\t\t\t\t\t<section class=\"elementor-section elementor-inner-section elementor-element elementor-element-2deab7f elementor-section-boxed elementor-section-height-default elementor-section-height-default\" data-id=\"2deab7f\" data-element_type=\"section\" data-e-type=\"section\">\n\t\t\t\t\t\t<div class=\"elementor-container elementor-column-gap-default\">\n\t\t\t\t\t<div class=\"elementor-column elementor-col-50 elementor-inner-column elementor-element elementor-element-2a922cf\" data-id=\"2a922cf\" data-element_type=\"column\" data-e-type=\"column\">\n\t\t\t<div class=\"elementor-widget-wrap elementor-element-populated\">\n\t\t\t\t\t\t<section class=\"elementor-section elementor-inner-section elementor-element elementor-element-8ea0eb1 elementor-section-content-middle versions elementor-section-boxed elementor-section-height-default elementor-section-height-default\" data-id=\"8ea0eb1\" data-element_type=\"section\" data-e-type=\"section\" data-settings=\"{&quot;background_background&quot;:&quot;classic&quot;}\">\n\t\t\t\t\t\t<div class=\"elementor-container elementor-column-gap-default\">\n\t\t\t\t\t<div class=\"elementor-column elementor-col-25 elementor-inner-column elementor-element elementor-element-2312250\" data-id=\"2312250\" data-element_type=\"column\" data-e-type=\"column\">\n\t\t\t<div class=\"elementor-widget-wrap elementor-element-populated\">\n\t\t\t\t\t\t<div class=\"elementor-element elementor-element-aeaf6c0 elementor-widget elementor-widget-image\" data-id=\"aeaf6c0\" data-element_type=\"widget\" data-e-type=\"widget\" data-widget_type=\"image.default\">\n\t\t\t\t<div class=\"elementor-widget-container\">\n\t\t\t\t\t\t\t\t\t\t\t\t\t\t\t<img fetchpriority=\"high\" decoding=\"async\" width=\"300\" height=\"200\" src=\"https:\/\/www.play-book-slots.com\/wp-content\/uploads\/2024\/01\/book-of-ra-bezmaksas-logo.webp\" class=\"attachment-large size-large wp-image-47534\" alt=\"book of ra bezmaksas\" \/>\t\t\t\t\t\t\t\t\t\t\t\t\t\t\t<\/div>\n\t\t\t\t<\/div>\n\t\t\t\t\t<\/div>\n\t\t<\/div>\n\t\t\t\t<div class=\"elementor-column elementor-col-25 elementor-inner-column elementor-element elementor-element-1710593\" data-id=\"1710593\" data-element_type=\"column\" data-e-type=\"column\">\n\t\t\t<div class=\"elementor-widget-wrap elementor-element-populated\">\n\t\t\t\t\t\t<div class=\"elementor-element elementor-element-fd71ba8 elementor-widget elementor-widget-heading\" data-id=\"fd71ba8\" data-element_type=\"widget\" data-e-type=\"widget\" data-widget_type=\"heading.default\">\n\t\t\t\t<div class=\"elementor-widget-container\">\n\t\t\t\t\t<span class=\"elementor-heading-title elementor-size-default\"><a href=\"\/lv\/\">Book of Ra bezmaksas<\/a><\/span>\t\t\t\t<\/div>\n\t\t\t\t<\/div>\n\t\t\t\t\t<\/div>\n\t\t<\/div>\n\t\t\t\t<div class=\"elementor-column elementor-col-25 elementor-inner-column elementor-element elementor-element-a517c89\" data-id=\"a517c89\" data-element_type=\"column\" data-e-type=\"column\">\n\t\t\t<div class=\"elementor-widget-wrap elementor-element-populated\">\n\t\t\t\t\t\t<div class=\"elementor-element elementor-element-d2e0e91 elementor-widget-tablet__width-initial elementor-widget elementor-widget-text-editor\" data-id=\"d2e0e91\" data-element_type=\"widget\" data-e-type=\"widget\" data-widget_type=\"text-editor.default\">\n\t\t\t\t<div class=\"elementor-widget-container\">\n\t\t\t\t\t\t\t\t\t<p><strong>4.9<br \/><\/strong>pts<\/p>\t\t\t\t\t\t\t\t<\/div>\n\t\t\t\t<\/div>\n\t\t\t\t\t<\/div>\n\t\t<\/div>\n\t\t\t\t<div class=\"elementor-column elementor-col-25 elementor-inner-column elementor-element elementor-element-c481ff6\" data-id=\"c481ff6\" data-element_type=\"column\" data-e-type=\"column\">\n\t\t\t<div class=\"elementor-widget-wrap\">\n\t\t\t\t\t\t\t<\/div>\n\t\t<\/div>\n\t\t\t\t\t<\/div>\n\t\t<\/section>\n\t\t\t\t\t<\/div>\n\t\t<\/div>\n\t\t\t\t<div class=\"elementor-column elementor-col-50 elementor-inner-column elementor-element elementor-element-b58eb4f\" data-id=\"b58eb4f\" data-element_type=\"column\" data-e-type=\"column\">\n\t\t\t<div class=\"elementor-widget-wrap elementor-element-populated\">\n\t\t\t\t\t\t<section class=\"elementor-section elementor-inner-section elementor-element elementor-element-1d46174 elementor-section-content-middle versions elementor-section-boxed elementor-section-height-default elementor-section-height-default\" data-id=\"1d46174\" data-element_type=\"section\" data-e-type=\"section\" data-settings=\"{&quot;background_background&quot;:&quot;classic&quot;}\">\n\t\t\t\t\t\t<div class=\"elementor-container elementor-column-gap-default\">\n\t\t\t\t\t<div class=\"elementor-column elementor-col-25 elementor-inner-column elementor-element elementor-element-621ad19\" data-id=\"621ad19\" data-element_type=\"column\" data-e-type=\"column\">\n\t\t\t<div class=\"elementor-widget-wrap elementor-element-populated\">\n\t\t\t\t\t\t<div class=\"elementor-element elementor-element-1ebaccc elementor-widget elementor-widget-image\" data-id=\"1ebaccc\" data-element_type=\"widget\" data-e-type=\"widget\" data-widget_type=\"image.default\">\n\t\t\t\t<div class=\"elementor-widget-container\">\n\t\t\t\t\t\t\t\t\t\t\t\t\t\t\t<img decoding=\"async\" width=\"300\" height=\"200\" src=\"https:\/\/www.play-book-slots.com\/wp-content\/uploads\/2024\/01\/dolphins-pearl-deluxe-bezmaksas-logo.jpeg\" class=\"attachment-large size-large wp-image-47551\" alt=\"dolphins pearl bezmaksas\" \/>\t\t\t\t\t\t\t\t\t\t\t\t\t\t\t<\/div>\n\t\t\t\t<\/div>\n\t\t\t\t\t<\/div>\n\t\t<\/div>\n\t\t\t\t<div class=\"elementor-column elementor-col-25 elementor-inner-column elementor-element elementor-element-fd67a90\" data-id=\"fd67a90\" data-element_type=\"column\" data-e-type=\"column\">\n\t\t\t<div class=\"elementor-widget-wrap elementor-element-populated\">\n\t\t\t\t\t\t<div class=\"elementor-element elementor-element-9d609af elementor-widget elementor-widget-heading\" data-id=\"9d609af\" data-element_type=\"widget\" data-e-type=\"widget\" data-widget_type=\"heading.default\">\n\t\t\t\t<div class=\"elementor-widget-container\">\n\t\t\t\t\t<span class=\"elementor-heading-title elementor-size-default\"><a href=\"\/lv\/dolphins-pearl-deluxe\/\">Dolphins Pearl Deluxe slot<\/a><\/span>\t\t\t\t<\/div>\n\t\t\t\t<\/div>\n\t\t\t\t\t<\/div>\n\t\t<\/div>\n\t\t\t\t<div class=\"elementor-column elementor-col-25 elementor-inner-column elementor-element elementor-element-1027e2e\" data-id=\"1027e2e\" data-element_type=\"column\" data-e-type=\"column\">\n\t\t\t<div class=\"elementor-widget-wrap elementor-element-populated\">\n\t\t\t\t\t\t<div class=\"elementor-element elementor-element-40d9839 elementor-widget-tablet__width-initial elementor-widget elementor-widget-text-editor\" data-id=\"40d9839\" data-element_type=\"widget\" data-e-type=\"widget\" data-widget_type=\"text-editor.default\">\n\t\t\t\t<div class=\"elementor-widget-container\">\n\t\t\t\t\t\t\t\t\t<p><strong>4.5<br \/><\/strong>pts<\/p>\t\t\t\t\t\t\t\t<\/div>\n\t\t\t\t<\/div>\n\t\t\t\t\t<\/div>\n\t\t<\/div>\n\t\t\t\t<div class=\"elementor-column elementor-col-25 elementor-inner-column elementor-element elementor-element-634e606\" data-id=\"634e606\" data-element_type=\"column\" data-e-type=\"column\">\n\t\t\t<div class=\"elementor-widget-wrap\">\n\t\t\t\t\t\t\t<\/div>\n\t\t<\/div>\n\t\t\t\t\t<\/div>\n\t\t<\/section>\n\t\t\t\t\t<\/div>\n\t\t<\/div>\n\t\t\t\t\t<\/div>\n\t\t<\/section>\n\t\t\t\t\t<\/div>\n\t\t<\/div>\n\t\t\t\t\t<\/div>\n\t\t<\/section>\n\t\t\t\t<\/div>\n\t\t","protected":false},"excerpt":{"rendered":"<p>Impressum UZ\u0145\u0112MUMA NOSAUKUMS: INES&amp;ANDROSplit, Horv\u0101tija \u012apa\u0161nieks: Andrija Gusic T\u0101lrunis: 385958121595Email: info@play-book-slots.com PVN numurs: HR67920038499 Uz\u0146\u0113muma re\u0123istr\u0101cijas numurs: 97842265 Redakcija un dibin\u0101t\u0101js:gusicandrija2810@gmail.com ES Komisijas platforma str\u012bdu iz\u0161\u0137ir\u0161anai tie\u0161saist\u0113: https:\/\/ec.europa.eu\/odr Mums nav ne pien\u0101kuma, ne v\u0113lmes piedal\u012bties str\u012bdu iz\u0161\u0137ir\u0161anas proced\u016br\u0101 pat\u0113r\u0113t\u0101ju \u0161\u0137\u012br\u0113jties\u0101. Kapcsolatfelv\u00e9tel Ha b\u00e1rmilyen k\u00e9rd\u00e9se van, b\u00e1tran l\u00e9pjen kapcsolatba vel\u00fcnk a kapcsolatfelv\u00e9teli \u0171rlapon vagy e-mailben: info@play-book-slots.com, [&hellip;]<\/p>\n","protected":false},"author":1,"featured_media":0,"parent":0,"menu_order":0,"comment_status":"closed","ping_status":"open","template":"elementor_header_footer","meta":{"footnotes":""},"class_list":["post-2676","page","type-page","status-publish","hentry"],"_links":{"self":[{"href":"https:\/\/www.play-book-slots.com\/lv\/wp-json\/wp\/v2\/pages\/2676","targetHints":{"allow":["GET"]}}],"collection":[{"href":"https:\/\/www.play-book-slots.com\/lv\/wp-json\/wp\/v2\/pages"}],"about":[{"href":"https:\/\/www.play-book-slots.com\/lv\/wp-json\/wp\/v2\/types\/page"}],"author":[{"embeddable":true,"href":"https:\/\/www.play-book-slots.com\/lv\/wp-json\/wp\/v2\/users\/1"}],"replies":[{"embeddable":true,"href":"https:\/\/www.play-book-slots.com\/lv\/wp-json\/wp\/v2\/comments?post=2676"}],"version-history":[{"count":23,"href":"https:\/\/www.play-book-slots.com\/lv\/wp-json\/wp\/v2\/pages\/2676\/revisions"}],"predecessor-version":[{"id":55923,"href":"https:\/\/www.play-book-slots.com\/lv\/wp-json\/wp\/v2\/pages\/2676\/revisions\/55923"}],"wp:attachment":[{"href":"https:\/\/www.play-book-slots.com\/lv\/wp-json\/wp\/v2\/media?parent=2676"}],"curies":[{"name":"wp","href":"https:\/\/api.w.org\/{rel}","templated":true}]}}