{"id":9233,"date":"2023-06-09T13:41:03","date_gmt":"2023-06-09T13:41:03","guid":{"rendered":"https:\/\/play-book-slots.com\/book-of-ra-online-casino\/"},"modified":"2024-11-05T07:41:20","modified_gmt":"2024-11-05T07:41:20","slug":"kur-spelet","status":"publish","type":"page","link":"https:\/\/www.play-book-slots.com\/lv\/kur-spelet\/","title":{"rendered":"Sp\u0113l\u0113t Book of Ra uz naudu"},"content":{"rendered":"\t\t<div data-elementor-type=\"wp-page\" data-elementor-id=\"9233\" class=\"elementor elementor-9233 elementor-15\" data-elementor-post-type=\"page\">\n\t\t\t\t\t\t<section class=\"elementor-section elementor-top-section elementor-element elementor-element-fa8ceb3 elementor-section-full_width fullwidth elementor-section-height-default elementor-section-height-default\" data-id=\"fa8ceb3\" data-element_type=\"section\" data-e-type=\"section\">\n\t\t\t\t\t\t<div class=\"elementor-container elementor-column-gap-no\">\n\t\t\t\t\t<div class=\"elementor-column elementor-col-100 elementor-top-column elementor-element elementor-element-65b56aa\" data-id=\"65b56aa\" data-element_type=\"column\" data-e-type=\"column\">\n\t\t\t<div class=\"elementor-widget-wrap elementor-element-populated\">\n\t\t\t\t\t\t<div class=\"elementor-element elementor-element-ed9bf8e elementor-widget elementor-widget-image\" data-id=\"ed9bf8e\" data-element_type=\"widget\" data-e-type=\"widget\" data-widget_type=\"image.default\">\n\t\t\t\t<div class=\"elementor-widget-container\">\n\t\t\t\t\t\t\t\t\t\t\t\t\t\t\t<img loading=\"lazy\" decoding=\"async\" width=\"800\" height=\"203\" src=\"https:\/\/www.play-book-slots.com\/wp-content\/uploads\/2023\/06\/book-of-ra-real-money.webp\" class=\"attachment-large size-large wp-image-1144\" alt=\"book of ra online for real money\" srcset=\"https:\/\/www.play-book-slots.com\/wp-content\/uploads\/2023\/06\/book-of-ra-real-money.webp 938w, https:\/\/www.play-book-slots.com\/wp-content\/uploads\/2023\/06\/book-of-ra-real-money-300x76.webp 300w, https:\/\/www.play-book-slots.com\/wp-content\/uploads\/2023\/06\/book-of-ra-real-money-768x195.webp 768w\" sizes=\"(max-width: 800px) 100vw, 800px\" \/>\t\t\t\t\t\t\t\t\t\t\t\t\t\t\t<\/div>\n\t\t\t\t<\/div>\n\t\t\t\t\t<\/div>\n\t\t<\/div>\n\t\t\t\t\t<\/div>\n\t\t<\/section>\n\t\t\t\t<section class=\"elementor-section elementor-top-section elementor-element elementor-element-3ce7bde elementor-section-boxed elementor-section-height-default elementor-section-height-default\" data-id=\"3ce7bde\" data-element_type=\"section\" data-e-type=\"section\">\n\t\t\t\t\t\t<div class=\"elementor-container elementor-column-gap-default\">\n\t\t\t\t\t<div class=\"elementor-column elementor-col-100 elementor-top-column elementor-element elementor-element-00302f8\" data-id=\"00302f8\" data-element_type=\"column\" data-e-type=\"column\">\n\t\t\t<div class=\"elementor-widget-wrap elementor-element-populated\">\n\t\t\t\t\t\t<div class=\"elementor-element elementor-element-acd3312 elementor-widget elementor-widget-heading\" data-id=\"acd3312\" data-element_type=\"widget\" data-e-type=\"widget\" data-widget_type=\"heading.default\">\n\t\t\t\t<div class=\"elementor-widget-container\">\n\t\t\t\t\t<h1 class=\"elementor-heading-title elementor-size-default\">Sp\u0113l\u0113t Book of Ra uz naudu - Book of Ra casino<\/h1>\t\t\t\t<\/div>\n\t\t\t\t<\/div>\n\t\t\t\t<div class=\"elementor-element elementor-element-f35c0e9 elementor-widget elementor-widget-shortcode\" data-id=\"f35c0e9\" data-element_type=\"widget\" data-e-type=\"widget\" data-widget_type=\"shortcode.default\">\n\t\t\t\t<div class=\"elementor-widget-container\">\n\t\t\t\t\t\t\t<div class=\"elementor-shortcode\">  \r\n    \r\n<div id=\"wpj-jtoc\" class=\"wpj-jtoc wpj-jtoc--main --jtoc-the-content --jtoc-theme-basic-dark --jtoc-title-align-left --jtoc-toggle-icon-std --jtoc-toggle-position-right --jtoc-has-numeration --jtoc-numeration-legacy --jtoc-has-custom-styles --jtoc-is-folded --jtoc-align-left\" >\r\n  <!-- TOC -->\r\n        <div class=\"wpj-jtoc--toc wpj-jtoc--toc-inline \" >\r\n              <div class=\"wpj-jtoc--header\">\r\n        <div class=\"wpj-jtoc--header-main\">\r\n                    <div class=\"wpj-jtoc--title\">\r\n                        <span class=\"wpj-jtoc--title-label\">Satura r\u0101d\u012bt\u0101js<\/span>\r\n          <\/div>\r\n                                <div class=\"wpj-jtoc--toggle-wrap\">\r\n                                            <div class=\"wpj-jtoc--toggle-icon\">\r\n                  <div class=\"wpj-jtoc--toggle-opened\"><i class=\"gg-chevron-up\"><\/i><\/div>\r\n                  <div class=\"wpj-jtoc--toggle-closed\"><i class=\"gg-chevron-down\"><\/i><\/div>\r\n                <\/div>\r\n                                        <\/div>\r\n                  <\/div>\r\n      <\/div>\r\n            <div class=\"wpj-jtoc--body\">\r\n            <nav class=\"wpj-jtoc--nav\">\r\n        <ol class=\"wpj-jtoc--items\"><li class=\"wpj-jtoc--item --jtoc-h2\">\r\n        <div class=\"wpj-jtoc--item-content --jtoc-h2\" data-depth=\"2\">\r\n                                                <a href=\"#kur-spelet-book-of-ra-casino-list\"  title=\"Kur sp\u0113l\u0113t BOOK OF RA (CASINO LIST):\" data-numeration=\"1\">Kur sp\u0113l\u0113t BOOK OF RA (CASINO LIST):<\/a>\r\n                    <\/div><ol class=\"wpj-jtoc--items\"><li class=\"wpj-jtoc--item --jtoc-h3\">\r\n        <div class=\"wpj-jtoc--item-content --jtoc-h3\" data-depth=\"3\">\r\n                                                <a href=\"#x3000lv\"  title=\"X3000.LV \" data-numeration=\"1.1\">X3000.LV <\/a>\r\n                    <\/div><\/li><\/ol><\/li><li class=\"wpj-jtoc--item --jtoc-h2\">\r\n        <div class=\"wpj-jtoc--item-content --jtoc-h2\" data-depth=\"2\">\r\n                                                <a href=\"#book-of-ra-kazino-laimests-attelus\"  title=\"Book of Ra kazino laimests \u2013 att\u0113lus\" data-numeration=\"2\">Book of Ra kazino laimests \u2013 att\u0113lus<\/a>\r\n                    <\/div><\/li><li class=\"wpj-jtoc--item --jtoc-h2\">\r\n        <div class=\"wpj-jtoc--item-content --jtoc-h2\" data-depth=\"2\">\r\n                                                <a href=\"#novoline-kazino-alternativas\"  title=\"Novoline kazino alternat\u012bvas: \" data-numeration=\"3\">Novoline kazino alternat\u012bvas: <\/a>\r\n                    <\/div><\/li><\/ol>      <\/nav>\r\n          <\/div>\r\n      <\/div>\r\n    <\/div>\r\n<\/div>\n\t\t\t\t\t\t<\/div>\n\t\t\t\t<\/div>\n\t\t\t\t<div class=\"elementor-element elementor-element-0a87734 elementor-widget elementor-widget-text-editor\" data-id=\"0a87734\" data-element_type=\"widget\" data-e-type=\"widget\" data-widget_type=\"text-editor.default\">\n\t\t\t\t<div class=\"elementor-widget-container\">\n\t\t\t\t\t\t\t\t\t<p>Viens no gr\u016bt\u0101kajiem uzdevumiem, sp\u0113l\u0113jot azartsp\u0113les tie\u0161saist\u0113, ir atrast dro\u0161u tie\u0161saistes kazino, kur\u0101 uzsp\u0113l\u0113t k\u0101du no <span style=\"font-weight: bold;\">Book of Ra sp\u0113l\u0113m<\/span> ai citus Novoline sp\u0113\u013cu autom\u0101tus. Tas t\u0101d\u0113\u013c, ka Novomatic Group koncentr\u0113jas tikai uz simtprocent\u012bgi leg\u0101liem l\u012bgumiem, kas noz\u012bm\u0113, ka ar \u0161o izstr\u0101d\u0101t\u0101ju ir \u013coti gr\u016bti vienoties. Rezult\u0101t\u0101 ir daudz vair\u0101k tradicion\u0101lo (fizisko) kazino, kuri pied\u0101v\u0101 \u0161\u012b izstr\u0101d\u0101t\u0101ja sp\u0113les, nek\u0101 tie\u0161saistes viet\u0146u.<\/p><p>Sp\u0113l\u0113t\u0101jam, kur\u0161 uzsp\u0113l\u0113 tikai pa retam, nav viegli izsekot vis\u0101m likuma norm\u0101m, kuras main\u0101s teju katru m\u0113nesi. Liel\u0101kajai da\u013ca sp\u0113l\u0113t\u0101ju ir svar\u012bgi, lai god\u012bga tie\u0161saistes kazino atra\u0161ana b\u016btu vienk\u0101r\u0161s un viegli saprotams process, jo izp\u0113tei velt\u012btais laiks samazina tos br\u012bvos br\u012b\u017eus, kas paredz\u0113ti izklaidei un atp\u016btai.<\/p><p>Tie\u0161i t\u0101d\u0113\u013c m\u0113s r\u016bp\u012bgi sekojam l\u012bdzi vis\u0101m tendenc\u0113m un pav\u0113rsieniem attiec\u012bb\u0101 uz lab\u0101kajiem <span style=\"font-weight: bold;\">Novomatic kazino Latvij\u0101<\/span>, lai pal\u012bdz\u0113tu jums atrast savu tie\u0161saistes st\u016br\u012bti, kur\u0101 izbaud\u012bt t\u0101dus popul\u0101rus sp\u0113\u013cu autom\u0101tus k\u0101 Book of Ra, <a href=\"\/lv\/sizzling-hot-deluxe\/\">Sizzling Hot Deluxe<\/a>, Lucky Lady&#8217;s Charm, Lord of the Ocean k\u0101 ar\u012b daudzus citus&#8230;<\/p><p>\u0160obr\u012bd m\u016bsu t\u012bmek\u013ca vietne ir tulkota 11 valod\u0101s, t\u0101d\u0113\u013c, ja v\u0113l to neesat izdar\u012bju\u0161i, noteikti izv\u0113lieties savas valsts karodzi\u0146u m\u016bsu izv\u0113ln\u0113! T\u0101 par\u0101d\u012bs visus Novoline kazino, kuros j\u016bs no savas dz\u012bvesvietas varat sp\u0113l\u0113t Greentube darbin\u0101tus sp\u0113\u013cu autom\u0101tus. J\u016bsu dzimtaj\u0101 valod\u0101!<\/p>\t\t\t\t\t\t\t\t<\/div>\n\t\t\t\t<\/div>\n\t\t\t\t\t<\/div>\n\t\t<\/div>\n\t\t\t\t\t<\/div>\n\t\t<\/section>\n\t\t\t\t<section class=\"elementor-section elementor-top-section elementor-element elementor-element-6f8ffc3 elementor-section-boxed elementor-section-height-default elementor-section-height-default\" data-id=\"6f8ffc3\" data-element_type=\"section\" data-e-type=\"section\">\n\t\t\t\t\t\t<div class=\"elementor-container elementor-column-gap-default\">\n\t\t\t\t\t<div class=\"elementor-column elementor-col-100 elementor-top-column elementor-element elementor-element-3c845bf\" data-id=\"3c845bf\" data-element_type=\"column\" data-e-type=\"column\">\n\t\t\t<div class=\"elementor-widget-wrap elementor-element-populated\">\n\t\t\t\t\t\t<div class=\"elementor-element elementor-element-9cf4f19 elementor-widget elementor-widget-heading\" data-id=\"9cf4f19\" data-element_type=\"widget\" data-e-type=\"widget\" data-widget_type=\"heading.default\">\n\t\t\t\t<div class=\"elementor-widget-container\">\n\t\t\t\t\t<h2 class=\"elementor-heading-title elementor-size-default\">Kur sp\u0113l\u0113t BOOK OF RA (CASINO LIST):<\/h2>\t\t\t\t<\/div>\n\t\t\t\t<\/div>\n\t\t\t\t<section class=\"elementor-section elementor-inner-section elementor-element elementor-element-1d58ebb elementor-section-content-middle versions elementor-section-boxed elementor-section-height-default elementor-section-height-default\" data-id=\"1d58ebb\" data-element_type=\"section\" data-e-type=\"section\" data-settings=\"{&quot;background_background&quot;:&quot;classic&quot;}\">\n\t\t\t\t\t\t<div class=\"elementor-container elementor-column-gap-default\">\n\t\t\t\t\t<div class=\"elementor-column elementor-col-16 elementor-inner-column elementor-element elementor-element-c171e2a\" data-id=\"c171e2a\" data-element_type=\"column\" data-e-type=\"column\">\n\t\t\t<div class=\"elementor-widget-wrap elementor-element-populated\">\n\t\t\t\t\t\t<div class=\"elementor-element elementor-element-76f6f75 elementor-widget elementor-widget-image\" data-id=\"76f6f75\" data-element_type=\"widget\" data-e-type=\"widget\" data-widget_type=\"image.default\">\n\t\t\t\t<div class=\"elementor-widget-container\">\n\t\t\t\t\t\t\t\t\t\t\t\t\t\t\t<img loading=\"lazy\" decoding=\"async\" width=\"500\" height=\"333\" src=\"https:\/\/www.play-book-slots.com\/wp-content\/uploads\/2024\/05\/x3000-kazino-latvia-logo.jpg\" class=\"attachment-large size-large wp-image-55825\" alt=\"x3000 kazino latvia\" srcset=\"https:\/\/www.play-book-slots.com\/wp-content\/uploads\/2024\/05\/x3000-kazino-latvia-logo.jpg 500w, https:\/\/www.play-book-slots.com\/wp-content\/uploads\/2024\/05\/x3000-kazino-latvia-logo-300x200.jpg 300w\" sizes=\"(max-width: 500px) 100vw, 500px\" \/>\t\t\t\t\t\t\t\t\t\t\t\t\t\t\t<\/div>\n\t\t\t\t<\/div>\n\t\t\t\t\t<\/div>\n\t\t<\/div>\n\t\t\t\t<div class=\"elementor-column elementor-col-16 elementor-inner-column elementor-element elementor-element-4b26f3f\" data-id=\"4b26f3f\" data-element_type=\"column\" data-e-type=\"column\">\n\t\t\t<div class=\"elementor-widget-wrap elementor-element-populated\">\n\t\t\t\t\t\t<div class=\"elementor-element elementor-element-351abc1 elementor-widget elementor-widget-heading\" data-id=\"351abc1\" data-element_type=\"widget\" data-e-type=\"widget\" data-widget_type=\"heading.default\">\n\t\t\t\t<div class=\"elementor-widget-container\">\n\t\t\t\t\t<h4 class=\"elementor-heading-title elementor-size-default\">X3000.LV <\/h4>\t\t\t\t<\/div>\n\t\t\t\t<\/div>\n\t\t\t\t\t<\/div>\n\t\t<\/div>\n\t\t\t\t<div class=\"elementor-column elementor-col-16 elementor-inner-column elementor-element elementor-element-7e29820\" data-id=\"7e29820\" data-element_type=\"column\" data-e-type=\"column\">\n\t\t\t<div class=\"elementor-widget-wrap elementor-element-populated\">\n\t\t\t\t\t\t<div class=\"elementor-element elementor-element-09da1a8 elementor-widget-tablet__width-initial elementor-widget elementor-widget-text-editor\" data-id=\"09da1a8\" data-element_type=\"widget\" data-e-type=\"widget\" data-widget_type=\"text-editor.default\">\n\t\t\t\t<div class=\"elementor-widget-container\">\n\t\t\t\t\t\t\t\t\t<p><strong>4.5<br \/><\/strong><\/p>\t\t\t\t\t\t\t\t<\/div>\n\t\t\t\t<\/div>\n\t\t\t\t\t<\/div>\n\t\t<\/div>\n\t\t\t\t<div class=\"elementor-column elementor-col-16 elementor-inner-column elementor-element elementor-element-4579f3c\" data-id=\"4579f3c\" data-element_type=\"column\" data-e-type=\"column\">\n\t\t\t<div class=\"elementor-widget-wrap elementor-element-populated\">\n\t\t\t\t\t\t<div class=\"elementor-element elementor-element-606df71 elementor-widget-tablet__width-initial elementor-widget elementor-widget-text-editor\" data-id=\"606df71\" data-element_type=\"widget\" data-e-type=\"widget\" data-widget_type=\"text-editor.default\">\n\t\t\t\t<div class=\"elementor-widget-container\">\n\t\t\t\t\t\t\t\t\t<ul class=\"tablebonus\">\n \t<li>At\u013cauts: Latvia<\/li>\n \t\n<\/ul>\t\t\t\t\t\t\t\t<\/div>\n\t\t\t\t<\/div>\n\t\t\t\t\t<\/div>\n\t\t<\/div>\n\t\t\t\t<div class=\"elementor-column elementor-col-16 elementor-inner-column elementor-element elementor-element-6f43549\" data-id=\"6f43549\" data-element_type=\"column\" data-e-type=\"column\">\n\t\t\t<div class=\"elementor-widget-wrap elementor-element-populated\">\n\t\t\t\t\t\t<div class=\"elementor-element elementor-element-f5325df elementor-widget-tablet__width-initial elementor-widget elementor-widget-text-editor\" data-id=\"f5325df\" data-element_type=\"widget\" data-e-type=\"widget\" data-widget_type=\"text-editor.default\">\n\t\t\t\t<div class=\"elementor-widget-container\">\n\t\t\t\t\t\t\t\t\t<p><strong>BONUS<\/strong><br \/>140 br\u012bvsp\u0113les sp\u0113l\u0113 Book of Ra<br \/>visiem jaunajiem klientiem<\/p><p>+ 10 eiro sporta Safe Bet<\/p>\t\t\t\t\t\t\t\t<\/div>\n\t\t\t\t<\/div>\n\t\t\t\t\t<\/div>\n\t\t<\/div>\n\t\t\t\t<div class=\"elementor-column elementor-col-16 elementor-inner-column elementor-element elementor-element-4bb9eda\" data-id=\"4bb9eda\" data-element_type=\"column\" data-e-type=\"column\">\n\t\t\t<div class=\"elementor-widget-wrap elementor-element-populated\">\n\t\t\t\t\t\t<div class=\"elementor-element elementor-element-e86542a elementor-align-center elementor-widget elementor-widget-button\" data-id=\"e86542a\" data-element_type=\"widget\" data-e-type=\"widget\" data-widget_type=\"button.default\">\n\t\t\t\t<div class=\"elementor-widget-container\">\n\t\t\t\t\t\t\t\t\t<div class=\"elementor-button-wrapper\">\n\t\t\t\t\t<a class=\"elementor-button elementor-button-link elementor-size-sm elementor-animation-grow\" href=\"https:\/\/www.play-book-slots.com\/link\/x3000\/\" target=\"_blank\" rel=\"nofollow\">\n\t\t\t\t\t\t<span class=\"elementor-button-content-wrapper\">\n\t\t\t\t\t\t\t\t\t<span class=\"elementor-button-text\">Pa\u0146em bonusu<\/span>\n\t\t\t\t\t<\/span>\n\t\t\t\t\t<\/a>\n\t\t\t\t<\/div>\n\t\t\t\t\t\t\t\t<\/div>\n\t\t\t\t<\/div>\n\t\t\t\t\t<\/div>\n\t\t<\/div>\n\t\t\t\t\t<\/div>\n\t\t<\/section>\n\t\t\t\t\t<\/div>\n\t\t<\/div>\n\t\t\t\t\t<\/div>\n\t\t<\/section>\n\t\t\t\t<section class=\"elementor-section elementor-top-section elementor-element elementor-element-ec6ebc5 elementor-section-boxed elementor-section-height-default elementor-section-height-default\" data-id=\"ec6ebc5\" data-element_type=\"section\" data-e-type=\"section\">\n\t\t\t\t\t\t<div class=\"elementor-container elementor-column-gap-default\">\n\t\t\t\t\t<div class=\"elementor-column elementor-col-100 elementor-top-column elementor-element elementor-element-6707d4c\" data-id=\"6707d4c\" data-element_type=\"column\" data-e-type=\"column\">\n\t\t\t<div class=\"elementor-widget-wrap elementor-element-populated\">\n\t\t\t\t\t\t<div class=\"elementor-element elementor-element-4a242f4 elementor-widget elementor-widget-text-editor\" data-id=\"4a242f4\" data-element_type=\"widget\" data-e-type=\"widget\" data-widget_type=\"text-editor.default\">\n\t\t\t\t<div class=\"elementor-widget-container\">\n\t\t\t\t\t\t\t\t\t<span class=\"disclaimer_text\"> * \u0160\u012b poga j\u016bs aizved\u012bs uz tre\u0161\u0101s puses re\u0101l\u0101s naudas kazino m\u0101jaslapu. Lai gan m\u0113s cen\u0161amies katru dienu atjaunin\u0101t to kazino sarakstu, kas pied\u0101v\u0101 iepriek\u0161 min\u0113to sp\u0113li, da\u017e\u0101du likumu un kazino l\u0113mumu d\u0113\u013c, kas main\u0101s katru dienu, m\u0113s iesak\u0101m pirms maks\u0101juma veik\u0161anas vai re\u0123istr\u0101cijas v\u0113lreiz p\u0101rbaud\u012bt sp\u0113\u013cu autom\u0101tu sarakstu kazino m\u0101jaslap\u0101 (respekt\u012bvi, p\u0101rbaudiet, vai j\u016bs interes\u0113jo\u0161\u0101 sp\u0113le ir pieejama dotaj\u0101 kazino). <\/span>\t\t\t\t\t\t\t\t<\/div>\n\t\t\t\t<\/div>\n\t\t\t\t\t<\/div>\n\t\t<\/div>\n\t\t\t\t\t<\/div>\n\t\t<\/section>\n\t\t\t\t<section class=\"elementor-section elementor-top-section elementor-element elementor-element-3a10d8e elementor-section-boxed elementor-section-height-default elementor-section-height-default\" data-id=\"3a10d8e\" data-element_type=\"section\" data-e-type=\"section\">\n\t\t\t\t\t\t<div class=\"elementor-container elementor-column-gap-default\">\n\t\t\t\t\t<div class=\"elementor-column elementor-col-100 elementor-top-column elementor-element elementor-element-5ab31f4\" data-id=\"5ab31f4\" data-element_type=\"column\" data-e-type=\"column\">\n\t\t\t<div class=\"elementor-widget-wrap elementor-element-populated\">\n\t\t\t\t\t\t<div class=\"elementor-element elementor-element-57fb5df elementor-widget elementor-widget-heading\" data-id=\"57fb5df\" data-element_type=\"widget\" data-e-type=\"widget\" data-widget_type=\"heading.default\">\n\t\t\t\t<div class=\"elementor-widget-container\">\n\t\t\t\t\t<h2 class=\"elementor-heading-title elementor-size-default\">Book of Ra kazino laimests - att\u0113lus<\/h2>\t\t\t\t<\/div>\n\t\t\t\t<\/div>\n\t\t\t\t<div class=\"elementor-element elementor-element-a268738 elementor-widget elementor-widget-image\" data-id=\"a268738\" data-element_type=\"widget\" data-e-type=\"widget\" data-widget_type=\"image.default\">\n\t\t\t\t<div class=\"elementor-widget-container\">\n\t\t\t\t\t\t\t\t\t\t\t\t\t\t\t<img loading=\"lazy\" decoding=\"async\" width=\"800\" height=\"530\" src=\"https:\/\/www.play-book-slots.com\/wp-content\/uploads\/2023\/07\/book-of-ra-bonus-win.jpg\" class=\"attachment-large size-large wp-image-7665\" alt=\"book of ra big bonus win\" srcset=\"https:\/\/www.play-book-slots.com\/wp-content\/uploads\/2023\/07\/book-of-ra-bonus-win.jpg 945w, https:\/\/www.play-book-slots.com\/wp-content\/uploads\/2023\/07\/book-of-ra-bonus-win-300x199.jpg 300w, https:\/\/www.play-book-slots.com\/wp-content\/uploads\/2023\/07\/book-of-ra-bonus-win-768x509.jpg 768w\" sizes=\"(max-width: 800px) 100vw, 800px\" \/>\t\t\t\t\t\t\t\t\t\t\t\t\t\t\t<\/div>\n\t\t\t\t<\/div>\n\t\t\t\t<div class=\"elementor-element elementor-element-d5ec266 elementor-widget elementor-widget-text-editor\" data-id=\"d5ec266\" data-element_type=\"widget\" data-e-type=\"widget\" data-widget_type=\"text-editor.default\">\n\t\t\t\t<div class=\"elementor-widget-container\">\n\t\t\t\t\t\t\t\t\t<h2>Novoline kazino alternat\u012bvas: <\/h2>\n      \n <p>Pasaul\u0113 ir daudz da\u017e\u0101du programmat\u016bras izstr\u0101d\u0101t\u0101ju, kuri pavisam noteikti ir j\u016bsu uzman\u012bbas v\u0113rti. B\u016btu milz\u012bga k\u013c\u016bda katram tie\u0161saistes sp\u0113\u013cu autom\u0101tu sp\u0113l\u0113t\u0101jam savu izv\u0113li ierobe\u017eot tikai un vien\u012bgi ar Novoline kazino. Zem\u0101k redzamaj\u0101 sarakst\u0101 esam apkopoju\u0161i m\u016bsu iecien\u012bt\u0101kos kazino, kuri pied\u0101v\u0101 lab\u0101kos sp\u0113\u013cu autom\u0101tus no t\u0101diem uz\u0146\u0113mumiem k\u0101 NetEnt, Play&#8217;n GO, Big Time Gaming, Merkur Gaming, EGT, IGT un daudziem citiem.<\/p><br\/><p> \u0160eit uzskait\u012btaj\u0101s t\u012bmek\u013ca vietn\u0113s nav iesp\u0113jams sp\u0113l\u0113t ne Book of Ra, ne k\u0101du citu no Novoline sp\u0113\u013cu autom\u0101tiem, tom\u0113r \u0161ie kazino saviem jaunajiem klientiem pied\u0101v\u0101 vienus no vislab\u0101kajiem tie\u0161saistes bonusiem. Apl\u016bkojiet tos tuv\u0101k!<\/p>\t\t\t\t\t\t\t\t<\/div>\n\t\t\t\t<\/div>\n\t\t\t\t\t<\/div>\n\t\t<\/div>\n\t\t\t\t\t<\/div>\n\t\t<\/section>\n\t\t\t\t<section class=\"elementor-section elementor-top-section elementor-element elementor-element-e6736a2 elementor-section-boxed elementor-section-height-default elementor-section-height-default\" data-id=\"e6736a2\" data-element_type=\"section\" data-e-type=\"section\">\n\t\t\t\t\t\t<div class=\"elementor-container elementor-column-gap-default\">\n\t\t\t\t\t<div class=\"elementor-column elementor-col-100 elementor-top-column elementor-element elementor-element-b1ed22e\" data-id=\"b1ed22e\" data-element_type=\"column\" data-e-type=\"column\">\n\t\t\t<div class=\"elementor-widget-wrap elementor-element-populated\">\n\t\t\t\t\t\t<section class=\"elementor-section elementor-inner-section elementor-element elementor-element-b1183a3 elementor-section-boxed elementor-section-height-default elementor-section-height-default\" data-id=\"b1183a3\" data-element_type=\"section\" data-e-type=\"section\">\n\t\t\t\t\t\t<div class=\"elementor-container elementor-column-gap-default\">\n\t\t\t\t\t<div class=\"elementor-column elementor-col-100 elementor-inner-column elementor-element elementor-element-d4a0bca\" data-id=\"d4a0bca\" data-element_type=\"column\" data-e-type=\"column\">\n\t\t\t<div class=\"elementor-widget-wrap elementor-element-populated\">\n\t\t\t\t\t\t<div class=\"elementor-element elementor-element-5af9747 elementor-widget elementor-widget-heading\" data-id=\"5af9747\" data-element_type=\"widget\" data-e-type=\"widget\" data-widget_type=\"heading.default\">\n\t\t\t\t<div class=\"elementor-widget-container\">\n\t\t\t\t\t<span class=\"elementor-heading-title elementor-size-default\">Par autoru\n<\/span>\t\t\t\t<\/div>\n\t\t\t\t<\/div>\n\t\t\t\t<div class=\"elementor-element elementor-element-ca669c8 elementor-author-box--image-valign-top elementor-widget elementor-widget-global elementor-global-33747 elementor-widget-author-box\" data-id=\"ca669c8\" data-element_type=\"widget\" data-e-type=\"widget\" data-widget_type=\"author-box.default\">\n\t\t\t\t<div class=\"elementor-widget-container\">\n\t\t\t\t\t\t\t<div class=\"elementor-author-box\">\n\t\t\t\t\t\t\t<div  class=\"elementor-author-box__avatar\">\n\t\t\t\t\t<img decoding=\"async\" src=\"https:\/\/www.play-book-slots.com\/wp-content\/uploads\/2023\/06\/pbs-author-300x300.jpg\" alt=\"Picture of Andrija Gusic (Dibin\u0101t\u0101js un autors)\" loading=\"lazy\">\n\t\t\t\t<\/div>\n\t\t\t\n\t\t\t<div class=\"elementor-author-box__text\">\n\t\t\t\t\t\t\t\t\t<div >\n\t\t\t\t\t\t<span class=\"elementor-author-box__name\">\n\t\t\t\t\t\t\tAndrija Gusic (Dibin\u0101t\u0101js un autors)\t\t\t\t\t\t<\/span>\n\t\t\t\t\t<\/div>\n\t\t\t\t\n\t\t\t\t\t\t\t\t\t<div class=\"elementor-author-box__bio\">\n\t\t\t\t\t\t<p>Andrija ir Play Book Slots atbild\u012bgais, vi\u0146\u0161 vada komandu, lai nodro\u0161in\u0101tu prec\u012bzus datus un v\u0113rt\u012bgus padomus tiem, kas tos mekl\u0113. Vi\u0146am ir vair\u0101k nek\u0101 15 gadus ilga pieredze azartsp\u0113\u013cu nozar\u0113, un vi\u0146a zin\u0101\u0161anas galvenok\u0101rt attiecas uz tie\u0161saistes sp\u0113\u013cu autom\u0101tiem un kazino. Vi\u0146\u0161 ar aizraut\u012bbu analiz\u0113 lietot\u0101ju pieredzi da\u017e\u0101d\u0101s sp\u0113\u013cu platform\u0101s un izstr\u0101d\u0101 detaliz\u0113tas recenzijas (no sp\u0113l\u0113t\u0101ja sp\u0113l\u0113t\u0101jiem). Andrija dz\u012bvo Horv\u0101tij\u0101 un savu profesion\u0101lo darb\u012bbu apvieno ar lielu interesi par futbolu un cent\u012bbu papla\u0161in\u0101t savas zin\u0101\u0161anas SEO jom\u0101.<br \/> <a href=\"mailto:gusicandrija2810@gmail.com\"><i class=\"fa fa-at\"><\/i><\/a>  <a href=\"https:\/\/www.linkedin.com\/in\/andrija-gusic-80781a29b\/\" target=\"_blank\" rel=\"noopener\"><i class=\"fab fa-linkedin\"><\/i><\/a> <\/p>\n\t\t\t\t\t<\/div>\n\t\t\t\t\n\t\t\t\t\t\t\t<\/div>\n\t\t<\/div>\n\t\t\t\t\t\t<\/div>\n\t\t\t\t<\/div>\n\t\t\t\t\t<\/div>\n\t\t<\/div>\n\t\t\t\t\t<\/div>\n\t\t<\/section>\n\t\t\t\t\t<\/div>\n\t\t<\/div>\n\t\t\t\t\t<\/div>\n\t\t<\/section>\n\t\t\t\t<\/div>\n\t\t","protected":false},"excerpt":{"rendered":"<p>Sp\u0113l\u0113t Book of Ra uz naudu &#8211; Book of Ra casino Viens no gr\u016bt\u0101kajiem uzdevumiem, sp\u0113l\u0113jot azartsp\u0113les tie\u0161saist\u0113, ir atrast dro\u0161u tie\u0161saistes kazino, kur\u0101 uzsp\u0113l\u0113t k\u0101du no Book of Ra sp\u0113l\u0113m ai citus Novoline sp\u0113\u013cu autom\u0101tus. Tas t\u0101d\u0113\u013c, ka Novomatic Group koncentr\u0113jas tikai uz simtprocent\u012bgi leg\u0101liem l\u012bgumiem, kas noz\u012bm\u0113, ka ar \u0161o izstr\u0101d\u0101t\u0101ju ir \u013coti [&hellip;]<\/p>\n","protected":false},"author":1,"featured_media":0,"parent":0,"menu_order":0,"comment_status":"closed","ping_status":"open","template":"elementor_header_footer","meta":{"footnotes":""},"class_list":["post-9233","page","type-page","status-publish","hentry"],"_links":{"self":[{"href":"https:\/\/www.play-book-slots.com\/lv\/wp-json\/wp\/v2\/pages\/9233","targetHints":{"allow":["GET"]}}],"collection":[{"href":"https:\/\/www.play-book-slots.com\/lv\/wp-json\/wp\/v2\/pages"}],"about":[{"href":"https:\/\/www.play-book-slots.com\/lv\/wp-json\/wp\/v2\/types\/page"}],"author":[{"embeddable":true,"href":"https:\/\/www.play-book-slots.com\/lv\/wp-json\/wp\/v2\/users\/1"}],"replies":[{"embeddable":true,"href":"https:\/\/www.play-book-slots.com\/lv\/wp-json\/wp\/v2\/comments?post=9233"}],"version-history":[{"count":31,"href":"https:\/\/www.play-book-slots.com\/lv\/wp-json\/wp\/v2\/pages\/9233\/revisions"}],"predecessor-version":[{"id":59490,"href":"https:\/\/www.play-book-slots.com\/lv\/wp-json\/wp\/v2\/pages\/9233\/revisions\/59490"}],"wp:attachment":[{"href":"https:\/\/www.play-book-slots.com\/lv\/wp-json\/wp\/v2\/media?parent=9233"}],"curies":[{"name":"wp","href":"https:\/\/api.w.org\/{rel}","templated":true}]}}