{"id":2547,"date":"2023-06-09T16:09:51","date_gmt":"2023-06-09T16:09:51","guid":{"rendered":"https:\/\/play-book-slots.com\/terms-conditions\/"},"modified":"2024-11-14T10:55:38","modified_gmt":"2024-11-14T10:55:38","slug":"regulamin","status":"publish","type":"page","link":"https:\/\/www.play-book-slots.com\/pl\/regulamin\/","title":{"rendered":"Regulamin"},"content":{"rendered":"\t\t<div data-elementor-type=\"wp-page\" data-elementor-id=\"2547\" class=\"elementor elementor-2547 elementor-134\" data-elementor-post-type=\"page\">\n\t\t\t\t\t\t<section class=\"elementor-section elementor-top-section elementor-element elementor-element-da635c5 elementor-section-boxed elementor-section-height-default elementor-section-height-default\" data-id=\"da635c5\" data-element_type=\"section\" data-e-type=\"section\">\n\t\t\t\t\t\t<div class=\"elementor-container elementor-column-gap-default\">\n\t\t\t\t\t<div class=\"elementor-column elementor-col-100 elementor-top-column elementor-element elementor-element-48c267e\" data-id=\"48c267e\" data-element_type=\"column\" data-e-type=\"column\">\n\t\t\t<div class=\"elementor-widget-wrap elementor-element-populated\">\n\t\t\t\t\t\t<div class=\"elementor-element elementor-element-27c588b elementor-widget elementor-widget-text-editor\" data-id=\"27c588b\" data-element_type=\"widget\" data-e-type=\"widget\" data-widget_type=\"text-editor.default\">\n\t\t\t\t<div class=\"elementor-widget-container\">\n\t\t\t\t\t\t\t\t\t<p>\u00a0<\/p><h1>WARUNKI US\u0141UGI<\/h1><p style=\"font-style: italic;\">Ostatnia aktualizacja: 17 marca 2023<\/p><p>Prosimy o uwa\u017cne zapoznanie si\u0119 z niniejszymi warunkami przed skorzystaniem z naszej Us\u0142ugi.<\/p><h2>INTERPRETACJA I DEFINICJE<\/h2><h3>INTERPRETACJA<\/h3><p>S\u0142owa, kt\u00f3rych pierwsza litera jest pisana wielk\u0105 liter\u0105, maj\u0105 znaczenie okre\u015blone w nast\u0119puj\u0105cych warunkach. Poni\u017csze definicje maj\u0105 takie samo znaczenie niezale\u017cnie od tego, czy wyst\u0119puj\u0105 w liczbie pojedynczej, czy mnogiej.<\/p><h3>DEFINICJE<\/h3><p>Na potrzeby niniejszych Warunk\u00f3w:<\/p><ul><li><strong>Podmiot stowarzyszony<\/strong> oznacza podmiot, kt\u00f3ry kontroluje, jest kontrolowany lub znajduje si\u0119 pod wsp\u00f3ln\u0105 kontrol\u0105 ze stron\u0105, gdzie \u201ekontrola\u201d oznacza posiadanie co najmniej 50% udzia\u0142\u00f3w, udzia\u0142\u00f3w kapita\u0142owych lub innych papier\u00f3w warto\u015bciowych uprawniaj\u0105cych do g\u0142osowania w wyborach dyrektor\u00f3w lub innych organ\u00f3w zarz\u0105dzaj\u0105cych.<\/li><li><strong>Kraj<\/strong> odnosi si\u0119 do: Polska<\/li><li><strong>Firma<\/strong> (okre\u015blana jako \u201eFirma\u201d, \u201eMy\u201d, \u201eNas\u201d lub \u201eNasz\u201d w niniejszych Warunkach) odnosi si\u0119 do Play-book-slots.com.<\/li><li><strong>Urz\u0105dzenie<\/strong> oznacza dowolne urz\u0105dzenie, kt\u00f3re mo\u017ce uzyska\u0107 dost\u0119p do Us\u0142ugi, takie jak komputer, telefon kom\u00f3rkowy lub tablet cyfrowy.<\/li><li><strong>Us\u0142uga<\/strong> odnosi si\u0119 do Strony.<\/li><li><strong><span class=\"orangebold\">Warunki<\/span><\/strong> (zwane r\u00f3wnie\u017c \u201eRegulaminem\u201d) oznaczaj\u0105 niniejsze Warunki, kt\u00f3re stanowi\u0105 ca\u0142o\u015b\u0107 umowy mi\u0119dzy Tob\u0105 a Firm\u0105 dotycz\u0105cej korzystania z Us\u0142ugi. Niniejsza umowa dotycz\u0105ca warunk\u00f3w zosta\u0142a utworzona przy pomocy generatora <a href=\"https:\/\/www.termsfeed.com\/terms-conditions-generator\/\" target=\"_blank\" rel=\"external nofollow noopener\">TermsFeed Terms and Conditions Generator<\/a>.<\/li><li><strong>Us\u0142uga medi\u00f3w spo\u0142eczno\u015bciowych strony trzeciej<\/strong> oznacza wszelkie us\u0142ugi lub tre\u015bci (w tym dane, informacje, produkty lub us\u0142ugi) dostarczane przez stron\u0119 trzeci\u0105, kt\u00f3re mog\u0105 by\u0107 wy\u015bwietlane, w\u0142\u0105czane lub udost\u0119pniane przez Us\u0142ug\u0119.<\/li><li><strong>Strona<\/strong> odnosi si\u0119 do Play-book-slots.com, dost\u0119pnej pod adresem <a href=\"https:\/\/www.play-book-slots.com\/\" target=\"_blank\" rel=\"noopener\">https:\/\/www.play-book-slots.com\/<\/a><\/li><li><strong>Ty<\/strong> oznacza osob\u0119 uzyskuj\u0105c\u0105 dost\u0119p do Us\u0142ugi lub korzystaj\u0105c\u0105 z niej, firm\u0119 lub inny podmiot prawny, w imieniu kt\u00f3rego taka osoba uzyskuje dost\u0119p do Us\u0142ugi lub z niej korzysta, stosownie do przypadku.<\/li><\/ul><h2>ZGODA NA WARUNKI<\/h2><p>Niniejszy tekst to Warunki reguluj\u0105ce korzystanie z tej Us\u0142ugi stanowiace umow\u0119, kt\u00f3ra obowi\u0105zuje mi\u0119dzy Tob\u0105 a Firm\u0105. Niniejszy Regulamin okre\u015bla prawa i obowi\u0105zki wszystkich u\u017cytkownik\u00f3w dotycz\u0105ce korzystania z Us\u0142ugi.<\/p><p>Tw\u00f3j dost\u0119p do Us\u0142ugi i korzystanie z niej jest uwarunkowane akceptacj\u0105 i przestrzeganiem niniejszych Warunk\u00f3w. Niniejsze Warunki maj\u0105 zastosowanie do wszystkich odwiedzaj\u0105cych, u\u017cytkownik\u00f3w i innych os\u00f3b, kt\u00f3re uzyskuj\u0105 dost\u0119p do Us\u0142ugi lub z niej korzystaj\u0105.<\/p><p>Uzyskuj\u0105c dost\u0119p do Us\u0142ugi lub korzystaj\u0105c z niej, wyra\u017casz zgod\u0119 na przestrzeganie niniejszych Warunk\u00f3w. Je\u015bli nie zgadzasz si\u0119 z jak\u0105kolwiek cz\u0119\u015bci\u0105 niniejszych Warunk\u00f3w, mo\u017cesz zaprzesta\u0107 dost\u0119pu do Us\u0142ugi.<\/p><p>O\u015bwiadczasz, \u017ce masz uko\u0144czone 18 lat. Firma nie zezwala osobom poni\u017cej 18 roku \u017cycia na korzystanie z Us\u0142ugi.<\/p><p>Tw\u00f3j dost\u0119p do Us\u0142ugi i korzystanie z niej jest r\u00f3wnie\u017c uwarunkowane akceptacj\u0105 i przestrzeganiem Polityki Prywatno\u015bci Firmy. Nasza Polityka Prywatno\u015bci opisuje nasze zasady i procedury dotycz\u0105ce gromadzenia, wykorzystywania i ujawniania Twoich danych osobowych podczas korzystania przez Ciebie z Aplikacji lub Strony oraz informuje Ci\u0119 o Twoich prawach do prywatno\u015bci oraz o tym, jak chroni Ci\u0119 prawo. Prosimy o uwa\u017cne zapoznanie si\u0119 z nasz\u0105 Polityk\u0105 prywatno\u015bci przed skorzystaniem z naszej us\u0142ugi.<\/p><h3>LINKI DO INNYCH STRON INTERNETOWYCH<\/h3><p>Nasza Us\u0142uga mo\u017ce zawiera\u0107 linki do stron internetowych lub us\u0142ug stron trzecich, kt\u00f3re nie s\u0105 w\u0142asno\u015bci\u0105 Firmy ani nie s\u0105 przez ni\u0105 kontrolowane.<\/p><p>Firma nie ma kontroli nad i nie ponosi \u017cadnej odpowiedzialno\u015bci za tre\u015b\u0107, polityk\u0119 prywatno\u015bci lub praktyki stron internetowych lub us\u0142ug stron trzecich.<\/p><p>Ponadto potwierdzasz i zgadzasz si\u0119 na to, \u017ce Firma nie ponosi odpowiedzialno\u015bci, bezpo\u015brednio lub po\u015brednio, za jakiekolwiek szkody lub straty spowodowane lub rzekomo spowodowane przez lub w zwi\u0105zku z korzystaniem lub poleganiem na takich tre\u015bciach, towarach lub us\u0142ugach dost\u0119pnych na lub za po\u015brednictwem takich stron internetowych lub us\u0142ug.<\/p><p>Zdecydowanie zalecamy zapoznanie si\u0119 z regulaminem i polityk\u0105 prywatno\u015bci wszelkich stron internetowych lub us\u0142ug stron trzecich, kt\u00f3re odwiedzasz.<\/p><h3>WYPOWIEDZENIE<\/h3><p>Mo\u017cemy natychmiast wypowiedzie\u0107, zako\u0144czy\u0107 lub zawiesi\u0107 Tw\u00f3j dost\u0119p, bez uprzedniego powiadomienia lub odpowiedzialno\u015bci, z dowolnego powodu, w tym bez ogranicze\u0144 w przypadku naruszenia tych Warunk\u00f3w.<\/p><p>Po wypowiedzeniu Twoje prawo do korzystania z Us\u0142ugi natychmiast wygasa.<\/p><h2>OGRANICZENIE ODPOWIEDZIALNO\u015aCI<\/h2><p>Niezale\u017cnie od jakichkolwiek szk\u00f3d, kt\u00f3re mo\u017cesz ponie\u015b\u0107, ca\u0142a odpowiedzialno\u015b\u0107 Firmy i jej dostawc\u00f3w na mocy kt\u00f3regokolwiek z postanowie\u0144 niniejszych Warunk\u00f3w i Twoje wy\u0142\u0105czne ewentualne zado\u015b\u0107uczynienie za wszystkie powy\u017csze szkody b\u0119d\u0105 ograniczone do kwoty faktycznie zap\u0142aconej przez Ciebie za po\u015brednictwem Us\u0142ugi lub 100 USD je\u015bli nie dokona\u0142e\u015b zakupu za po\u015brednictwem Us\u0142ugi.<\/p><p>W maksymalnym zakresie dozwolonym przez obowi\u0105zuj\u0105ce prawo, w \u017cadnym wypadku Firma ani jej dostawcy nie ponosz\u0105 odpowiedzialno\u015bci za jakiekolwiek szczeg\u00f3lne, przypadkowe, po\u015brednie lub wynikowe szkody (w tym mi\u0119dzy innymi szkody za utrat\u0119 zysk\u00f3w, utrat\u0119 danych lub inne informacje, za przerwy w dzia\u0142alno\u015bci, obra\u017cenia cia\u0142a, utrat\u0119 prywatno\u015bci wynikaj\u0105ce z lub w jakikolwiek spos\u00f3b zwi\u0105zane z korzystaniem lub niemo\u017cno\u015bci\u0105 korzystania z Us\u0142ugi, oprogramowaniem os\u00f3b trzecich i\/lub sprz\u0119tem os\u00f3b trzecich u\u017cywanym z Us\u0142ug\u0105, lub w inny spos\u00f3b w zwi\u0105zku z jakimkolwiek postanowieniem niniejszych Warunk\u00f3w), nawet je\u015bli Firma lub jakikolwiek dostawca zosta\u0142 poinformowany o mo\u017cliwo\u015bci wyst\u0105pienia takich szk\u00f3d i nawet je\u015bli \u015brodek zaradczy nie spe\u0142ni swojego podstawowego celu.<\/p><p>Niekt\u00f3re jurysdykcje nie zezwalaj\u0105 na wy\u0142\u0105czenie dorozumianych gwarancji lub ograniczenie odpowiedzialno\u015bci za szkody przypadkowe lub wt\u00f3rne, co oznacza, \u017ce niekt\u00f3re z powy\u017cszych ogranicze\u0144 mog\u0105 nie mie\u0107 zastosowania. W tych stanach odpowiedzialno\u015b\u0107 ka\u017cdej ze stron b\u0119dzie ograniczona w najwi\u0119kszym zakresie dozwolonym przez prawo.<\/p><h2>WY\u0141\u0104CZENIE ODPOWIEDZIALNO\u015aCI ZGODNIE Z ZASAD\u0104 \u201eZGODNIE ZE STANEM OBECNYM\u201d I \u201eW MIAR\u0118 DOST\u0118PNO\u015aCI\u201d.<\/h2><p>Us\u0142uga jest \u015bwiadczona zgodnie z zasad\u0105 \u201eZGODNIE ZE STANEM OBECNYM\u201d i \u201eW MIAR\u0118 DOST\u0118PNO\u015aCI\u201d oraz ze wszystkimi swoimi wadami i wadami bez jakiejkolwiek gwarancji. W maksymalnym zakresie dozwolonym przez obowi\u0105zuj\u0105ce prawo Firma, we w\u0142asnym imieniu oraz w imieniu swoich Podmiot\u00f3w Powi\u0105zanych oraz swoich i ich odpowiednich licencjodawc\u00f3w i us\u0142ugodawc\u00f3w, wyra\u017anie zrzeka si\u0119 wszelkich gwarancji, wyra\u017anych, dorozumianych, ustawowych lub innych, w odniesieniu do Us\u0142ugi, w tym wszelkich dorozumianych gwarancji przydatno\u015bci handlowej, przydatno\u015bci do okre\u015blonego celu, tytu\u0142u prawnego i nienaruszania praw oraz gwarancji, kt\u00f3re mog\u0105 wynika\u0107 z przebiegu transakcji, przebiegu dzia\u0142ania, u\u017cytkowania lub praktyki handlowej.<\/p><p>Bez ogranicze\u0144 do powy\u017cszego, Firma nie udziela \u017cadnych gwarancji ani zobowi\u0105za\u0144 ani nie sk\u0142ada \u017cadnych o\u015bwiadcze\u0144, \u017ce Us\u0142uga spe\u0142ni Twoje wymagania, osi\u0105gnie zamierzone wyniki, b\u0119dzie kompatybilna lub b\u0119dzie dzia\u0142a\u0107 z jakimkolwiek innym oprogramowaniem, aplikacjami, systemami lub us\u0142ugami, dzia\u0142a\u0107 bez przerw, spe\u0142nia\u0107 jakiekolwiek standardy wydajno\u015bci lub niezawodno\u015bci lub b\u0119dzie wolna od b\u0142\u0119d\u00f3w lub \u017ce wszelkie b\u0142\u0119dy lub usterki mog\u0105 by\u0107 lub zostan\u0105 naprawione.<\/p><p>Nie ograniczaj\u0105c powy\u017cszego, ani Firma, ani \u017caden z dostawc\u00f3w firmy nie sk\u0142ada \u017cadnych o\u015bwiadcze\u0144 ani gwarancji jakiegokolwiek rodzaju, wyra\u017anych lub dorozumianych: (i) co do dzia\u0142ania lub dost\u0119pno\u015bci Us\u0142ugi lub informacji, tre\u015bci i materia\u0142\u00f3w lub produkt\u00f3w zawartych w niej; (ii) \u017ce Us\u0142uga b\u0119dzie nieprzerwana lub wolna od b\u0142\u0119d\u00f3w; (iii) co do dok\u0142adno\u015bci, wiarygodno\u015bci lub aktualno\u015bci jakichkolwiek informacji lub tre\u015bci dostarczanych za po\u015brednictwem Us\u0142ugi; lub (iv) \u017ce Us\u0142uga, jej serwery, tre\u015bci lub wiadomo\u015bci e-mail wysy\u0142ane z lub w imieniu Firmy s\u0105 wolne od wirus\u00f3w, skrypt\u00f3w, koni troja\u0144skich, robak\u00f3w, z\u0142o\u015bliwego oprogramowania, bomb zegarowych lub innych szkodliwych element\u00f3w.<\/p><p>Niekt\u00f3re jurysdykcje nie zezwalaj\u0105 na wy\u0142\u0105czenie niekt\u00f3rych rodzaj\u00f3w gwarancji lub ogranicze\u0144 maj\u0105cych zastosowanie ustawowych praw konsumenta, wi\u0119c niekt\u00f3re lub wszystkie powy\u017csze wy\u0142\u0105czenia i ograniczenia mog\u0105 nie mie\u0107 zastosowania do U\u017cytkownika. Jednak w takim przypadku wy\u0142\u0105czenia i ograniczenia okre\u015blone w tej sekcji b\u0119d\u0105 mia\u0142y zastosowanie w najszerszym zakresie mo\u017cliwym do wyegzekwowania na mocy obowi\u0105zuj\u0105cego prawa.<\/p><h3>PRAWO NADRZ\u0118DNE<\/h3><p>Niniejsze Warunki i Twoje korzystanie z Us\u0142ugi podlegaj\u0105 prawu danego kraju, z wy\u0142\u0105czeniem norm kolizyjnych. Korzystanie przez u\u017cytkownika z Aplikacji mo\u017ce r\u00f3wnie\u017c podlega\u0107 innym przepisom prawa lokalnego, stanowego, krajowego lub mi\u0119dzynarodowego.<\/p><h3>ROZSTRZYGANIE SPOR\u00d3W<\/h3><p>Je\u015bli masz jakiekolwiek w\u0105tpliwo\u015bci lub spory dotycz\u0105ce Us\u0142ugi, zgadzasz si\u0119 najpierw spr\u00f3bowa\u0107 nieformalnie rozwi\u0105za\u0107 sp\u00f3r, kontaktuj\u0105c si\u0119 z Firm\u0105.<\/p><h3>DLA U\u017bYTKOWNIK\u00d3W Z UNII EUROPEJSKIEJ (UE)<\/h3><p>Je\u015bli jeste\u015b konsumentem z Unii Europejskiej, skorzystasz z wszelkich bezwzgl\u0119dnie obowi\u0105zuj\u0105cych przepis\u00f3w prawa kraju, w kt\u00f3rym mieszkasz.<\/p><h2>ROZDZIELNO\u015a\u0106 I ZRZECZENIE SI\u0118<\/h2><h3>ROZDZIELNO\u015a\u0106<\/h3><p>Je\u015bli kt\u00f3rekolwiek z postanowie\u0144 niniejszych Warunk\u00f3w zostanie uznane za niewykonalne lub niewa\u017cne, takie postanowienie zostanie zmienione i zinterpretowane w celu osi\u0105gni\u0119cia cel\u00f3w takiego postanowienia w najwi\u0119kszym mo\u017cliwym zakresie zgodnie z obowi\u0105zuj\u0105cym prawem, a pozosta\u0142e postanowienia b\u0119d\u0105 nadal w pe\u0142ni obowi\u0105zywa\u0107.<\/p><h3>ZRZECZENIE SI\u0118<\/h3><p>Z wyj\u0105tkiem przypadk\u00f3w przewidzianych w niniejszym dokumencie, niewykonanie prawa lub \u017c\u0105danie wykonania zobowi\u0105zania wynikaj\u0105cego z niniejszych Warunk\u00f3w nie wp\u0142ywa na zdolno\u015b\u0107 strony do skorzystania z takiego prawa lub \u017c\u0105dania takiego wykonania w dowolnym p\u00f3\u017aniejszym czasie, a zrzeczenie si\u0119 naruszenia nie stanowi zrzeczenia si\u0119 ka\u017cde p\u00f3\u017aniejsze naruszenie.<\/p><h3>INTERPRETACJA T\u0141UMACZE\u0143<\/h3><p>Niniejsze Warunki mog\u0142y zosta\u0107 przet\u0142umaczone, je\u015bli udost\u0119pnili\u015bmy je Tobie w naszej Us\u0142udze. Zgadzasz si\u0119, \u017ce w przypadku sporu rozstrzygaj\u0105cy b\u0119dzie oryginalny tekst w j\u0119zyku angielskim.<\/p><h2>ZMIANY NINIEJSZYCH WARUNK\u00d3W<\/h2><p>Zastrzegamy sobie prawo, wed\u0142ug naszego wy\u0142\u0105cznego uznania, do modyfikowania lub zast\u0119powania niniejszych Warunk\u00f3w w dowolnym momencie. Je\u015bli zmiana jest istotna, do\u0142o\u017cymy uzasadnionych stara\u0144, aby powiadomi\u0107 o tym z co najmniej 30-dniowym wyprzedzeniem przed wej\u015bciem w \u017cycie nowych warunk\u00f3w. Co stanowi istotn\u0105 zmian\u0119, zostanie okre\u015blone wed\u0142ug naszego wy\u0142\u0105cznego uznania.<\/p><p>Kontynuuj\u0105c dost\u0119p do naszej Us\u0142ugi lub korzystanie z niej po wej\u015bciu w \u017cycie tych zmian, zgadzasz si\u0119 na zwi\u0105zanie zmienionymi warunkami. Je\u015bli nie zgadzasz si\u0119 w ca\u0142o\u015bci lub w cz\u0119\u015bci z nowymi warunkami, prosimy o zaprzestanie korzystania z serwisu i Us\u0142ugi.<\/p><h3>SKONTAKTUJ SI\u0118 Z NAMI<\/h3><p>Je\u015bli masz jakiekolwiek pytania dotycz\u0105ce niniejszych Warunk\u00f3w, mo\u017cesz skontaktowa\u0107 si\u0119 z nami przez e-mail:<br \/><span style=\"font-weight: bold;\">info@play-book-slots.com<\/span><\/p>\t\t\t\t\t\t\t\t<\/div>\n\t\t\t\t<\/div>\n\t\t\t\t\t<\/div>\n\t\t<\/div>\n\t\t\t\t\t<\/div>\n\t\t<\/section>\n\t\t\t\t<section class=\"elementor-section elementor-top-section elementor-element elementor-element-702458a elementor-section-boxed elementor-section-height-default elementor-section-height-default\" data-id=\"702458a\" data-element_type=\"section\" data-e-type=\"section\">\n\t\t\t\t\t\t<div class=\"elementor-container elementor-column-gap-default\">\n\t\t\t\t\t<div class=\"elementor-column elementor-col-100 elementor-top-column elementor-element elementor-element-dc5160e\" data-id=\"dc5160e\" data-element_type=\"column\" data-e-type=\"column\">\n\t\t\t<div class=\"elementor-widget-wrap elementor-element-populated\">\n\t\t\t\t\t\t<div class=\"elementor-element elementor-element-fecb1e0 elementor-widget-divider--view-line elementor-widget elementor-widget-divider\" data-id=\"fecb1e0\" data-element_type=\"widget\" data-e-type=\"widget\" data-widget_type=\"divider.default\">\n\t\t\t\t<div class=\"elementor-widget-container\">\n\t\t\t\t\t\t\t<div class=\"elementor-divider\">\n\t\t\t<span class=\"elementor-divider-separator\">\n\t\t\t\t\t\t<\/span>\n\t\t<\/div>\n\t\t\t\t\t\t<\/div>\n\t\t\t\t<\/div>\n\t\t\t\t\t<\/div>\n\t\t<\/div>\n\t\t\t\t\t<\/div>\n\t\t<\/section>\n\t\t\t\t<section class=\"elementor-section elementor-top-section elementor-element elementor-element-d799822 elementor-section-boxed elementor-section-height-default elementor-section-height-default\" data-id=\"d799822\" data-element_type=\"section\" data-e-type=\"section\">\n\t\t\t\t\t\t<div class=\"elementor-container elementor-column-gap-default\">\n\t\t\t\t\t<div class=\"elementor-column elementor-col-100 elementor-top-column elementor-element elementor-element-867e453\" data-id=\"867e453\" data-element_type=\"column\" data-e-type=\"column\">\n\t\t\t<div class=\"elementor-widget-wrap elementor-element-populated\">\n\t\t\t\t\t\t<div class=\"elementor-element elementor-element-62752e5 elementor-widget elementor-widget-heading\" data-id=\"62752e5\" data-element_type=\"widget\" data-e-type=\"widget\" data-widget_type=\"heading.default\">\n\t\t\t\t<div class=\"elementor-widget-container\">\n\t\t\t\t\t<h2 class=\"elementor-heading-title elementor-size-default\">Gry Hazardowe za Darmo\n<\/h2>\t\t\t\t<\/div>\n\t\t\t\t<\/div>\n\t\t\t\t\t<\/div>\n\t\t<\/div>\n\t\t\t\t\t<\/div>\n\t\t<\/section>\n\t\t\t\t<section class=\"elementor-section elementor-top-section elementor-element elementor-element-cb601e2 elementor-section-boxed elementor-section-height-default elementor-section-height-default\" data-id=\"cb601e2\" data-element_type=\"section\" data-e-type=\"section\">\n\t\t\t\t\t\t<div class=\"elementor-container elementor-column-gap-default\">\n\t\t\t\t\t<div class=\"elementor-column elementor-col-100 elementor-top-column elementor-element elementor-element-ff06693\" data-id=\"ff06693\" data-element_type=\"column\" data-e-type=\"column\">\n\t\t\t<div class=\"elementor-widget-wrap elementor-element-populated\">\n\t\t\t\t\t\t<section class=\"elementor-section elementor-inner-section elementor-element elementor-element-2d83ad0 top5 elementor-section-boxed elementor-section-height-default elementor-section-height-default\" data-id=\"2d83ad0\" data-element_type=\"section\" data-e-type=\"section\">\n\t\t\t\t\t\t<div class=\"elementor-container elementor-column-gap-default\">\n\t\t\t\t\t<div class=\"elementor-column elementor-col-20 elementor-inner-column elementor-element elementor-element-d2dc997\" data-id=\"d2dc997\" data-element_type=\"column\" data-e-type=\"column\">\n\t\t\t<div class=\"elementor-widget-wrap elementor-element-populated\">\n\t\t\t\t\t\t<div class=\"elementor-element elementor-element-2541f1b elementor-widget elementor-widget-ucaddon_top5_games\" data-id=\"2541f1b\" data-element_type=\"widget\" data-e-type=\"widget\" data-widget_type=\"ucaddon_top5_games.default\">\n\t\t\t\t<div class=\"elementor-widget-container\">\n\t\t\t\t\t\n<!-- start Top5 games -->\n\n<div class=\"top5_box\">\n  <div class=\"top5_box_img\"><a class=\"top5_img\" href=\"\/pl\/sizzling-hot-deluxe\/\"><img decoding=\"async\" src=\"https:\/\/www.play-book-slots.com\/wp-content\/uploads\/2023\/11\/sizzling-hot-deluxe-za-darmo-logo.webp\" alt=\"sizzling hot za darmo, logo\" ><\/a><\/div>\n  <div class=\"top5_box_txt\">\n    <h3>Sizzling Hot <\/h3>\n  \t<a class=\"play_btn\" href=\"\/pl\/sizzling-hot-deluxe\/\">Gra\u0107<\/a>\n  <\/div>\n<\/div>\n<!-- end Top5 games -->\t\t\t\t<\/div>\n\t\t\t\t<\/div>\n\t\t\t\t\t<\/div>\n\t\t<\/div>\n\t\t\t\t<div class=\"elementor-column elementor-col-20 elementor-inner-column elementor-element elementor-element-d852205\" data-id=\"d852205\" data-element_type=\"column\" data-e-type=\"column\">\n\t\t\t<div class=\"elementor-widget-wrap elementor-element-populated\">\n\t\t\t\t\t\t<div class=\"elementor-element elementor-element-5bdf774 elementor-widget elementor-widget-ucaddon_top5_games\" data-id=\"5bdf774\" data-element_type=\"widget\" data-e-type=\"widget\" data-widget_type=\"ucaddon_top5_games.default\">\n\t\t\t\t<div class=\"elementor-widget-container\">\n\t\t\t\t\t\n<!-- start Top5 games -->\n\n<div class=\"top5_box\">\n  <div class=\"top5_box_img\"><a class=\"top5_img\" href=\"\/pl\/\"><img decoding=\"async\" src=\"https:\/\/www.play-book-slots.com\/wp-content\/uploads\/2023\/11\/book-of-ra-deluxe-za-darmo-.webp\" alt=\"book of ra za darmo, logo\" ><\/a><\/div>\n  <div class=\"top5_box_txt\">\n    <h3>Book of Ra  Deluxe<\/h3>\n  \t<a class=\"play_btn\" href=\"\/pl\/\">Gra\u0107<\/a>\n  <\/div>\n<\/div>\n<!-- end Top5 games -->\t\t\t\t<\/div>\n\t\t\t\t<\/div>\n\t\t\t\t\t<\/div>\n\t\t<\/div>\n\t\t\t\t<div class=\"elementor-column elementor-col-20 elementor-inner-column elementor-element elementor-element-7cc8e3f\" data-id=\"7cc8e3f\" data-element_type=\"column\" data-e-type=\"column\">\n\t\t\t<div class=\"elementor-widget-wrap elementor-element-populated\">\n\t\t\t\t\t\t<div class=\"elementor-element elementor-element-7dd51a3 elementor-widget elementor-widget-ucaddon_top5_games\" data-id=\"7dd51a3\" data-element_type=\"widget\" data-e-type=\"widget\" data-widget_type=\"ucaddon_top5_games.default\">\n\t\t\t\t<div class=\"elementor-widget-container\">\n\t\t\t\t\t\n<!-- start Top5 games -->\n\n<div class=\"top5_box\">\n  <div class=\"top5_box_img\"><a class=\"top5_img\" href=\"\/pl\/book-of-ra-6\/\"><img decoding=\"async\" src=\"https:\/\/www.play-book-slots.com\/wp-content\/uploads\/2023\/11\/book-of-ra-deluxe-6-za-darmo-logo.webp\" alt=\"book of ra 6 za darmo\" ><\/a><\/div>\n  <div class=\"top5_box_txt\">\n    <h3>Book of Ra 6<\/h3>\n  \t<a class=\"play_btn\" href=\"\/pl\/book-of-ra-6\/\">Gra\u0107<\/a>\n  <\/div>\n<\/div>\n<!-- end Top5 games -->\t\t\t\t<\/div>\n\t\t\t\t<\/div>\n\t\t\t\t\t<\/div>\n\t\t<\/div>\n\t\t\t\t<div class=\"elementor-column elementor-col-20 elementor-inner-column elementor-element elementor-element-4b0b25a\" data-id=\"4b0b25a\" data-element_type=\"column\" data-e-type=\"column\">\n\t\t\t<div class=\"elementor-widget-wrap elementor-element-populated\">\n\t\t\t\t\t\t<div class=\"elementor-element elementor-element-76e7446 elementor-widget elementor-widget-ucaddon_top5_games\" data-id=\"76e7446\" data-element_type=\"widget\" data-e-type=\"widget\" data-widget_type=\"ucaddon_top5_games.default\">\n\t\t\t\t<div class=\"elementor-widget-container\">\n\t\t\t\t\t\n<!-- start Top5 games -->\n\n<div class=\"top5_box\">\n  <div class=\"top5_box_img\"><a class=\"top5_img\" href=\"\/pl\/book-of-ra-classic\/\"><img decoding=\"async\" src=\"https:\/\/www.play-book-slots.com\/wp-content\/uploads\/2023\/11\/book-of-ra-classic-za-darmo-logo.webp\" alt=\"book of ra classic, za darmo\" ><\/a><\/div>\n  <div class=\"top5_box_txt\">\n    <h3>Book of Ra Classic<\/h3>\n  \t<a class=\"play_btn\" href=\"\/pl\/book-of-ra-classic\/\">Gra\u0107<\/a>\n  <\/div>\n<\/div>\n<!-- end Top5 games -->\t\t\t\t<\/div>\n\t\t\t\t<\/div>\n\t\t\t\t\t<\/div>\n\t\t<\/div>\n\t\t\t\t<div class=\"elementor-column elementor-col-20 elementor-inner-column elementor-element elementor-element-041cead\" data-id=\"041cead\" data-element_type=\"column\" data-e-type=\"column\">\n\t\t\t<div class=\"elementor-widget-wrap\">\n\t\t\t\t\t\t\t<\/div>\n\t\t<\/div>\n\t\t\t\t\t<\/div>\n\t\t<\/section>\n\t\t\t\t\t<\/div>\n\t\t<\/div>\n\t\t\t\t\t<\/div>\n\t\t<\/section>\n\t\t\t\t<section class=\"elementor-section elementor-top-section elementor-element elementor-element-ffdabe7 elementor-section-boxed elementor-section-height-default elementor-section-height-default\" data-id=\"ffdabe7\" data-element_type=\"section\" data-e-type=\"section\">\n\t\t\t\t\t\t<div class=\"elementor-container elementor-column-gap-default\">\n\t\t\t\t\t<div class=\"elementor-column elementor-col-100 elementor-top-column elementor-element elementor-element-d5da404\" data-id=\"d5da404\" data-element_type=\"column\" data-e-type=\"column\">\n\t\t\t<div class=\"elementor-widget-wrap elementor-element-populated\">\n\t\t\t\t\t\t<div class=\"elementor-element elementor-element-2ecf6e5 elementor-align-center elementor-widget__width-inherit fullwidth elementor-widget elementor-widget-button\" data-id=\"2ecf6e5\" data-element_type=\"widget\" data-e-type=\"widget\" data-widget_type=\"button.default\">\n\t\t\t\t<div class=\"elementor-widget-container\">\n\t\t\t\t\t\t\t\t\t<div class=\"elementor-button-wrapper\">\n\t\t\t\t\t<a class=\"elementor-button elementor-button-link elementor-size-lg\" href=\"\/pl\/gry-hazardowe-za-darmo\/\">\n\t\t\t\t\t\t<span class=\"elementor-button-content-wrapper\">\n\t\t\t\t\t\t\t\t\t<span class=\"elementor-button-text\">Wszystkie gry hazardowe za darmo<\/span>\n\t\t\t\t\t<\/span>\n\t\t\t\t\t<\/a>\n\t\t\t\t<\/div>\n\t\t\t\t\t\t\t\t<\/div>\n\t\t\t\t<\/div>\n\t\t\t\t\t<\/div>\n\t\t<\/div>\n\t\t\t\t\t<\/div>\n\t\t<\/section>\n\t\t\t\t<\/div>\n\t\t","protected":false},"excerpt":{"rendered":"<p>\u00a0 WARUNKI US\u0141UGI Ostatnia aktualizacja: 17 marca 2023 Prosimy o uwa\u017cne zapoznanie si\u0119 z niniejszymi warunkami przed skorzystaniem z naszej Us\u0142ugi. INTERPRETACJA I DEFINICJE INTERPRETACJA S\u0142owa, kt\u00f3rych pierwsza litera jest pisana wielk\u0105 liter\u0105, maj\u0105 znaczenie okre\u015blone w nast\u0119puj\u0105cych warunkach. Poni\u017csze definicje maj\u0105 takie samo znaczenie niezale\u017cnie od tego, czy wyst\u0119puj\u0105 w liczbie pojedynczej, czy mnogiej. [&hellip;]<\/p>\n","protected":false},"author":1,"featured_media":0,"parent":0,"menu_order":0,"comment_status":"closed","ping_status":"open","template":"elementor_header_footer","meta":{"footnotes":""},"class_list":["post-2547","page","type-page","status-publish","hentry"],"_links":{"self":[{"href":"https:\/\/www.play-book-slots.com\/pl\/wp-json\/wp\/v2\/pages\/2547","targetHints":{"allow":["GET"]}}],"collection":[{"href":"https:\/\/www.play-book-slots.com\/pl\/wp-json\/wp\/v2\/pages"}],"about":[{"href":"https:\/\/www.play-book-slots.com\/pl\/wp-json\/wp\/v2\/types\/page"}],"author":[{"embeddable":true,"href":"https:\/\/www.play-book-slots.com\/pl\/wp-json\/wp\/v2\/users\/1"}],"replies":[{"embeddable":true,"href":"https:\/\/www.play-book-slots.com\/pl\/wp-json\/wp\/v2\/comments?post=2547"}],"version-history":[{"count":19,"href":"https:\/\/www.play-book-slots.com\/pl\/wp-json\/wp\/v2\/pages\/2547\/revisions"}],"predecessor-version":[{"id":60890,"href":"https:\/\/www.play-book-slots.com\/pl\/wp-json\/wp\/v2\/pages\/2547\/revisions\/60890"}],"wp:attachment":[{"href":"https:\/\/www.play-book-slots.com\/pl\/wp-json\/wp\/v2\/media?parent=2547"}],"curies":[{"name":"wp","href":"https:\/\/api.w.org\/{rel}","templated":true}]}}