{"id":2677,"date":"2023-06-09T16:08:54","date_gmt":"2023-06-09T16:08:54","guid":{"rendered":"https:\/\/play-book-slots.com\/contact\/"},"modified":"2024-11-14T10:57:02","modified_gmt":"2024-11-14T10:57:02","slug":"kontakt","status":"publish","type":"page","link":"https:\/\/www.play-book-slots.com\/pl\/kontakt\/","title":{"rendered":"Kontakt &amp; Impressum"},"content":{"rendered":"\t\t<div data-elementor-type=\"wp-page\" data-elementor-id=\"2677\" class=\"elementor elementor-2677 elementor-130\" data-elementor-post-type=\"page\">\n\t\t\t\t\t\t<section class=\"elementor-section elementor-top-section elementor-element elementor-element-f464011 elementor-section-boxed elementor-section-height-default elementor-section-height-default\" data-id=\"f464011\" data-element_type=\"section\" data-e-type=\"section\">\n\t\t\t\t\t\t<div class=\"elementor-container elementor-column-gap-default\">\n\t\t\t\t\t<div class=\"elementor-column elementor-col-100 elementor-top-column elementor-element elementor-element-6a1a656\" data-id=\"6a1a656\" data-element_type=\"column\" data-e-type=\"column\">\n\t\t\t<div class=\"elementor-widget-wrap elementor-element-populated\">\n\t\t\t\t\t\t<div class=\"elementor-element elementor-element-5c65927 elementor-widget elementor-widget-text-editor\" data-id=\"5c65927\" data-element_type=\"widget\" data-e-type=\"widget\" data-widget_type=\"text-editor.default\">\n\t\t\t\t<div class=\"elementor-widget-container\">\n\t\t\t\t\t\t\t\t\t<h1>Impressum<\/h1><p><strong>NAZWA FIRMY:<\/strong> INES&amp;ANDRO<br \/>Split, Chorwacja<\/p><p><strong>W\u0142a\u015bciciel:<\/strong> Andrija Gusic<\/p><p><strong>Telefon:<\/strong> 385958121595<br \/><strong>Email:<\/strong> info@play-book-slots.com<\/p><p><strong>Numer VAT:<\/strong> HR67920038499<\/p><p><strong>Numer rejestracyjny firmy:<\/strong> 97842265<\/p><p><strong>Redakcja i za\u0142o\u017cyciel:<\/strong><br \/>gusicandrija2810@gmail.com<\/p><p>Platforma Komisji Europejskiej do internetowego rozstrzygania spor\u00f3w:<br \/>https:\/\/ec.europa.eu\/odr<\/p><p>Nie jeste\u015bmy zobowi\u0105zani ani nie chcemy bra\u0107 udzia\u0142u w procedurze rozstrzygania spor\u00f3w przed konsumenck\u0105 komisj\u0105 arbitra\u017cow\u0105.<\/p>\t\t\t\t\t\t\t\t<\/div>\n\t\t\t\t<\/div>\n\t\t\t\t<div class=\"elementor-element elementor-element-e301ecb elementor-widget elementor-widget-text-editor\" data-id=\"e301ecb\" data-element_type=\"widget\" data-e-type=\"widget\" data-widget_type=\"text-editor.default\">\n\t\t\t\t<div class=\"elementor-widget-container\">\n\t\t\t\t\t\t\t\t\t<h2>Skontaktuj si\u0119 z nami<\/h2>\nJe\u015bli masz jakiekolwiek pytania, skontaktuj si\u0119 z nami za po\u015brednictwem formularza kontaktowego lub e-maila: info@play-book-slots.com, a my odpowiemy jak najszybciej.\n<p style=\"font-style: italic;\">Zesp\u00f3\u0142 Play-Book-slots.com!<\/p>\t\t\t\t\t\t\t\t<\/div>\n\t\t\t\t<\/div>\n\t\t\t\t\t<\/div>\n\t\t<\/div>\n\t\t\t\t\t<\/div>\n\t\t<\/section>\n\t\t\t\t<section class=\"elementor-section elementor-top-section elementor-element elementor-element-a4d5786 elementor-section-boxed elementor-section-height-default elementor-section-height-default\" data-id=\"a4d5786\" data-element_type=\"section\" data-e-type=\"section\">\n\t\t\t\t\t\t<div class=\"elementor-container elementor-column-gap-default\">\n\t\t\t\t\t<div class=\"elementor-column elementor-col-100 elementor-top-column elementor-element elementor-element-4deef49\" data-id=\"4deef49\" data-element_type=\"column\" data-e-type=\"column\">\n\t\t\t<div class=\"elementor-widget-wrap elementor-element-populated\">\n\t\t\t\t\t\t<div class=\"elementor-element elementor-element-6626584 elementor-widget elementor-widget-shortcode\" data-id=\"6626584\" data-element_type=\"widget\" data-e-type=\"widget\" data-widget_type=\"shortcode.default\">\n\t\t\t\t<div class=\"elementor-widget-container\">\n\t\t\t\t\t\t\t<div class=\"elementor-shortcode\">\n<div class=\"wpcf7 no-js\" id=\"wpcf7-f3258-o1\" lang=\"en-US\" dir=\"ltr\" data-wpcf7-id=\"3258\">\n<div class=\"screen-reader-response\"><p role=\"status\" aria-live=\"polite\" aria-atomic=\"true\"><\/p> <ul><\/ul><\/div>\n<form action=\"\/pl\/wp-json\/wp\/v2\/pages\/2677#wpcf7-f3258-o1\" method=\"post\" class=\"wpcf7-form init\" aria-label=\"Contact form\" novalidate=\"novalidate\" data-status=\"init\">\n<fieldset class=\"hidden-fields-container\"><input type=\"hidden\" name=\"_wpcf7\" value=\"3258\" \/><input type=\"hidden\" name=\"_wpcf7_version\" value=\"6.1.5\" \/><input type=\"hidden\" name=\"_wpcf7_locale\" value=\"en_US\" \/><input type=\"hidden\" name=\"_wpcf7_unit_tag\" value=\"wpcf7-f3258-o1\" \/><input type=\"hidden\" name=\"_wpcf7_container_post\" value=\"0\" \/><input type=\"hidden\" name=\"_wpcf7_posted_data_hash\" value=\"\" \/><input type=\"hidden\" name=\"_wpcf7_recaptcha_response\" value=\"\" \/>\n<\/fieldset>\n<div class=\"forma\">\n\t<div class=\"forma_w50\">\n\t\t<p><label> Your name <\/label><span class=\"wpcf7-form-control-wrap\" data-name=\"your-name\"><input size=\"40\" maxlength=\"400\" class=\"wpcf7-form-control wpcf7-text wpcf7-validates-as-required\" autocomplete=\"name\" aria-required=\"true\" aria-invalid=\"false\" value=\"\" type=\"text\" name=\"your-name\" \/><\/span>\n\t\t<\/p>\n\t<\/div>\n\t<div class=\"forma_w50\">\n\t\t<p><label> Email <\/label><span class=\"wpcf7-form-control-wrap\" data-name=\"your-email\"><input size=\"40\" maxlength=\"400\" class=\"wpcf7-form-control wpcf7-email wpcf7-validates-as-required wpcf7-text wpcf7-validates-as-email\" autocomplete=\"email\" aria-required=\"true\" aria-invalid=\"false\" value=\"\" type=\"email\" name=\"your-email\" \/><\/span>\n\t\t<\/p>\n\t<\/div>\n\t<div class=\"forma_w100\">\n\t\t<p><label> Your message (optional) <\/label><span class=\"wpcf7-form-control-wrap\" data-name=\"your-message\"><textarea cols=\"40\" rows=\"10\" maxlength=\"2000\" class=\"wpcf7-form-control wpcf7-textarea\" aria-invalid=\"false\" name=\"your-message\"><\/textarea><\/span>\n\t\t<\/p>\n\t<\/div>\n\t<div class=\"forma_w100\">\n\t\t<p><input class=\"wpcf7-form-control wpcf7-submit has-spinner\" type=\"submit\" value=\"SEND MESSAGE\" \/>\n\t\t<\/p>\n\t<\/div>\n<\/div><div class=\"wpcf7-response-output\" aria-hidden=\"true\"><\/div>\n<\/form>\n<\/div>\n<\/div>\n\t\t\t\t\t\t<\/div>\n\t\t\t\t<\/div>\n\t\t\t\t\t<\/div>\n\t\t<\/div>\n\t\t\t\t\t<\/div>\n\t\t<\/section>\n\t\t\t\t<section class=\"elementor-section elementor-top-section elementor-element elementor-element-03e1d2e elementor-section-boxed elementor-section-height-default elementor-section-height-default\" data-id=\"03e1d2e\" data-element_type=\"section\" data-e-type=\"section\">\n\t\t\t\t\t\t<div class=\"elementor-container elementor-column-gap-default\">\n\t\t\t\t\t<div class=\"elementor-column elementor-col-100 elementor-top-column elementor-element elementor-element-6264833\" data-id=\"6264833\" data-element_type=\"column\" data-e-type=\"column\">\n\t\t\t<div class=\"elementor-widget-wrap\">\n\t\t\t\t\t\t\t<\/div>\n\t\t<\/div>\n\t\t\t\t\t<\/div>\n\t\t<\/section>\n\t\t\t\t<section class=\"elementor-section elementor-top-section elementor-element elementor-element-eb382c2 elementor-section-boxed elementor-section-height-default elementor-section-height-default\" data-id=\"eb382c2\" data-element_type=\"section\" data-e-type=\"section\">\n\t\t\t\t\t\t<div class=\"elementor-container elementor-column-gap-default\">\n\t\t\t\t\t<div class=\"elementor-column elementor-col-100 elementor-top-column elementor-element elementor-element-ddadda2\" data-id=\"ddadda2\" data-element_type=\"column\" data-e-type=\"column\">\n\t\t\t<div class=\"elementor-widget-wrap elementor-element-populated\">\n\t\t\t\t\t\t<div class=\"elementor-element elementor-element-4ac4e0f elementor-widget elementor-widget-text-editor\" data-id=\"4ac4e0f\" data-element_type=\"widget\" data-e-type=\"widget\" data-widget_type=\"text-editor.default\">\n\t\t\t\t<div class=\"elementor-widget-container\">\n\t\t\t\t\t\t\t\t\t<h2>Nota prawna<\/h2><p>Play-book-slots.com nie zarz\u0105dza \u017cadnymi platformami gier online ani nie anga\u017cuje si\u0119 w zak\u0142ady na prawdziwe pieni\u0105dze. Nasz\u0105 rol\u0105 jest wy\u0142\u0105cznie dostarczanie tre\u015bci edukacyjnych i wytycznych zwi\u0105zanych z grami kasynowymi online i zak\u0142adami. Bior\u0105c pod uwag\u0119 cz\u0119ste zmiany w przepisach dotycz\u0105cych hazardu w r\u00f3\u017cnych regionach, zalecamy zapoznanie si\u0119 z przepisami dotycz\u0105cymi hazardu obowi\u0105zuj\u0105cymi w twoim konkretnym stanie lub kraju, zanim zaczniesz obstawia\u0107 zak\u0142ady online. Bardzo wa\u017cne jest, aby gra w kasynie online na prawdziwe pieni\u0105dze by\u0142a zgodna z prawem w twojej lokalizacji, musisz te\u017c spe\u0142nia\u0107 prawne wymagania wiekowe zwi\u0105zane z hazardem.<\/p><p>Je\u015bli zdecydujesz si\u0119 na granie w gry hazardowe online za prawdziwe pieni\u0105dze, odpowiedzialno\u015b\u0107 prawna le\u017cy po twojej stronie. Nie ponosimy odpowiedzialno\u015bci za promocje ani dzia\u0142ania na zewn\u0119trznych stronach internetowych, nawet je\u015bli s\u0105 one powi\u0105zane z Play-book-slots.com.<\/p>\t\t\t\t\t\t\t\t<\/div>\n\t\t\t\t<\/div>\n\t\t\t\t\t<\/div>\n\t\t<\/div>\n\t\t\t\t\t<\/div>\n\t\t<\/section>\n\t\t\t\t<section class=\"elementor-section elementor-top-section elementor-element elementor-element-2c52425 elementor-section-boxed elementor-section-height-default elementor-section-height-default\" data-id=\"2c52425\" data-element_type=\"section\" data-e-type=\"section\">\n\t\t\t\t\t\t<div class=\"elementor-container elementor-column-gap-default\">\n\t\t\t\t\t<div class=\"elementor-column elementor-col-100 elementor-top-column elementor-element elementor-element-2dbfe44\" data-id=\"2dbfe44\" data-element_type=\"column\" data-e-type=\"column\">\n\t\t\t<div class=\"elementor-widget-wrap elementor-element-populated\">\n\t\t\t\t\t\t<div class=\"elementor-element elementor-element-06c7725 elementor-widget-divider--view-line elementor-widget elementor-widget-divider\" data-id=\"06c7725\" data-element_type=\"widget\" data-e-type=\"widget\" data-widget_type=\"divider.default\">\n\t\t\t\t<div class=\"elementor-widget-container\">\n\t\t\t\t\t\t\t<div class=\"elementor-divider\">\n\t\t\t<span class=\"elementor-divider-separator\">\n\t\t\t\t\t\t<\/span>\n\t\t<\/div>\n\t\t\t\t\t\t<\/div>\n\t\t\t\t<\/div>\n\t\t\t\t\t<\/div>\n\t\t<\/div>\n\t\t\t\t\t<\/div>\n\t\t<\/section>\n\t\t\t\t<section class=\"elementor-section elementor-top-section elementor-element elementor-element-819663a elementor-section-boxed elementor-section-height-default elementor-section-height-default\" data-id=\"819663a\" data-element_type=\"section\" data-e-type=\"section\">\n\t\t\t\t\t\t<div class=\"elementor-container elementor-column-gap-default\">\n\t\t\t\t\t<div class=\"elementor-column elementor-col-100 elementor-top-column elementor-element elementor-element-2bb4086\" data-id=\"2bb4086\" data-element_type=\"column\" data-e-type=\"column\">\n\t\t\t<div class=\"elementor-widget-wrap elementor-element-populated\">\n\t\t\t\t\t\t<div class=\"elementor-element elementor-element-b35bf8a elementor-widget elementor-widget-heading\" data-id=\"b35bf8a\" data-element_type=\"widget\" data-e-type=\"widget\" data-widget_type=\"heading.default\">\n\t\t\t\t<div class=\"elementor-widget-container\">\n\t\t\t\t\t<h2 class=\"elementor-heading-title elementor-size-default\">Gry Hazardowe za Darmo\n<\/h2>\t\t\t\t<\/div>\n\t\t\t\t<\/div>\n\t\t\t\t\t<\/div>\n\t\t<\/div>\n\t\t\t\t\t<\/div>\n\t\t<\/section>\n\t\t\t\t<section class=\"elementor-section elementor-top-section elementor-element elementor-element-36a70ca elementor-section-boxed elementor-section-height-default elementor-section-height-default\" data-id=\"36a70ca\" data-element_type=\"section\" data-e-type=\"section\">\n\t\t\t\t\t\t<div class=\"elementor-container elementor-column-gap-default\">\n\t\t\t\t\t<div class=\"elementor-column elementor-col-100 elementor-top-column elementor-element elementor-element-1d13886\" data-id=\"1d13886\" data-element_type=\"column\" data-e-type=\"column\">\n\t\t\t<div class=\"elementor-widget-wrap elementor-element-populated\">\n\t\t\t\t\t\t<section class=\"elementor-section elementor-inner-section elementor-element elementor-element-6615804 top5 elementor-section-boxed elementor-section-height-default elementor-section-height-default\" data-id=\"6615804\" data-element_type=\"section\" data-e-type=\"section\">\n\t\t\t\t\t\t<div class=\"elementor-container elementor-column-gap-default\">\n\t\t\t\t\t<div class=\"elementor-column elementor-col-20 elementor-inner-column elementor-element elementor-element-a2d1886\" data-id=\"a2d1886\" data-element_type=\"column\" data-e-type=\"column\">\n\t\t\t<div class=\"elementor-widget-wrap elementor-element-populated\">\n\t\t\t\t\t\t<div class=\"elementor-element elementor-element-3c7423f elementor-widget elementor-widget-ucaddon_top5_games\" data-id=\"3c7423f\" data-element_type=\"widget\" data-e-type=\"widget\" data-widget_type=\"ucaddon_top5_games.default\">\n\t\t\t\t<div class=\"elementor-widget-container\">\n\t\t\t\t\t\n<!-- start Top5 games -->\n\n<div class=\"top5_box\">\n  <div class=\"top5_box_img\"><a class=\"top5_img\" href=\"\/pl\/sizzling-hot-deluxe\/\"><img decoding=\"async\" src=\"https:\/\/www.play-book-slots.com\/wp-content\/uploads\/2023\/11\/sizzling-hot-deluxe-za-darmo-logo.webp\" alt=\"sizzling hot za darmo, logo\" ><\/a><\/div>\n  <div class=\"top5_box_txt\">\n    <h3>Sizzling Hot <\/h3>\n  \t<a class=\"play_btn\" href=\"\/pl\/sizzling-hot-deluxe\/\">Gra\u0107<\/a>\n  <\/div>\n<\/div>\n<!-- end Top5 games -->\t\t\t\t<\/div>\n\t\t\t\t<\/div>\n\t\t\t\t\t<\/div>\n\t\t<\/div>\n\t\t\t\t<div class=\"elementor-column elementor-col-20 elementor-inner-column elementor-element elementor-element-1773131\" data-id=\"1773131\" data-element_type=\"column\" data-e-type=\"column\">\n\t\t\t<div class=\"elementor-widget-wrap elementor-element-populated\">\n\t\t\t\t\t\t<div class=\"elementor-element elementor-element-1803a06 elementor-widget elementor-widget-ucaddon_top5_games\" data-id=\"1803a06\" data-element_type=\"widget\" data-e-type=\"widget\" data-widget_type=\"ucaddon_top5_games.default\">\n\t\t\t\t<div class=\"elementor-widget-container\">\n\t\t\t\t\t\n<!-- start Top5 games -->\n\n<div class=\"top5_box\">\n  <div class=\"top5_box_img\"><a class=\"top5_img\" href=\"\/pl\/\"><img decoding=\"async\" src=\"https:\/\/www.play-book-slots.com\/wp-content\/uploads\/2023\/11\/book-of-ra-deluxe-za-darmo-.webp\" alt=\"book of ra za darmo, logo\" ><\/a><\/div>\n  <div class=\"top5_box_txt\">\n    <h3>Book of Ra  Deluxe<\/h3>\n  \t<a class=\"play_btn\" href=\"\/pl\/\">Gra\u0107<\/a>\n  <\/div>\n<\/div>\n<!-- end Top5 games -->\t\t\t\t<\/div>\n\t\t\t\t<\/div>\n\t\t\t\t\t<\/div>\n\t\t<\/div>\n\t\t\t\t<div class=\"elementor-column elementor-col-20 elementor-inner-column elementor-element elementor-element-7a2800e\" data-id=\"7a2800e\" data-element_type=\"column\" data-e-type=\"column\">\n\t\t\t<div class=\"elementor-widget-wrap elementor-element-populated\">\n\t\t\t\t\t\t<div class=\"elementor-element elementor-element-c1cb414 elementor-widget elementor-widget-ucaddon_top5_games\" data-id=\"c1cb414\" data-element_type=\"widget\" data-e-type=\"widget\" data-widget_type=\"ucaddon_top5_games.default\">\n\t\t\t\t<div class=\"elementor-widget-container\">\n\t\t\t\t\t\n<!-- start Top5 games -->\n\n<div class=\"top5_box\">\n  <div class=\"top5_box_img\"><a class=\"top5_img\" href=\"\/pl\/book-of-ra-6\/\"><img decoding=\"async\" src=\"https:\/\/www.play-book-slots.com\/wp-content\/uploads\/2023\/11\/book-of-ra-deluxe-6-za-darmo-logo.webp\" alt=\"book of ra 6 za darmo\" ><\/a><\/div>\n  <div class=\"top5_box_txt\">\n    <h3>Book of Ra 6<\/h3>\n  \t<a class=\"play_btn\" href=\"\/pl\/book-of-ra-6\/\">Gra\u0107<\/a>\n  <\/div>\n<\/div>\n<!-- end Top5 games -->\t\t\t\t<\/div>\n\t\t\t\t<\/div>\n\t\t\t\t\t<\/div>\n\t\t<\/div>\n\t\t\t\t<div class=\"elementor-column elementor-col-20 elementor-inner-column elementor-element elementor-element-78e6cb8\" data-id=\"78e6cb8\" data-element_type=\"column\" data-e-type=\"column\">\n\t\t\t<div class=\"elementor-widget-wrap elementor-element-populated\">\n\t\t\t\t\t\t<div class=\"elementor-element elementor-element-938c5a5 elementor-widget elementor-widget-ucaddon_top5_games\" data-id=\"938c5a5\" data-element_type=\"widget\" data-e-type=\"widget\" data-widget_type=\"ucaddon_top5_games.default\">\n\t\t\t\t<div class=\"elementor-widget-container\">\n\t\t\t\t\t\n<!-- start Top5 games -->\n\n<div class=\"top5_box\">\n  <div class=\"top5_box_img\"><a class=\"top5_img\" href=\"\/pl\/book-of-ra-classic\/\"><img decoding=\"async\" src=\"https:\/\/www.play-book-slots.com\/wp-content\/uploads\/2023\/11\/book-of-ra-classic-za-darmo-logo.webp\" alt=\"book of ra classic, za darmo\" ><\/a><\/div>\n  <div class=\"top5_box_txt\">\n    <h3>Book of Ra Classic<\/h3>\n  \t<a class=\"play_btn\" href=\"\/pl\/book-of-ra-classic\/\">Gra\u0107<\/a>\n  <\/div>\n<\/div>\n<!-- end Top5 games -->\t\t\t\t<\/div>\n\t\t\t\t<\/div>\n\t\t\t\t\t<\/div>\n\t\t<\/div>\n\t\t\t\t<div class=\"elementor-column elementor-col-20 elementor-inner-column elementor-element elementor-element-cf0c244\" data-id=\"cf0c244\" data-element_type=\"column\" data-e-type=\"column\">\n\t\t\t<div class=\"elementor-widget-wrap\">\n\t\t\t\t\t\t\t<\/div>\n\t\t<\/div>\n\t\t\t\t\t<\/div>\n\t\t<\/section>\n\t\t\t\t\t<\/div>\n\t\t<\/div>\n\t\t\t\t\t<\/div>\n\t\t<\/section>\n\t\t\t\t<section class=\"elementor-section elementor-top-section elementor-element elementor-element-e8ad436 elementor-section-boxed elementor-section-height-default elementor-section-height-default\" data-id=\"e8ad436\" data-element_type=\"section\" data-e-type=\"section\">\n\t\t\t\t\t\t<div class=\"elementor-container elementor-column-gap-default\">\n\t\t\t\t\t<div class=\"elementor-column elementor-col-100 elementor-top-column elementor-element elementor-element-4b68a57\" data-id=\"4b68a57\" data-element_type=\"column\" data-e-type=\"column\">\n\t\t\t<div class=\"elementor-widget-wrap elementor-element-populated\">\n\t\t\t\t\t\t<div class=\"elementor-element elementor-element-7e11c68 elementor-align-center elementor-widget__width-inherit fullwidth elementor-widget elementor-widget-button\" data-id=\"7e11c68\" data-element_type=\"widget\" data-e-type=\"widget\" data-widget_type=\"button.default\">\n\t\t\t\t<div class=\"elementor-widget-container\">\n\t\t\t\t\t\t\t\t\t<div class=\"elementor-button-wrapper\">\n\t\t\t\t\t<a class=\"elementor-button elementor-button-link elementor-size-lg\" href=\"\/pl\/gry-hazardowe-za-darmo\/\">\n\t\t\t\t\t\t<span class=\"elementor-button-content-wrapper\">\n\t\t\t\t\t\t\t\t\t<span class=\"elementor-button-text\">Wszystkie gry hazardowe za darmo<\/span>\n\t\t\t\t\t<\/span>\n\t\t\t\t\t<\/a>\n\t\t\t\t<\/div>\n\t\t\t\t\t\t\t\t<\/div>\n\t\t\t\t<\/div>\n\t\t\t\t\t<\/div>\n\t\t<\/div>\n\t\t\t\t\t<\/div>\n\t\t<\/section>\n\t\t\t\t<\/div>\n\t\t","protected":false},"excerpt":{"rendered":"<p>Impressum NAZWA FIRMY: INES&amp;ANDROSplit, Chorwacja W\u0142a\u015bciciel: Andrija Gusic Telefon: 385958121595Email: info@play-book-slots.com Numer VAT: HR67920038499 Numer rejestracyjny firmy: 97842265 Redakcja i za\u0142o\u017cyciel:gusicandrija2810@gmail.com Platforma Komisji Europejskiej do internetowego rozstrzygania spor\u00f3w:https:\/\/ec.europa.eu\/odr Nie jeste\u015bmy zobowi\u0105zani ani nie chcemy bra\u0107 udzia\u0142u w procedurze rozstrzygania spor\u00f3w przed konsumenck\u0105 komisj\u0105 arbitra\u017cow\u0105. Skontaktuj si\u0119 z nami Je\u015bli masz jakiekolwiek pytania, skontaktuj si\u0119 z [&hellip;]<\/p>\n","protected":false},"author":1,"featured_media":0,"parent":0,"menu_order":0,"comment_status":"closed","ping_status":"open","template":"elementor_header_footer","meta":{"footnotes":""},"class_list":["post-2677","page","type-page","status-publish","hentry"],"_links":{"self":[{"href":"https:\/\/www.play-book-slots.com\/pl\/wp-json\/wp\/v2\/pages\/2677","targetHints":{"allow":["GET"]}}],"collection":[{"href":"https:\/\/www.play-book-slots.com\/pl\/wp-json\/wp\/v2\/pages"}],"about":[{"href":"https:\/\/www.play-book-slots.com\/pl\/wp-json\/wp\/v2\/types\/page"}],"author":[{"embeddable":true,"href":"https:\/\/www.play-book-slots.com\/pl\/wp-json\/wp\/v2\/users\/1"}],"replies":[{"embeddable":true,"href":"https:\/\/www.play-book-slots.com\/pl\/wp-json\/wp\/v2\/comments?post=2677"}],"version-history":[{"count":32,"href":"https:\/\/www.play-book-slots.com\/pl\/wp-json\/wp\/v2\/pages\/2677\/revisions"}],"predecessor-version":[{"id":60896,"href":"https:\/\/www.play-book-slots.com\/pl\/wp-json\/wp\/v2\/pages\/2677\/revisions\/60896"}],"wp:attachment":[{"href":"https:\/\/www.play-book-slots.com\/pl\/wp-json\/wp\/v2\/media?parent=2677"}],"curies":[{"name":"wp","href":"https:\/\/api.w.org\/{rel}","templated":true}]}}