{"id":2682,"date":"2023-06-09T16:08:54","date_gmt":"2023-06-09T16:08:54","guid":{"rendered":"https:\/\/play-book-slots.com\/contact\/"},"modified":"2024-07-02T15:58:52","modified_gmt":"2024-07-02T15:58:52","slug":"contact","status":"publish","type":"page","link":"https:\/\/www.play-book-slots.com\/tr\/contact\/","title":{"rendered":"Bi\u0307ze ula\u015fin &amp; K\u00fcnye"},"content":{"rendered":"\t\t<div data-elementor-type=\"wp-page\" data-elementor-id=\"2682\" class=\"elementor elementor-2682 elementor-130\" data-elementor-post-type=\"page\">\n\t\t\t\t\t\t<section class=\"elementor-section elementor-top-section elementor-element elementor-element-bbbca56 elementor-section-boxed elementor-section-height-default elementor-section-height-default\" data-id=\"bbbca56\" data-element_type=\"section\" data-e-type=\"section\">\n\t\t\t\t\t\t<div class=\"elementor-container elementor-column-gap-default\">\n\t\t\t\t\t<div class=\"elementor-column elementor-col-100 elementor-top-column elementor-element elementor-element-6f9fd0d\" data-id=\"6f9fd0d\" data-element_type=\"column\" data-e-type=\"column\">\n\t\t\t<div class=\"elementor-widget-wrap elementor-element-populated\">\n\t\t\t\t\t\t<section class=\"elementor-section elementor-inner-section elementor-element elementor-element-62e3baf elementor-section-boxed elementor-section-height-default elementor-section-height-default\" data-id=\"62e3baf\" data-element_type=\"section\" data-e-type=\"section\">\n\t\t\t\t\t\t<div class=\"elementor-container elementor-column-gap-default\">\n\t\t\t\t\t<div class=\"elementor-column elementor-col-100 elementor-inner-column elementor-element elementor-element-c16587e\" data-id=\"c16587e\" data-element_type=\"column\" data-e-type=\"column\">\n\t\t\t<div class=\"elementor-widget-wrap elementor-element-populated\">\n\t\t\t\t\t\t<div class=\"elementor-element elementor-element-4062f52 elementor-widget elementor-widget-text-editor\" data-id=\"4062f52\" data-element_type=\"widget\" data-e-type=\"widget\" data-widget_type=\"text-editor.default\">\n\t\t\t\t<div class=\"elementor-widget-container\">\n\t\t\t\t\t\t\t\t\t<h1>K\u00fcnye<\/h1><p><strong>\u015e\u0130RKET ADI:<\/strong> INES&amp;ANDRO<br \/>Split, H\u0131rvatistan<\/p><p><strong>Sahibi:<\/strong> Andrija Gusic<\/p><p><strong>Telefon:<\/strong> 385958121595<br \/><strong>Email:<\/strong> info@play-book-slots.com<\/p><p><strong>Vergi numaras\u0131:<\/strong> HR67920038499<\/p><p><strong>\u015eirket sicil numaras\u0131:<\/strong> 97842265<\/p><p><strong>Redakt\u00f6r &amp; Kurucu:<\/strong><br \/>gusicandrija2810@gmail.com<\/p><p>AB Komisyonu \u00e7evrimi\u00e7i anla\u015fmazl\u0131k \u00e7\u00f6z\u00fcm\u00fc platformu: https:\/\/ec.europa.eu\/odr<\/p><p>T\u00fcketici hakem heyeti huzurunda herhangi bir uyu\u015fmazl\u0131k \u00e7\u00f6z\u00fcm s\u00fcrecine kat\u0131lmakla y\u00fck\u00fcml\u00fc veya niyetli de\u011filiz.<\/p>\t\t\t\t\t\t\t\t<\/div>\n\t\t\t\t<\/div>\n\t\t\t\t\t<\/div>\n\t\t<\/div>\n\t\t\t\t\t<\/div>\n\t\t<\/section>\n\t\t\t\t<div class=\"elementor-element elementor-element-e301ecb elementor-widget elementor-widget-text-editor\" data-id=\"e301ecb\" data-element_type=\"widget\" data-e-type=\"widget\" data-widget_type=\"text-editor.default\">\n\t\t\t\t<div class=\"elementor-widget-container\">\n\t\t\t\t\t\t\t\t\t<h2>Bi\u0307\u0307ze ula\u015f\u0130n<\/h2>\nHerhangi bir sorunuz olursa ileti\u015fim formundan veya info@play-book-slots.com e-posta adresinden bizimle ileti\u015fime ge\u00e7in. Sorular\u0131n\u0131z\u0131 en k\u0131sa s\u00fcrede yan\u0131tlayaca\u011f\u0131z\n<p style=\"font-style: italic;\">Play-book-slots.com ekibi!<\/p>\t\t\t\t\t\t\t\t<\/div>\n\t\t\t\t<\/div>\n\t\t\t\t<div class=\"elementor-element elementor-element-6626584 elementor-widget elementor-widget-shortcode\" data-id=\"6626584\" data-element_type=\"widget\" data-e-type=\"widget\" data-widget_type=\"shortcode.default\">\n\t\t\t\t<div class=\"elementor-widget-container\">\n\t\t\t\t\t\t\t<div class=\"elementor-shortcode\">\n<div class=\"wpcf7 no-js\" id=\"wpcf7-f3258-o1\" lang=\"en-US\" dir=\"ltr\" data-wpcf7-id=\"3258\">\n<div class=\"screen-reader-response\"><p role=\"status\" aria-live=\"polite\" aria-atomic=\"true\"><\/p> <ul><\/ul><\/div>\n<form action=\"\/tr\/wp-json\/wp\/v2\/pages\/2682#wpcf7-f3258-o1\" method=\"post\" class=\"wpcf7-form init\" aria-label=\"Contact form\" novalidate=\"novalidate\" data-status=\"init\">\n<fieldset class=\"hidden-fields-container\"><input type=\"hidden\" name=\"_wpcf7\" value=\"3258\" \/><input type=\"hidden\" name=\"_wpcf7_version\" value=\"6.1.5\" \/><input type=\"hidden\" name=\"_wpcf7_locale\" value=\"en_US\" \/><input type=\"hidden\" name=\"_wpcf7_unit_tag\" value=\"wpcf7-f3258-o1\" \/><input type=\"hidden\" name=\"_wpcf7_container_post\" value=\"0\" \/><input type=\"hidden\" name=\"_wpcf7_posted_data_hash\" value=\"\" \/><input type=\"hidden\" name=\"_wpcf7_recaptcha_response\" value=\"\" \/>\n<\/fieldset>\n<div class=\"forma\">\n\t<div class=\"forma_w50\">\n\t\t<p><label> Your name <\/label><span class=\"wpcf7-form-control-wrap\" data-name=\"your-name\"><input size=\"40\" maxlength=\"400\" class=\"wpcf7-form-control wpcf7-text wpcf7-validates-as-required\" autocomplete=\"name\" aria-required=\"true\" aria-invalid=\"false\" value=\"\" type=\"text\" name=\"your-name\" \/><\/span>\n\t\t<\/p>\n\t<\/div>\n\t<div class=\"forma_w50\">\n\t\t<p><label> Email <\/label><span class=\"wpcf7-form-control-wrap\" data-name=\"your-email\"><input size=\"40\" maxlength=\"400\" class=\"wpcf7-form-control wpcf7-email wpcf7-validates-as-required wpcf7-text wpcf7-validates-as-email\" autocomplete=\"email\" aria-required=\"true\" aria-invalid=\"false\" value=\"\" type=\"email\" name=\"your-email\" \/><\/span>\n\t\t<\/p>\n\t<\/div>\n\t<div class=\"forma_w100\">\n\t\t<p><label> Your message (optional) <\/label><span class=\"wpcf7-form-control-wrap\" data-name=\"your-message\"><textarea cols=\"40\" rows=\"10\" maxlength=\"2000\" class=\"wpcf7-form-control wpcf7-textarea\" aria-invalid=\"false\" name=\"your-message\"><\/textarea><\/span>\n\t\t<\/p>\n\t<\/div>\n\t<div class=\"forma_w100\">\n\t\t<p><input class=\"wpcf7-form-control wpcf7-submit has-spinner\" type=\"submit\" value=\"SEND MESSAGE\" \/>\n\t\t<\/p>\n\t<\/div>\n<\/div><div class=\"wpcf7-response-output\" aria-hidden=\"true\"><\/div>\n<\/form>\n<\/div>\n<\/div>\n\t\t\t\t\t\t<\/div>\n\t\t\t\t<\/div>\n\t\t\t\t\t<\/div>\n\t\t<\/div>\n\t\t\t\t\t<\/div>\n\t\t<\/section>\n\t\t\t\t<section class=\"elementor-section elementor-top-section elementor-element elementor-element-8bb1c2e elementor-section-boxed elementor-section-height-default elementor-section-height-default\" data-id=\"8bb1c2e\" data-element_type=\"section\" data-e-type=\"section\">\n\t\t\t\t\t\t<div class=\"elementor-container elementor-column-gap-default\">\n\t\t\t\t\t<div class=\"elementor-column elementor-col-100 elementor-top-column elementor-element elementor-element-2f54e88\" data-id=\"2f54e88\" data-element_type=\"column\" data-e-type=\"column\">\n\t\t\t<div class=\"elementor-widget-wrap elementor-element-populated\">\n\t\t\t\t\t\t<div class=\"elementor-element elementor-element-5fdafbf elementor-widget elementor-widget-text-editor\" data-id=\"5fdafbf\" data-element_type=\"widget\" data-e-type=\"widget\" data-widget_type=\"text-editor.default\">\n\t\t\t\t<div class=\"elementor-widget-container\">\n\t\t\t\t\t\t\t\t\t<h2>Sorumluluk Reddi<\/h2><p>Play-book-slots.com herhangi bir \u00e7evrimi\u00e7i oyun platformunu y\u00f6netmez ve ger\u00e7ek parayla yap\u0131lan bahis faaliyetlerinde bulunmaz. G\u00f6revimiz, yaln\u0131zca \u00e7evrimi\u00e7i casino oyunlar\u0131 ve bahis ile ilgili e\u011fitsel i\u00e7erik ve y\u00f6nergeler sunmakt\u0131r. Farkl\u0131 b\u00f6lgelerdeki kumar yasalar\u0131nda s\u0131k s\u0131k yap\u0131lan de\u011fi\u015fiklikler dikkate al\u0131nd\u0131\u011f\u0131nda, \u00e7evrimi\u00e7i bahislere ba\u015flamadan \u00f6nce kendi b\u00f6lgenizdeki veya \u00fclkenizdeki kumar d\u00fczenlemeleri hakk\u0131nda bilgi sahibi olman\u0131z\u0131 tavsiye ederiz. Bulundu\u011funuz yerde ger\u00e7ek parayla oynanan \u00e7evrimi\u00e7i casino oyunlar\u0131 yasal olmal\u0131d\u0131r ve kumar oynama ya\u015f\u0131 gerekliliklerini kar\u015f\u0131laman\u0131z gerekir.<\/p><p>Ger\u00e7ek parayla \u00e7evrimi\u00e7i kumar oynamay\u0131 se\u00e7erseniz, t\u00fcm yasal sorumluluk size aittir. Play-book-slots.com adresinden ba\u011flant\u0131 verilmi\u015f olsa dahi harici internet sitelerindeki promosyonlardan ve aktivitelerden sorumlu de\u011filiz.<\/p>\t\t\t\t\t\t\t\t<\/div>\n\t\t\t\t<\/div>\n\t\t\t\t\t<\/div>\n\t\t<\/div>\n\t\t\t\t\t<\/div>\n\t\t<\/section>\n\t\t\t\t<section class=\"elementor-section elementor-top-section elementor-element elementor-element-001e81d elementor-section-boxed elementor-section-height-default elementor-section-height-default\" data-id=\"001e81d\" data-element_type=\"section\" data-e-type=\"section\">\n\t\t\t\t\t\t<div class=\"elementor-container elementor-column-gap-default\">\n\t\t\t\t\t<div class=\"elementor-column elementor-col-100 elementor-top-column elementor-element elementor-element-8c474e4\" data-id=\"8c474e4\" data-element_type=\"column\" data-e-type=\"column\">\n\t\t\t<div class=\"elementor-widget-wrap elementor-element-populated\">\n\t\t\t\t\t\t<div class=\"elementor-element elementor-element-6b17ebc elementor-widget-divider--view-line elementor-widget elementor-widget-divider\" data-id=\"6b17ebc\" data-element_type=\"widget\" data-e-type=\"widget\" data-widget_type=\"divider.default\">\n\t\t\t\t<div class=\"elementor-widget-container\">\n\t\t\t\t\t\t\t<div class=\"elementor-divider\">\n\t\t\t<span class=\"elementor-divider-separator\">\n\t\t\t\t\t\t<\/span>\n\t\t<\/div>\n\t\t\t\t\t\t<\/div>\n\t\t\t\t<\/div>\n\t\t\t\t\t<\/div>\n\t\t<\/div>\n\t\t\t\t\t<\/div>\n\t\t<\/section>\n\t\t\t\t<section class=\"elementor-section elementor-top-section elementor-element elementor-element-e7bf788 elementor-section-boxed elementor-section-height-default elementor-section-height-default\" data-id=\"e7bf788\" data-element_type=\"section\" data-e-type=\"section\">\n\t\t\t\t\t\t<div class=\"elementor-container elementor-column-gap-default\">\n\t\t\t\t\t<div class=\"elementor-column elementor-col-100 elementor-top-column elementor-element elementor-element-38ad30e\" data-id=\"38ad30e\" data-element_type=\"column\" data-e-type=\"column\">\n\t\t\t<div class=\"elementor-widget-wrap elementor-element-populated\">\n\t\t\t\t\t\t<div class=\"elementor-element elementor-element-1335115 elementor-widget elementor-widget-heading\" data-id=\"1335115\" data-element_type=\"widget\" data-e-type=\"widget\" data-widget_type=\"heading.default\">\n\t\t\t\t<div class=\"elementor-widget-container\">\n\t\t\t\t\t<h2 class=\"elementor-heading-title elementor-size-default\">Casino slot oyunlar\u0131<\/h2>\t\t\t\t<\/div>\n\t\t\t\t<\/div>\n\t\t\t\t\t<\/div>\n\t\t<\/div>\n\t\t\t\t\t<\/div>\n\t\t<\/section>\n\t\t\t\t<section class=\"elementor-section elementor-top-section elementor-element elementor-element-402e11a elementor-section-boxed elementor-section-height-default elementor-section-height-default\" data-id=\"402e11a\" data-element_type=\"section\" data-e-type=\"section\">\n\t\t\t\t\t\t<div class=\"elementor-container elementor-column-gap-default\">\n\t\t\t\t\t<div class=\"elementor-column elementor-col-100 elementor-top-column elementor-element elementor-element-cc15061\" data-id=\"cc15061\" data-element_type=\"column\" data-e-type=\"column\">\n\t\t\t<div class=\"elementor-widget-wrap elementor-element-populated\">\n\t\t\t\t\t\t<section class=\"elementor-section elementor-inner-section elementor-element elementor-element-2a3260e elementor-section-boxed elementor-section-height-default elementor-section-height-default\" data-id=\"2a3260e\" data-element_type=\"section\" data-e-type=\"section\">\n\t\t\t\t\t\t<div class=\"elementor-container elementor-column-gap-default\">\n\t\t\t\t\t<div class=\"elementor-column elementor-col-50 elementor-inner-column elementor-element elementor-element-0b79cfb\" data-id=\"0b79cfb\" data-element_type=\"column\" data-e-type=\"column\">\n\t\t\t<div class=\"elementor-widget-wrap elementor-element-populated\">\n\t\t\t\t\t\t<section class=\"elementor-section elementor-inner-section elementor-element elementor-element-7fe48cb elementor-section-content-middle versions elementor-section-boxed elementor-section-height-default elementor-section-height-default\" data-id=\"7fe48cb\" data-element_type=\"section\" data-e-type=\"section\" data-settings=\"{&quot;background_background&quot;:&quot;classic&quot;}\">\n\t\t\t\t\t\t<div class=\"elementor-container elementor-column-gap-default\">\n\t\t\t\t\t<div class=\"elementor-column elementor-col-25 elementor-inner-column elementor-element elementor-element-d2e9194\" data-id=\"d2e9194\" data-element_type=\"column\" data-e-type=\"column\">\n\t\t\t<div class=\"elementor-widget-wrap elementor-element-populated\">\n\t\t\t\t\t\t<div class=\"elementor-element elementor-element-49ff63c elementor-widget elementor-widget-image\" data-id=\"49ff63c\" data-element_type=\"widget\" data-e-type=\"widget\" data-widget_type=\"image.default\">\n\t\t\t\t<div class=\"elementor-widget-container\">\n\t\t\t\t\t\t\t\t\t\t\t\t\t\t\t<img fetchpriority=\"high\" decoding=\"async\" width=\"300\" height=\"200\" src=\"https:\/\/www.play-book-slots.com\/wp-content\/uploads\/2024\/02\/book-of-ra-oyna-logo.webp\" class=\"attachment-large size-large wp-image-48300\" alt=\"\" \/>\t\t\t\t\t\t\t\t\t\t\t\t\t\t\t<\/div>\n\t\t\t\t<\/div>\n\t\t\t\t\t<\/div>\n\t\t<\/div>\n\t\t\t\t<div class=\"elementor-column elementor-col-25 elementor-inner-column elementor-element elementor-element-e8231ce\" data-id=\"e8231ce\" data-element_type=\"column\" data-e-type=\"column\">\n\t\t\t<div class=\"elementor-widget-wrap elementor-element-populated\">\n\t\t\t\t\t\t<div class=\"elementor-element elementor-element-5872f9f elementor-widget elementor-widget-heading\" data-id=\"5872f9f\" data-element_type=\"widget\" data-e-type=\"widget\" data-widget_type=\"heading.default\">\n\t\t\t\t<div class=\"elementor-widget-container\">\n\t\t\t\t\t<span class=\"elementor-heading-title elementor-size-default\"><a href=\"\/tr\/\">Book of Ra Oyna<\/a><\/span>\t\t\t\t<\/div>\n\t\t\t\t<\/div>\n\t\t\t\t\t<\/div>\n\t\t<\/div>\n\t\t\t\t<div class=\"elementor-column elementor-col-25 elementor-inner-column elementor-element elementor-element-3d43951\" data-id=\"3d43951\" data-element_type=\"column\" data-e-type=\"column\">\n\t\t\t<div class=\"elementor-widget-wrap elementor-element-populated\">\n\t\t\t\t\t\t<div class=\"elementor-element elementor-element-c79acd4 elementor-widget-tablet__width-initial elementor-widget elementor-widget-text-editor\" data-id=\"c79acd4\" data-element_type=\"widget\" data-e-type=\"widget\" data-widget_type=\"text-editor.default\">\n\t\t\t\t<div class=\"elementor-widget-container\">\n\t\t\t\t\t\t\t\t\t<p><strong>4.9<br \/><\/strong>pts<\/p>\t\t\t\t\t\t\t\t<\/div>\n\t\t\t\t<\/div>\n\t\t\t\t\t<\/div>\n\t\t<\/div>\n\t\t\t\t<div class=\"elementor-column elementor-col-25 elementor-inner-column elementor-element elementor-element-6a67072\" data-id=\"6a67072\" data-element_type=\"column\" data-e-type=\"column\">\n\t\t\t<div class=\"elementor-widget-wrap\">\n\t\t\t\t\t\t\t<\/div>\n\t\t<\/div>\n\t\t\t\t\t<\/div>\n\t\t<\/section>\n\t\t\t\t\t<\/div>\n\t\t<\/div>\n\t\t\t\t<div class=\"elementor-column elementor-col-50 elementor-inner-column elementor-element elementor-element-ee24713\" data-id=\"ee24713\" data-element_type=\"column\" data-e-type=\"column\">\n\t\t\t<div class=\"elementor-widget-wrap elementor-element-populated\">\n\t\t\t\t\t\t<section class=\"elementor-section elementor-inner-section elementor-element elementor-element-0618a7e elementor-section-content-middle versions elementor-section-boxed elementor-section-height-default elementor-section-height-default\" data-id=\"0618a7e\" data-element_type=\"section\" data-e-type=\"section\" data-settings=\"{&quot;background_background&quot;:&quot;classic&quot;}\">\n\t\t\t\t\t\t<div class=\"elementor-container elementor-column-gap-default\">\n\t\t\t\t\t<div class=\"elementor-column elementor-col-25 elementor-inner-column elementor-element elementor-element-7a28e52\" data-id=\"7a28e52\" data-element_type=\"column\" data-e-type=\"column\">\n\t\t\t<div class=\"elementor-widget-wrap elementor-element-populated\">\n\t\t\t\t\t\t<div class=\"elementor-element elementor-element-af7557a elementor-widget elementor-widget-image\" data-id=\"af7557a\" data-element_type=\"widget\" data-e-type=\"widget\" data-widget_type=\"image.default\">\n\t\t\t\t<div class=\"elementor-widget-container\">\n\t\t\t\t\t\t\t\t\t\t\t\t\t\t\t<img decoding=\"async\" width=\"300\" height=\"200\" src=\"https:\/\/www.play-book-slots.com\/wp-content\/uploads\/2024\/02\/book-of-ra-6-oyna-logo.webp\" class=\"attachment-large size-large wp-image-48289\" alt=\"book of ra 6 oyna\" \/>\t\t\t\t\t\t\t\t\t\t\t\t\t\t\t<\/div>\n\t\t\t\t<\/div>\n\t\t\t\t\t<\/div>\n\t\t<\/div>\n\t\t\t\t<div class=\"elementor-column elementor-col-25 elementor-inner-column elementor-element elementor-element-1927df9\" data-id=\"1927df9\" data-element_type=\"column\" data-e-type=\"column\">\n\t\t\t<div class=\"elementor-widget-wrap elementor-element-populated\">\n\t\t\t\t\t\t<div class=\"elementor-element elementor-element-952f004 elementor-widget elementor-widget-heading\" data-id=\"952f004\" data-element_type=\"widget\" data-e-type=\"widget\" data-widget_type=\"heading.default\">\n\t\t\t\t<div class=\"elementor-widget-container\">\n\t\t\t\t\t<span class=\"elementor-heading-title elementor-size-default\"><a href=\"\/tr\/book-of-ra-6\/\">Book of Ra 6 Oyna<\/a><\/span>\t\t\t\t<\/div>\n\t\t\t\t<\/div>\n\t\t\t\t\t<\/div>\n\t\t<\/div>\n\t\t\t\t<div class=\"elementor-column elementor-col-25 elementor-inner-column elementor-element elementor-element-f29092f\" data-id=\"f29092f\" data-element_type=\"column\" data-e-type=\"column\">\n\t\t\t<div class=\"elementor-widget-wrap elementor-element-populated\">\n\t\t\t\t\t\t<div class=\"elementor-element elementor-element-d91abd7 elementor-widget-tablet__width-initial elementor-widget elementor-widget-text-editor\" data-id=\"d91abd7\" data-element_type=\"widget\" data-e-type=\"widget\" data-widget_type=\"text-editor.default\">\n\t\t\t\t<div class=\"elementor-widget-container\">\n\t\t\t\t\t\t\t\t\t<p><strong>4.6<br \/><\/strong>pts<\/p>\t\t\t\t\t\t\t\t<\/div>\n\t\t\t\t<\/div>\n\t\t\t\t\t<\/div>\n\t\t<\/div>\n\t\t\t\t<div class=\"elementor-column elementor-col-25 elementor-inner-column elementor-element elementor-element-321fa63\" data-id=\"321fa63\" data-element_type=\"column\" data-e-type=\"column\">\n\t\t\t<div class=\"elementor-widget-wrap\">\n\t\t\t\t\t\t\t<\/div>\n\t\t<\/div>\n\t\t\t\t\t<\/div>\n\t\t<\/section>\n\t\t\t\t\t<\/div>\n\t\t<\/div>\n\t\t\t\t\t<\/div>\n\t\t<\/section>\n\t\t\t\t\t<\/div>\n\t\t<\/div>\n\t\t\t\t\t<\/div>\n\t\t<\/section>\n\t\t\t\t<\/div>\n\t\t","protected":false},"excerpt":{"rendered":"<p>K\u00fcnye \u015e\u0130RKET ADI: INES&amp;ANDROSplit, H\u0131rvatistan Sahibi: Andrija Gusic Telefon: 385958121595Email: info@play-book-slots.com Vergi numaras\u0131: HR67920038499 \u015eirket sicil numaras\u0131: 97842265 Redakt\u00f6r &amp; Kurucu:gusicandrija2810@gmail.com AB Komisyonu \u00e7evrimi\u00e7i anla\u015fmazl\u0131k \u00e7\u00f6z\u00fcm\u00fc platformu: https:\/\/ec.europa.eu\/odr T\u00fcketici hakem heyeti huzurunda herhangi bir uyu\u015fmazl\u0131k \u00e7\u00f6z\u00fcm s\u00fcrecine kat\u0131lmakla y\u00fck\u00fcml\u00fc veya niyetli de\u011filiz. Bi\u0307\u0307ze ula\u015f\u0130n Herhangi bir sorunuz olursa ileti\u015fim formundan veya info@play-book-slots.com e-posta adresinden bizimle [&hellip;]<\/p>\n","protected":false},"author":1,"featured_media":0,"parent":0,"menu_order":0,"comment_status":"closed","ping_status":"open","template":"elementor_header_footer","meta":{"footnotes":""},"class_list":["post-2682","page","type-page","status-publish","hentry"],"_links":{"self":[{"href":"https:\/\/www.play-book-slots.com\/tr\/wp-json\/wp\/v2\/pages\/2682","targetHints":{"allow":["GET"]}}],"collection":[{"href":"https:\/\/www.play-book-slots.com\/tr\/wp-json\/wp\/v2\/pages"}],"about":[{"href":"https:\/\/www.play-book-slots.com\/tr\/wp-json\/wp\/v2\/types\/page"}],"author":[{"embeddable":true,"href":"https:\/\/www.play-book-slots.com\/tr\/wp-json\/wp\/v2\/users\/1"}],"replies":[{"embeddable":true,"href":"https:\/\/www.play-book-slots.com\/tr\/wp-json\/wp\/v2\/comments?post=2682"}],"version-history":[{"count":29,"href":"https:\/\/www.play-book-slots.com\/tr\/wp-json\/wp\/v2\/pages\/2682\/revisions"}],"predecessor-version":[{"id":55932,"href":"https:\/\/www.play-book-slots.com\/tr\/wp-json\/wp\/v2\/pages\/2682\/revisions\/55932"}],"wp:attachment":[{"href":"https:\/\/www.play-book-slots.com\/tr\/wp-json\/wp\/v2\/media?parent=2682"}],"curies":[{"name":"wp","href":"https:\/\/api.w.org\/{rel}","templated":true}]}}